{"id":2398,"date":"2017-05-04T13:24:25","date_gmt":"2017-05-04T13:24:25","guid":{"rendered":"http:\/\/corsi.unica.it\/biotecnologieindustriali\/?page_id=2398"},"modified":"2017-05-10T11:00:44","modified_gmt":"2017-05-10T11:00:44","slug":"informazioni-sul-corso","status":"publish","type":"page","link":"https:\/\/corsi.unica.it\/biotecnologieindustriali\/informazioni-sul-corso\/","title":{"rendered":"Informazioni sul Corso"},"content":{"rendered":"<div id=\"testoPrincipale\">\n<div id=\"titoloSezione\">\n<h3 class=\"fg_BIOTIN\">Prerequisiti<\/h3>\n<\/div>\n<div id=\"testoPrincipale\">\n<p>Gli studenti, per poter seguire utilmente le lezioni fino dall&#8217;inizio, devono possedere o acquisire un corredo minimo di conoscenze matematiche, fisiche, chimiche e biologiche, come descritto di seguito:<\/p>\n<p>&nbsp;<\/p>\n<p><strong>Matematica<\/strong><br \/>\nOperazioni aritmetiche elementari tra numeri. Conversione di una frazione in numero decimale e viceversa. Distinzione fra insiemi numerici: naturali, interi, razionali e reali. Propriet\u00e0 formali delle operazioni: commutativa, associativa e distributiva. Espressioni contenenti potenze. Definizione di logaritmo di un numero in una base generica. Riconoscere il grado dei polinomi anche in pi\u00f9 variabili. Operazioni algebriche fondamentali sui polinomi e le potenze di un binomio. Espressioni razionali fratte anche in pi\u00f9 variabili. Equazioni e disequazioni in una incognita di 1\u00b0 e 2\u00b0 grado. Propriet\u00e0 geometriche elementari delle principali figure piane; calcolare la lunghezza di una circonferenza, l&#8217;area del cerchio ed i volumi di: cubo, parallelepipedo, piramide, cilindro, cono e sfera. I teoremi di Talete, di Pitagora e di Euclide e problemi di geometria elementare. Significato geometrico delle funzioni seno, coseno e tangente e le principali formule trigonometriche.<\/p>\n<p><strong>Fisica<\/strong><br \/>\nUnit\u00e0 di misura; velocit\u00e0 ed accelerazione; principi della dinamica; gravit\u00e0; densit\u00e0 e pressione; costituenti elementari della materia.<\/p>\n<p><strong>Chimica<\/strong><br \/>\nGli elementi chimici e loro classificazione, i legami chimici; acidi e basi; mole e reazioni chimiche, ossido-riduzioni; molecole alifatiche ed aromatiche; i gruppi funzionali.<\/p>\n<p><strong>Biologia<\/strong><br \/>\nProcarioti ed eucarioti; metabolismo cellulare; riproduzione e genetica mendeliana; cromosomi, mitosi e meiosi; apparati della biologia animale; biologia vegetale e fotosintesi clorofilliana.<\/p>\n<\/div>\n<p>&nbsp;<\/p>\n<p><b>Cosa si studia?<\/b><\/p>\n<p>Biochimica, Biologia molecolare, Igiene, Biotecnologie microbiche, Botanica, Zoologia, Chimica, Genetica, Bioingegneria, Farmacologia, Fisiologia, Lingua inglese, Enzimologia, Bioetica. Queste sono alcune delle principali materie che si studiano nel corso. Se vuoi dare uno sguardo alle altre materie che dovrai seguire, scarica il <a href=\"http:\/\/www.consorziouno.it\/opencms\/export\/sites\/default\/Corsi\/BIOTIN\/IlCorso\/PianiDiStudioProgrammi\/visualizza\/PianiStudioUfficiali\/BIOTIN_1617_PianoDiStudi.pdf\">Piano di studi 2016\/2017<\/a>.<\/p>\n<p>&nbsp;<\/p>\n<p><a href=\"http:\/\/corsi.unica.it\/biotecnologieindustriali\/files\/2017\/05\/IMG_0832.jpg\"><img decoding=\"async\" class=\"alignnone wp-image-2522 size-medium\" src=\"http:\/\/corsi.unica.it\/biotecnologieindustriali\/files\/2017\/05\/IMG_0832-200x300.jpg\" alt=\"\" width=\"200\" height=\"300\" srcset=\"https:\/\/corsi.unica.it\/biotecnologieindustriali\/files\/2017\/05\/IMG_0832-200x300.jpg 200w, https:\/\/corsi.unica.it\/biotecnologieindustriali\/files\/2017\/05\/IMG_0832-768x1152.jpg 768w, https:\/\/corsi.unica.it\/biotecnologieindustriali\/files\/2017\/05\/IMG_0832-683x1024.jpg 683w, https:\/\/corsi.unica.it\/biotecnologieindustriali\/files\/2017\/05\/IMG_0832-250x375.jpg 250w, https:\/\/corsi.unica.it\/biotecnologieindustriali\/files\/2017\/05\/IMG_0832-2x2.jpg 2w, https:\/\/corsi.unica.it\/biotecnologieindustriali\/files\/2017\/05\/IMG_0832.jpg 960w\" sizes=\"(max-width: 200px) 100vw, 200px\" \/><\/a><\/p>\n<p>&nbsp;<\/p>\n<p><b>Come si studia?<\/b><\/p>\n<p>Oltre alle lezioni in aula, <strong>circa il 50% delle 500 ore complessive di lezione sono svolte in laboratorio<\/strong> con esercitazioni e attivit\u00e0 pratiche. Gli studenti del terzo anno frequentano un tirocinio di 350 ore in imprese sarde, nazionali o internazionali operanti nel settore delle biotecnologie, o presso un dipartimento universitario, anche all&#8217;estero.<br \/>\nLa frequenza \u00e8 obbligatoria per almeno l&#8217;80% delle attivit\u00e0 didattiche in laboratorio e il 60% dei corsi teorici; \u00e8 possibile peraltro l&#8217;iscrizione a tempo parziale (con la riduzione del carico didattico).<\/p>\n<p>Chi volesse potr\u00e0 frequentare un periodo di studio all&#8217;estero attraverso il programma <a href=\"http:\/\/corsi.unica.it\/biotecnologieindustriali\/erasmus\/\">Erasmus<\/a>.<\/p>\n<p>&nbsp;<\/p>\n<p><b>Quale lavoro?<\/b><\/p>\n<p>Il laureato pu\u00f2 svolgere la professione di biochimico, biologo, biotecnologo, microbiologo, tecnico di laboratorio biochimico, tecnico dei prodotti alimentari. Le competenze acquisite consentono di operare a diversi livelli di responsabilit\u00e0 quali esperti qualificati presso laboratori di ricerca di enti pubblici e privati, industrie farmaceutiche, cosmetiche, agro-alimentari, biotecnologiche nonch\u00e9 nei laboratori deputati al controllo degli alimenti e dell\u2019ambiente. Il corso consente inoltre di conseguire l\u2019abilitazione alle seguenti professioni regolamentate: Agrotecnico laureato, Biologo junior, Biotecnologo Agrario, Perito Agrario laureato.<\/p>\n<p>&nbsp;<\/p>\n<p><b>Collaborano con noi<\/b><\/p>\n<p>\u2022 Centro Marino Internazionale (IMC) \u2013 Oristano<br \/>\n\u2022 3A Cooperativa Assegnatari Associati Arborea &#8211; Arborea (OR)<br \/>\n\u2022 IVI Petrolifera \u2013 Oristano<br \/>\n\u2022 Sardegna Ricerche \u2013 Pula (CA)<br \/>\n\u2022 Porto Conte Ricerche &#8211; Alghero (SS)<br \/>\n\u2022 AGRIS Sardegna<br \/>\n\u2022 Fabbrica Italiana Sintetici \u2013 Vicenza<br \/>\n\u2022 Bracco Imaging \u2013 Ivrea (TO)<br \/>\n\u2022 Critical Pharmaceuticals Ltd &#8211; Nottingham<br \/>\n\u2022 John Innes Center &#8211; Norwich<\/p>\n<\/div>\n<div id=\"bloccoInfo\"><\/div>\n","protected":false},"excerpt":{"rendered":"<p>Prerequisiti Gli studenti, per poter seguire utilmente le lezioni fino dall&#8217;inizio, devono possedere o acquisire un corredo minimo di conoscenze matematiche, fisiche, chimiche e biologiche, come descritto di seguito: &nbsp; Matematica Operazioni aritmetiche elementari tra numeri. Conversione di una frazione in numero decimale e viceversa. Distinzione fra insiemi numerici: naturali, interi, razionali e reali. Propriet\u00e0 formali delle operazioni: commutativa, associativa e distributiva. Espressioni contenenti potenze. Definizione di logaritmo di un numero in una base generica. Riconoscere il grado dei polinomi anche in pi\u00f9 variabili. Operazioni algebriche fondamentali sui polinomi e le potenze di un binomio. Espressioni razionali fratte anche in <a href='https:\/\/corsi.unica.it\/biotecnologieindustriali\/informazioni-sul-corso\/' class='excerpt-more'>[&#8230;]<\/a><\/p>\n","protected":false},"author":2657,"featured_media":0,"parent":0,"menu_order":0,"comment_status":"closed","ping_status":"closed","template":"","meta":{"footnotes":""},"class_list":["post-2398","page","type-page","status-publish","hentry","post-seq-1","post-parity-odd","meta-position-corners","fix"],"publishpress_future_action":{"enabled":false,"date":"2026-05-05 08:52:21","action":"change-status","newStatus":"draft","terms":[],"taxonomy":"","extraData":[]},"publishpress_future_workflow_manual_trigger":{"enabledWorkflows":[]},"_links":{"self":[{"href":"https:\/\/corsi.unica.it\/biotecnologieindustriali\/wp-json\/wp\/v2\/pages\/2398","targetHints":{"allow":["GET"]}}],"collection":[{"href":"https:\/\/corsi.unica.it\/biotecnologieindustriali\/wp-json\/wp\/v2\/pages"}],"about":[{"href":"https:\/\/corsi.unica.it\/biotecnologieindustriali\/wp-json\/wp\/v2\/types\/page"}],"author":[{"embeddable":true,"href":"https:\/\/corsi.unica.it\/biotecnologieindustriali\/wp-json\/wp\/v2\/users\/2657"}],"replies":[{"embeddable":true,"href":"https:\/\/corsi.unica.it\/biotecnologieindustriali\/wp-json\/wp\/v2\/comments?post=2398"}],"version-history":[{"count":5,"href":"https:\/\/corsi.unica.it\/biotecnologieindustriali\/wp-json\/wp\/v2\/pages\/2398\/revisions"}],"predecessor-version":[{"id":2535,"href":"https:\/\/corsi.unica.it\/biotecnologieindustriali\/wp-json\/wp\/v2\/pages\/2398\/revisions\/2535"}],"wp:attachment":[{"href":"https:\/\/corsi.unica.it\/biotecnologieindustriali\/wp-json\/wp\/v2\/media?parent=2398"}],"curies":[{"name":"wp","href":"https:\/\/api.w.org\/{rel}","templated":true}]}}