{"id":2412,"date":"2017-05-04T13:33:21","date_gmt":"2017-05-04T13:33:21","guid":{"rendered":"http:\/\/corsi.unica.it\/biotecnologieindustriali\/?page_id=2412"},"modified":"2017-09-13T10:43:52","modified_gmt":"2017-09-13T10:43:52","slug":"qualita-della-didattica","status":"publish","type":"page","link":"https:\/\/corsi.unica.it\/biotecnologieindustriali\/qualita-della-didattica\/","title":{"rendered":"Qualit\u00e0 della didattica"},"content":{"rendered":"<p>Il CdL in Biotecnologie Industriali, in adeguamento agli standard europei, promuove e assicura la qualit\u00e0 del servizio formativo offerto e del relativo sistema di gestione secondo il Modello CRUI per la valutazione dei corsi di studio universitari sotto il controllo di un Presidio di Qualit\u00e0 di Ateneo. L&#8217;impegno a favore della qualit\u00e0 prevede:<\/p>\n<ul>\n<li>il consolidarsi della cultura della qualit\u00e0 tra i docenti, gli studenti, il personale di supporto e tutte le parti interessate esterne all\u2019universit\u00e0;<\/li>\n<li>l\u2019organizzazione e le modalit\u00e0 di attuazione, monitoraggio e revisione del sistema di gestione per la qualit\u00e0, secondo il modello Campus-Crui, adottato come riferimento per lo sviluppo del sistema di gestione per la qualit\u00e0.<\/li>\n<\/ul>\n<p>In particolare delibera di:<\/p>\n<ul>\n<li>individuare, per il CdL e la Facolt\u00e0, le esigenze delle P.I. ed ottemperare ad esse ed ai requisiti cogenti nella programmazione della offerta formativa;<\/li>\n<li>stabilire le politiche per la qualit\u00e0 in coerenza con le esigenze delle P.I.;<\/li>\n<li>assicurare che siano definiti gli obiettivi per la qualit\u00e0;<\/li>\n<li>effettuare il riesame del sistema organizzativo e del SGQ;<\/li>\n<li>assicurare la disponibilit\u00e0 delle risorse necessarie;<\/li>\n<li>coinvolgere tutto il personale, gli studenti e le P.I, in particolare quelle esterne, nella gestione per la qualit\u00e0 del CdL e nello sviluppo della cultura della qualit\u00e0 all\u2019interno della organizzazione universitaria;<\/li>\n<li>rafforzare e rendere pi\u00f9 proficuo il legame tra ricerca e formazione.<\/li>\n<\/ul>\n<p>La Societ\u00e0 SGS, nel Febbraio 2008, ha certificato che il Sistema di Gestione della Qualit\u00e0 del CdL in Biotecnologie Industriali per \u201cProgettazione ed erogazione di servizi formativi superiori istituzionali per il corso di laurea in Biotecnologie Industriali. Erogazione di servizi di management didattico e orientamento&#8221; ( Certificazione N. IT08\/0247 ) \u00e8 conforme alla norma ISO 9001\/UNI EN ISO 9001:2008. A partire dall&#8217;a.a. 2010.11 il corso ha adottato come prassi di autovalutazione solo il modello CRUI.<\/p>\n<p>&nbsp;<\/p>\n<p>&nbsp;<\/p>\n<p><strong>Enti rappresentativi della Qualit\u00e0 Universitaria<\/strong><\/p>\n<ul>\n<li><a href=\"http:\/\/www.anvur.org\/\" target=\"_self\">Agenzia Nazionale Valutazione Sistema Universitario (ANVUR)<\/a><\/li>\n<li><a href=\"http:\/\/www.fondazionecrui.it\/\" target=\"_self\">Fondazione Conferenza Rettori Universit\u00e0 Italiane (CRUI)<\/a><\/li>\n<li><a href=\"http:\/\/people.unica.it\/centroqualita\/\" target=\"_self\">Centro Qualit\u00e0 di Ateneo<\/a><\/li>\n<\/ul>\n<p>&nbsp;<\/p>\n<h2><strong>Il documento di qualit\u00e0 del Corso di Laurea<\/strong><\/h2>\n<p><a href=\"http:\/\/corsi.unica.it\/biotecnologieindustriali\/files\/2017\/09\/SistemaAQ_BIOTIN.pdf\">Clicca qui per scaricare il documento.<\/a><\/p>\n<p>&nbsp;<\/p>\n<h4>Organi Didattici<\/h4>\n<p>Gli organi che si occupano di organizzare, dirigere e attuare i processi inerenti alla direzione e pianificazione del corso sono il <a href=\"http:\/\/www.consorziouno.it\/Corsi\/BIOTIN\/IlCorso\/Qualita\/Consiglio_di_Corso_di_Studio_\" target=\"_self\"><strong>Consiglio di Corso di Studio (CCS)<\/strong><\/a> e le Commissioni Didattiche: <a href=\"http:\/\/www.consorziouno.it\/Corsi\/BIOTIN\/IlCorso\/Qualita\/Commissione_Didattica_Paritetica\" target=\"_self\"><strong>Commissione Didattica Paritetica (CDP)<\/strong><\/a>, <a href=\"http:\/\/www.consorziouno.it\/Corsi\/BIOTIN\/IlCorso\/Qualita\/Comitato_di_Indirizzo\" target=\"_self\"><strong>Comitato di Indirizzo (CI)<\/strong><\/a>, <a href=\"http:\/\/www.consorziouno.it\/Corsi\/BIOTIN\/IlCorso\/Qualita\/Commissione_Autovalutazione\" target=\"_self\"><strong>Commissione Auto-Valutazione (CAV)<\/strong><\/a>, <a href=\"http:\/\/www.consorziouno.it\/Corsi\/BIOTIN\/IlCorso\/Qualita\/Commissione_Relazioni_Internazionali\" target=\"_self\"><strong>Commissione Rapporti Internazionali (CRI)<\/strong><\/a> e <a href=\"http:\/\/www.consorziouno.it\/Corsi\/BIOTIN\/IlCorso\/Qualita\/Commissione_per_il_Rapporto_di_Riesame\" target=\"_self\"><strong>Commissione per il Rapporto di Riesame (RAR)<\/strong><\/a>.\u00a0Ogni Commissione ha una composizione stabilita dal Consiglio di Corso e un responsabile nominato dai membri della Commissione. La responsabilit\u00e0 di convocare la riunione e di provvedere a che venga steso un verbale \u00e8 a carico del Manager Didattico. Le proposte della Commissione devono essere approvate dal Consiglio di Classe.<\/p>\n<p>&nbsp;<\/p>\n<h2><a href=\"http:\/\/corsi.unica.it\/biotecnologieindustriali\/verbali\/\"><strong>Clicca qui per accedere ai verbali del Consiglio e delle Commissioni<\/strong><\/a><\/h2>\n<p>&nbsp;<\/p>\n<h4>Monitoraggio Corso di laurea<\/h4>\n<p>Al fine di adempiere alle richieste del Ministero dell&#8217;Istruzione, dell&#8217;Universit\u00e0 e della Ricerca (MIUR) relativamente ad una corretta comunicazione delle caratteristiche del corso di studio, rivolta agli studenti e a tutti i soggetti interessati, vengono presentati i risultati ottenuti dal corso di laurea.<\/p>\n<p><a title=\"Vai alla pagina\" href=\"http:\/\/www.consorziouno.it\/Corsi\/BIOTIN\/IlCorso\/Qualita\/Statistiche_studenti.html\" target=\"_self\">Statistiche studenti<\/a><\/p>\n<p>&nbsp;<\/p>\n<h4>Valutazione della didattica<\/h4>\n<p>La valutazione della didattica da parte degli studenti frequentanti, introdotta dal MIUR con la legge n.370\/99, \u00e8 diventata una prassi di tutte le universit\u00e0 italiane e si concretizza in una somministrazione semestrale di questionari qualitativi. Il Nucleo di Valutazione di Ateneo ha adottato un questionario che riprende lo schema proposto dal Comitato Nazionale per la Valutazione del Sistema Universitario (CNVSU), al fine di rendere il pi\u00f9 possibile omogenea la rilevazione su scala nazionale.<\/p>\n<p><a title=\"Vai alla pagina\" href=\"http:\/\/www.consorziouno.it\/Corsi\/BIOTIN\/IlCorso\/Qualita\/Valutazione_della_didattica.html\" target=\"_self\">Risultati dei questionari di valutazione<\/a><\/p>","protected":false},"excerpt":{"rendered":"<p>Il CdL in Biotecnologie Industriali, in adeguamento agli standard europei, promuove e assicura la qualit\u00e0 del servizio formativo offerto e del relativo sistema di gestione secondo il Modello CRUI per la valutazione dei corsi di studio universitari sotto il controllo di un Presidio di Qualit\u00e0 di Ateneo. L&#8217;impegno a favore della qualit\u00e0 prevede: il consolidarsi della cultura della qualit\u00e0 tra i docenti, gli studenti, il personale di supporto e tutte le parti interessate esterne all\u2019universit\u00e0; l\u2019organizzazione e le modalit\u00e0 di attuazione, monitoraggio e revisione del sistema di gestione per la qualit\u00e0, secondo il modello Campus-Crui, adottato come riferimento per lo <a href='https:\/\/corsi.unica.it\/biotecnologieindustriali\/qualita-della-didattica\/' class='excerpt-more'>[&#8230;]<\/a><\/p>\n","protected":false},"author":2657,"featured_media":0,"parent":0,"menu_order":0,"comment_status":"closed","ping_status":"closed","template":"","meta":{"footnotes":""},"class_list":["post-2412","page","type-page","status-publish","hentry","post-seq-1","post-parity-odd","meta-position-corners","fix"],"publishpress_future_action":{"enabled":false,"date":"2026-04-30 11:40:21","action":"change-status","newStatus":"draft","terms":[],"taxonomy":"","extraData":[]},"publishpress_future_workflow_manual_trigger":{"enabledWorkflows":[]},"_links":{"self":[{"href":"https:\/\/corsi.unica.it\/biotecnologieindustriali\/wp-json\/wp\/v2\/pages\/2412","targetHints":{"allow":["GET"]}}],"collection":[{"href":"https:\/\/corsi.unica.it\/biotecnologieindustriali\/wp-json\/wp\/v2\/pages"}],"about":[{"href":"https:\/\/corsi.unica.it\/biotecnologieindustriali\/wp-json\/wp\/v2\/types\/page"}],"author":[{"embeddable":true,"href":"https:\/\/corsi.unica.it\/biotecnologieindustriali\/wp-json\/wp\/v2\/users\/2657"}],"replies":[{"embeddable":true,"href":"https:\/\/corsi.unica.it\/biotecnologieindustriali\/wp-json\/wp\/v2\/comments?post=2412"}],"version-history":[{"count":5,"href":"https:\/\/corsi.unica.it\/biotecnologieindustriali\/wp-json\/wp\/v2\/pages\/2412\/revisions"}],"predecessor-version":[{"id":2752,"href":"https:\/\/corsi.unica.it\/biotecnologieindustriali\/wp-json\/wp\/v2\/pages\/2412\/revisions\/2752"}],"wp:attachment":[{"href":"https:\/\/corsi.unica.it\/biotecnologieindustriali\/wp-json\/wp\/v2\/media?parent=2412"}],"curies":[{"name":"wp","href":"https:\/\/api.w.org\/{rel}","templated":true}]}}