{"id":2426,"date":"2017-05-04T14:54:48","date_gmt":"2017-05-04T14:54:48","guid":{"rendered":"http:\/\/corsi.unica.it\/biotecnologieindustriali\/?page_id=2426"},"modified":"2017-05-04T14:54:48","modified_gmt":"2017-05-04T14:54:48","slug":"tutor-esperto","status":"publish","type":"page","link":"https:\/\/corsi.unica.it\/biotecnologieindustriali\/tutor-esperto\/","title":{"rendered":"Tutor Esperto"},"content":{"rendered":"<div id=\"testoPrincipale\">\n<p>Nel corso di laurea in Biotecnologie Industriali c&#8217;\u00e8 un tutor esperto per le discipline biologiche: Silvia Massa.<\/p>\n<p>Il numero di telefono del tutor \u00e8 0783.775530, l&#8217;email \u00e8 <a title=\"tutor.biotin@consorziouno.it\" href=\"mailto:tutor.biotin@consorziouno.it\" target=\"_self\">tutor.biotin@consorziouno.it<\/a>.<\/p>\n<div>Il tutor si occupa di:<\/div>\n<ul type=\"disc\">\n<li>assistere lo studente nel percorso formativo e aiutarlo nelle metodologie di studio;<\/li>\n<li>incentivare la continuit\u00e0 della carriera didattica, al fine di evitare ritardi nel conseguimento del titolo di studio;<\/li>\n<li>eliminare le situazioni di difficolt\u00e0 di apprendimento basate su necessit\u00e0 singole e di aula, attitudini ed esigenze formative;<\/li>\n<li>fornire il necessario sostegno per il recupero delle lacune di apprendimento nelle competenze di base e caratterizzanti;<\/li>\n<li>predisporre piani di lavoro e metodi di studio personalizzati;<\/li>\n<li>eseguire esercitazioni in aula nelle materie in cui gli studenti incontrano maggiori difficolt\u00e0;<\/li>\n<li>effettuare spiegazioni, individuali e\/o di gruppo su argomenti non chiari agli studenti;<\/li>\n<li>curare la preparazione del materiale didattico e la sua distribuzione a tutti gli studenti;<\/li>\n<li>fare da tramite tra docenti e studenti.<\/li>\n<\/ul>\n<p>Oltre a questo, con il coordinamento del MD, collabora a tutte le attivit\u00e0 di contesto che si rendono necessarie per un miglioramento continuo delle attivit\u00e0 formative del CdL. Alcuni esempi di queste attivit\u00e0 sono:<\/p>\n<ul type=\"disc\">\n<li>orientamento nelle scuole<\/li>\n<li>compilazione piani di studio<\/li>\n<li>aggiornamento carriere studenti<\/li>\n<li>calcolo statistico.<\/li>\n<\/ul>\n<p>&nbsp;<\/p>\n<\/div>\n<div id=\"bloccoInfo\">\n<div class=\"blocco\"><img decoding=\"async\" title=\"Contatti\" src=\"http:\/\/www.consorziouno.it\/opencms\/export\/sites\/default\/immagini_utili\/icone\/5info_BIOTIN.png\" alt=\"Contatti\" \/>\u00a0<strong>Contatti<\/strong><strong>Silvia Massa &#8211; Tutor Esperto per le discipline biologiche<\/strong><\/p>\n<div>Tel. 0783.775530 &#8211; email <a href=\"mailto:%20tutor.biotin@consorziouno.it\">tutor.biotin@consorziouno.it<\/a><\/div>\n<p>&nbsp;<\/p>\n<\/div>\n<\/div>\n","protected":false},"excerpt":{"rendered":"<p>Nel corso di laurea in Biotecnologie Industriali c&#8217;\u00e8 un tutor esperto per le discipline biologiche: Silvia Massa. Il numero di telefono del tutor \u00e8 0783.775530, l&#8217;email \u00e8 tutor.biotin@consorziouno.it. Il tutor si occupa di: assistere lo studente nel percorso formativo e aiutarlo nelle metodologie di studio; incentivare la continuit\u00e0 della carriera didattica, al fine di evitare ritardi nel conseguimento del titolo di studio; eliminare le situazioni di difficolt\u00e0 di apprendimento basate su necessit\u00e0 singole e di aula, attitudini ed esigenze formative; fornire il necessario sostegno per il recupero delle lacune di apprendimento nelle competenze di base e caratterizzanti; predisporre piani di <a href='https:\/\/corsi.unica.it\/biotecnologieindustriali\/tutor-esperto\/' class='excerpt-more'>[&#8230;]<\/a><\/p>\n","protected":false},"author":2657,"featured_media":0,"parent":0,"menu_order":0,"comment_status":"closed","ping_status":"closed","template":"","meta":{"footnotes":""},"class_list":["post-2426","page","type-page","status-publish","hentry","post-seq-1","post-parity-odd","meta-position-corners","fix"],"publishpress_future_action":{"enabled":false,"date":"2026-04-30 20:09:32","action":"change-status","newStatus":"draft","terms":[],"taxonomy":"","extraData":[]},"publishpress_future_workflow_manual_trigger":{"enabledWorkflows":[]},"_links":{"self":[{"href":"https:\/\/corsi.unica.it\/biotecnologieindustriali\/wp-json\/wp\/v2\/pages\/2426","targetHints":{"allow":["GET"]}}],"collection":[{"href":"https:\/\/corsi.unica.it\/biotecnologieindustriali\/wp-json\/wp\/v2\/pages"}],"about":[{"href":"https:\/\/corsi.unica.it\/biotecnologieindustriali\/wp-json\/wp\/v2\/types\/page"}],"author":[{"embeddable":true,"href":"https:\/\/corsi.unica.it\/biotecnologieindustriali\/wp-json\/wp\/v2\/users\/2657"}],"replies":[{"embeddable":true,"href":"https:\/\/corsi.unica.it\/biotecnologieindustriali\/wp-json\/wp\/v2\/comments?post=2426"}],"version-history":[{"count":1,"href":"https:\/\/corsi.unica.it\/biotecnologieindustriali\/wp-json\/wp\/v2\/pages\/2426\/revisions"}],"predecessor-version":[{"id":2427,"href":"https:\/\/corsi.unica.it\/biotecnologieindustriali\/wp-json\/wp\/v2\/pages\/2426\/revisions\/2427"}],"wp:attachment":[{"href":"https:\/\/corsi.unica.it\/biotecnologieindustriali\/wp-json\/wp\/v2\/media?parent=2426"}],"curies":[{"name":"wp","href":"https:\/\/api.w.org\/{rel}","templated":true}]}}