{"id":2430,"date":"2017-05-04T14:56:36","date_gmt":"2017-05-04T14:56:36","guid":{"rendered":"http:\/\/corsi.unica.it\/biotecnologieindustriali\/?page_id=2430"},"modified":"2017-05-04T14:56:36","modified_gmt":"2017-05-04T14:56:36","slug":"hotspot-e-free-wifi","status":"publish","type":"page","link":"https:\/\/corsi.unica.it\/biotecnologieindustriali\/hotspot-e-free-wifi\/","title":{"rendered":"Hotspot e free WiFi"},"content":{"rendered":"<div id=\"testoPrincipale\">\n<p>Gli studenti del Corso di Laurea in Biotecnologie Industriali possono usufruire dell&#8217;accesso ad Internet tramite Hotspot WiFi. Il servizio consente, a chi ne fa richiesta, di usufruire gratuitamente della connettivit\u00e0 senza fili per il proprio computer portatile, palmare o smartphone.<\/p>\n<p>&nbsp;<\/p>\n<p><strong>Chi pu\u00f2 usufruire del Servizio WiFi?<\/strong><br \/>\nStudenti, docenti e collaboratori, ospiti di seminari, workshop, conferenze e altro.<\/p>\n<p>&nbsp;<\/p>\n<p><strong>Il collegamento \u00e8 a pagamento?<\/strong><br \/>\nIl servizio \u00e8 gratuito.<\/p>\n<p>&nbsp;<\/p>\n<p><strong>Cosa devo fare per usufruire del Servizio WiFi?<\/strong><br \/>\nSe sei uno <strong>studente <\/strong>regolarmente iscritto, presentando libretto universitario e documento d&#8217;identit\u00e0 presso il laboratorio informatico potrai richiedere le tue <u>credenziali di accesso<\/u> (nome utente e password). Queste credenziali ti consentiranno di accedere alla rete WiFi, utilizzare qualsiasi postazione in laboratorio, ottenere i crediti per la stampa di documenti, disporre di uno spazio disco sempre disponibile per salvare i tuoi documenti e usufruire di ogni servizio futuro che verr\u00e0 reso disponibile.<br \/>\nAnche <strong>docenti e collaboratori<\/strong> possono richiedere le credenziali di accesso, che resteranno disponibili per la durata dell&#8217;incarico, presentandosi presso il laboratorio informatico. Le credenziali consentiranno l&#8217;accesso immediato alla rete WiFi e alle postazioni del Laboratorio Informatico.<br \/>\nSe sei <strong>ospite <\/strong>di uno dei nostri eventi, se previsto, riceverai le credenziali di accesso direttamente dalla segreteria organizzativa dell\u2019evento. Nel caso in cui l&#8217;abilitazione all&#8217;uso dei servizi WiFi non fosse gi\u00e0 prevista potrai richiederne una temporanea presentandoti in laboratorio informatico, munito di documento d&#8217;identit\u00e0. Le credenziali ti consentiranno l&#8217;accesso immediato alla rete WiFi e alle postazioni del Laboratorio Informatico.<\/p>\n<p><strong>Cosa devo fare dopo aver ottenuto le chiavi d&#8217;accesso? <\/strong><br \/>\nAccedere \u00e8 molto semplice&#8230;<br \/>\n&#8211; attiva il dispositivo wireless e usa il comando per mostrare tutte le reti wireless disponibili<br \/>\n&#8211; seleziona la rete chiamata &#8220;HotSpot-C1&#8221; e premi il tasto connetti<br \/>\n&#8211; apri il tuo browser e comincia a navigare, si aprir\u00e0 una pagina con una richiesta di accesso nella quale dovrai inserire le tue credenziali. Se il tuo browser ha un meccanismo di protezione che impedisce il caricamento della pagina di autenticazione \u00e8 sufficiente proseguire autorizzando il certificato<br \/>\n&#8211; verificate le credenziali potrai navigare liberamente per un periodo di circa 45 minuti, al termine del quale si ripresenter\u00e0 la pagina di autenticazione nella quale, per riabilitare la connessione, dovrai inserire nuovamente le credenziali.<\/p>\n<p><strong>Quali sono le aree coperte dal servizio? <\/strong><br \/>\nIl servizio \u00e8 disponibile in tutti i locali del Chiostro del Carmine, in particolare nelle aule, nei laboratori, biblioteca e aree comuni.<\/p>\n<p><strong>In quali orari il servizio \u00e8 disponibile?<\/strong><br \/>\nL&#8217;accesso \u00e8 consentito tutti i giorni dal luned\u00ec al venerd\u00ec dalle 8 alle 19 indipendentemente dall&#8217;apertura del laboratorio informatico.<\/p>\n<h4>Regolamento del laboratorio<\/h4>\n<p>Per una migliore fruizione da parte di tutti \u00e8 consigliabile leggere <a href=\"http:\/\/www.consorziouno.it\/opencms\/export\/sites\/default\/UniversitaAOristano\/ConsorzioUNO\/Download\/Regolamenti\/regolamento_aula1T.pdf\" target=\"_blank\" rel=\"noopener noreferrer\">il regolamento<\/a> che disciplina l&#8217;uso del laboratorio.<\/p>\n<p><strong>Sicurezza<\/strong><\/p>\n<p>La connessione utlizzata per autenticarsi al servizio avviene in modalit\u00e0 criptata e sicura.<\/p>\n<p>Per ragioni di sicurezza e per mantenere un buon livello di servizio, l&#8217;attivit\u00e0 in rete, attraverso qualsiasi dispositivo, personale o di propriet\u00e0 del Consorzio UNO, \u00e8 automaticamente registrata dal personale IT del consorzio UNO che potr\u00e0 farne uso nel caso in cui vengano rilevate violazioni del regolamento.<\/p>\n<\/div>\n<div id=\"bloccoInfo\">\n<div class=\"blocco\"><img decoding=\"async\" title=\"Area Riservata\" src=\"http:\/\/www.consorziouno.it\/opencms\/export\/sites\/default\/immagini_utili\/icone\/LUCCHETTO_GRIGIO_24X24.png\" alt=\"Area Riservata\" \/><\/p>\n<h4>Area Riservata<\/h4>\n<p>L&#8217;accesso all&#8217;area riservata del Consorzio UNO permette il download del materiale didattico rilasciato dal corpo Docente e l&#8217;accesso a servizi.<\/p>\n<p>Per accedere all&#8217;area riservata \u00e8 necessario ottenere le credenziali (username e password) utilizzando l&#8217;<a href=\"http:\/\/www.consorziouno.it\/opencms\/export\/sites\/default\/UniversitaAOristano\/ConsorzioUNO\/Download\/AreaRiservata\/Modulo_RichiestaPW_ARC1.PDF\" target=\"_self\">apposito modulo<\/a> da compilare e consegnare in Laboratorio informatico oppure inviando la scansione compilata e firmata del documento all&#8217;indirizzo <a href=\"mailto:webmaster@consorziouno.it\" target=\"_self\">webmaster@consorziouno.it<\/a><\/p>\n<p>L&#8217;accesso avviene tramite login negli appositi campi presenti in ogni pagina del sito.<\/p>\n<\/div>\n<div class=\"blocco\"><img decoding=\"async\" title=\"Info e Contatti\" src=\"http:\/\/www.consorziouno.it\/opencms\/export\/sites\/default\/immagini_utili\/icone\/INFO_GRIGIO_24X24.png\" alt=\"Info e Contatti\" \/><\/p>\n<h4>Info e Contatti<\/h4>\n<p><strong>Roberto Sanna<\/strong><br \/>\nTel. 0783.777292 &#8211; email: <a href=\"mailto:informatica@consorziouno.it\" target=\"_self\">informatica@consorziouno.it<\/a><\/p>\n<\/div>\n<\/div>\n","protected":false},"excerpt":{"rendered":"<p>Gli studenti del Corso di Laurea in Biotecnologie Industriali possono usufruire dell&#8217;accesso ad Internet tramite Hotspot WiFi. Il servizio consente, a chi ne fa richiesta, di usufruire gratuitamente della connettivit\u00e0 senza fili per il proprio computer portatile, palmare o smartphone. &nbsp; Chi pu\u00f2 usufruire del Servizio WiFi? Studenti, docenti e collaboratori, ospiti di seminari, workshop, conferenze e altro. &nbsp; Il collegamento \u00e8 a pagamento? Il servizio \u00e8 gratuito. &nbsp; Cosa devo fare per usufruire del Servizio WiFi? Se sei uno studente regolarmente iscritto, presentando libretto universitario e documento d&#8217;identit\u00e0 presso il laboratorio informatico potrai richiedere le tue credenziali di accesso <a href='https:\/\/corsi.unica.it\/biotecnologieindustriali\/hotspot-e-free-wifi\/' class='excerpt-more'>[&#8230;]<\/a><\/p>\n","protected":false},"author":2657,"featured_media":0,"parent":0,"menu_order":0,"comment_status":"closed","ping_status":"closed","template":"","meta":{"footnotes":""},"class_list":["post-2430","page","type-page","status-publish","hentry","post-seq-1","post-parity-odd","meta-position-corners","fix"],"publishpress_future_action":{"enabled":false,"date":"2026-04-30 20:08:21","action":"change-status","newStatus":"draft","terms":[],"taxonomy":"","extraData":[]},"publishpress_future_workflow_manual_trigger":{"enabledWorkflows":[]},"_links":{"self":[{"href":"https:\/\/corsi.unica.it\/biotecnologieindustriali\/wp-json\/wp\/v2\/pages\/2430","targetHints":{"allow":["GET"]}}],"collection":[{"href":"https:\/\/corsi.unica.it\/biotecnologieindustriali\/wp-json\/wp\/v2\/pages"}],"about":[{"href":"https:\/\/corsi.unica.it\/biotecnologieindustriali\/wp-json\/wp\/v2\/types\/page"}],"author":[{"embeddable":true,"href":"https:\/\/corsi.unica.it\/biotecnologieindustriali\/wp-json\/wp\/v2\/users\/2657"}],"replies":[{"embeddable":true,"href":"https:\/\/corsi.unica.it\/biotecnologieindustriali\/wp-json\/wp\/v2\/comments?post=2430"}],"version-history":[{"count":1,"href":"https:\/\/corsi.unica.it\/biotecnologieindustriali\/wp-json\/wp\/v2\/pages\/2430\/revisions"}],"predecessor-version":[{"id":2431,"href":"https:\/\/corsi.unica.it\/biotecnologieindustriali\/wp-json\/wp\/v2\/pages\/2430\/revisions\/2431"}],"wp:attachment":[{"href":"https:\/\/corsi.unica.it\/biotecnologieindustriali\/wp-json\/wp\/v2\/media?parent=2430"}],"curies":[{"name":"wp","href":"https:\/\/api.w.org\/{rel}","templated":true}]}}