{"id":2432,"date":"2017-05-04T14:57:50","date_gmt":"2017-05-04T14:57:50","guid":{"rendered":"http:\/\/corsi.unica.it\/biotecnologieindustriali\/?page_id=2432"},"modified":"2017-05-04T15:06:51","modified_gmt":"2017-05-04T15:06:51","slug":"laboratori-esercitazioni-visite-didattiche-e-viaggi-distruzione","status":"publish","type":"page","link":"https:\/\/corsi.unica.it\/biotecnologieindustriali\/laboratori-esercitazioni-visite-didattiche-e-viaggi-distruzione\/","title":{"rendered":"Laboratori, esercitazioni, visite didattiche e viaggi d&#8217;istruzione"},"content":{"rendered":"<p>Il Corso di Laurea in Biotecnologie Industriali d\u00e0 particolare rilievo alle attivit\u00e0 pratico\/applicative, affiancando alla maggior parte delle lezioni teoriche numerose esercitazioni pratiche che si svolgono presso i laboratori di Informatica, Biologia, Chimica e Bioingegneria Industriale.<\/p>\n<p>&nbsp;<\/p>\n<p><strong><a href=\"http:\/\/corsi.unica.it\/biotecnologieindustriali\/files\/2017\/05\/Diaz_Lab.jpg\"><img decoding=\"async\" class=\"alignnone size-medium wp-image-2436\" src=\"http:\/\/corsi.unica.it\/biotecnologieindustriali\/files\/2017\/05\/Diaz_Lab-300x212.jpg\" alt=\"\" width=\"300\" height=\"212\" srcset=\"https:\/\/corsi.unica.it\/biotecnologieindustriali\/files\/2017\/05\/Diaz_Lab-300x212.jpg 300w, https:\/\/corsi.unica.it\/biotecnologieindustriali\/files\/2017\/05\/Diaz_Lab-250x177.jpg 250w, https:\/\/corsi.unica.it\/biotecnologieindustriali\/files\/2017\/05\/Diaz_Lab-2x2.jpg 2w, https:\/\/corsi.unica.it\/biotecnologieindustriali\/files\/2017\/05\/Diaz_Lab.jpg 400w\" sizes=\"(max-width: 300px) 100vw, 300px\" \/><\/a><\/strong><\/p>\n<p>&nbsp;<\/p>\n<p><strong>Contatti Centro lab<\/strong><\/p>\n<p><strong>Michela Ardu <\/strong>&#8211; (Responsabile)<br \/>\n<strong>Maria Littarru<\/strong> &#8211; Tecnico laboratorio di biologia<br \/>\n<strong>Silvia Massa <\/strong>&#8211; Tecnico laboratorio di chimica<br \/>\nTel. 0783.310429 &#8211; email: centrolab@consorziouno.it<\/p>\n<p>&nbsp;<\/p>\n<p>&nbsp;<\/p>\n<p><strong>Visite didattiche e Viaggi d&#8217;istruzione<\/strong><\/p>\n<p>A completamento dell\u2019attivit\u00e0 didattica, il Corso di Laurea in Biotecnologie Industriali organizza\u00a0 visite didattiche e viaggi d&#8217;istruzione presso laboratori e centri di ricerca che operano nel settore delle biotecnologie sia in territorio nazionale che estero.<\/p>\n<p>&nbsp;<\/p>\n<h3>Visite didattiche:<\/h3>\n<ul>\n<li>Nestl\u00e8 Research Centre &#8211; Svizzera<\/li>\n<li>BCS Biotech &#8211; Cagliari<\/li>\n<li>Centro Ricerche Matr\u00ecca &#8211; Sassari<\/li>\n<li>Sardegna Ricerche, Parco Scientifico e Tecnologico della Sardegna (Polaris) &#8211; Cagliari<\/li>\n<li>Depuratore &#8220;Is Arenas&#8221; &#8211; Cagliari<\/li>\n<li>Laboratorio di Risonanza Magnetica Nucleare NMR, Universit\u00e0 degli Studi di Cagliari &#8211; Cagliari<\/li>\n<li>Porto Conte Ricerche, Parco Scientifico e Tecnologico della Sardegna &#8211; Sassari<\/li>\n<li>Depuratore di Abbanoa &#8211; Oristano<\/li>\n<li>Bioindustry Park del Canavese &#8211; Torino<\/li>\n<li>Laboratori di Microbiologia e Virologia Generale e Biotecnologie Microbiche, Universit\u00e0 degli Studi di Cagliari &#8211; Cagliari<\/li>\n<li>Orto Botanico &#8211; Cagliari<\/li>\n<li>Museo Zoologico dell&#8217;Universit\u00e0 di Cagliari &#8211; Cagliari<\/li>\n<li>Vitroflora &#8211; Polonia<\/li>\n<\/ul>\n<h3>Viaggi d&#8217;istruzione:<\/h3>\n<ul>\n<li><a href=\"http:\/\/www.bioindustrypark.eu\/\" target=\"_self\">Bioindustry Park <\/a>&#8211; Torino<\/li>\n<li><a href=\"http:\/\/www.vitroflora.com.pl\/page.php?lang=0&amp;cat=7\" target=\"_self\">Vitroflora<\/a> &#8211; Lochowo (Polonia)<\/li>\n<li><a href=\"http:\/\/www.ukw.edu.pl\/strona\/english\" target=\"_self\">Universit\u00e0 di Bydgoszczy<\/a>, Laboratori di Chimica Biologica e Citogenetica &#8211; Bydgoszcz (Polonia)<\/li>\n<li><a href=\"http:\/\/www.umk.pl\/en\/\" target=\"_self\">Universit\u00e0 Niccol\u00f2 Copernico di Tor\u00f9n<\/a>, Dipartimento di Biotecnologia &#8211; Tor\u00f9n (Polonia)<\/li>\n<li><a href=\"http:\/\/www.um.es\/\" target=\"_self\">Universit\u00e0 di Murcia<\/a>, Laboratori di Biologia Molecolare e Biochimica &#8211; Murcia (Spagna)<\/li>\n<li><a href=\"http:\/\/www.abengoabioenergy.com\/corp\/web\/en\/index.html\" target=\"_self\">Ecocarburantes Abengoa Bioenergy<\/a> &#8211; Murcia (Spagna)<\/li>\n<li><a href=\"http:\/\/www.biopolis.es\/en\/index.html\" target=\"_self\">Biopolis S.L<\/a> &#8211; Valencia (Spagna)<\/li>\n<li><a href=\"http:\/\/www.research.nestle.com\/\" target=\"_self\">Nestl\u00e8 Research Centre<\/a> &#8211; Losanna (Svizzera)\u00a0 <a href=\"http:\/\/www.consorziouno.it\/opencms\/export\/sites\/default\/Corsi\/BIOTIN\/Download\/altro\/BIOTIN_1011_Resoconto_viaggio_svizzera.pdf\" target=\"_self\"><strong><em>Resoconto del viaggio<\/em><\/strong><\/a><\/li>\n<\/ul>\n<p>&nbsp;<\/p>\n<p><strong>Contatti<\/strong><\/p>\n<p><strong>Daniela Mastino &#8211; <\/strong>Manager Didattico<br \/>\nTel. 0783.775530 &#8211; email: <a href=\"mailto:manager.biotin@consorziouno.it\" target=\"_self\">manager.biotin@consorziouno.it<\/a><\/p>","protected":false},"excerpt":{"rendered":"<p>Il Corso di Laurea in Biotecnologie Industriali d\u00e0 particolare rilievo alle attivit\u00e0 pratico\/applicative, affiancando alla maggior parte delle lezioni teoriche numerose esercitazioni pratiche che si svolgono presso i laboratori di Informatica, Biologia, Chimica e Bioingegneria Industriale. &nbsp; &nbsp; Contatti Centro lab Michela Ardu &#8211; (Responsabile) Maria Littarru &#8211; Tecnico laboratorio di biologia Silvia Massa &#8211; Tecnico laboratorio di chimica Tel. 0783.310429 &#8211; email: centrolab@consorziouno.it &nbsp; &nbsp; Visite didattiche e Viaggi d&#8217;istruzione A completamento dell\u2019attivit\u00e0 didattica, il Corso di Laurea in Biotecnologie Industriali organizza\u00a0 visite didattiche e viaggi d&#8217;istruzione presso laboratori e centri di ricerca che operano nel settore delle biotecnologie <a href='https:\/\/corsi.unica.it\/biotecnologieindustriali\/laboratori-esercitazioni-visite-didattiche-e-viaggi-distruzione\/' class='excerpt-more'>[&#8230;]<\/a><\/p>\n","protected":false},"author":2657,"featured_media":0,"parent":0,"menu_order":0,"comment_status":"closed","ping_status":"closed","template":"","meta":{"footnotes":""},"class_list":["post-2432","page","type-page","status-publish","hentry","post-seq-1","post-parity-odd","meta-position-corners","fix"],"publishpress_future_action":{"enabled":false,"date":"2026-04-30 05:10:52","action":"change-status","newStatus":"draft","terms":[],"taxonomy":"","extraData":[]},"publishpress_future_workflow_manual_trigger":{"enabledWorkflows":[]},"_links":{"self":[{"href":"https:\/\/corsi.unica.it\/biotecnologieindustriali\/wp-json\/wp\/v2\/pages\/2432","targetHints":{"allow":["GET"]}}],"collection":[{"href":"https:\/\/corsi.unica.it\/biotecnologieindustriali\/wp-json\/wp\/v2\/pages"}],"about":[{"href":"https:\/\/corsi.unica.it\/biotecnologieindustriali\/wp-json\/wp\/v2\/types\/page"}],"author":[{"embeddable":true,"href":"https:\/\/corsi.unica.it\/biotecnologieindustriali\/wp-json\/wp\/v2\/users\/2657"}],"replies":[{"embeddable":true,"href":"https:\/\/corsi.unica.it\/biotecnologieindustriali\/wp-json\/wp\/v2\/comments?post=2432"}],"version-history":[{"count":3,"href":"https:\/\/corsi.unica.it\/biotecnologieindustriali\/wp-json\/wp\/v2\/pages\/2432\/revisions"}],"predecessor-version":[{"id":2438,"href":"https:\/\/corsi.unica.it\/biotecnologieindustriali\/wp-json\/wp\/v2\/pages\/2432\/revisions\/2438"}],"wp:attachment":[{"href":"https:\/\/corsi.unica.it\/biotecnologieindustriali\/wp-json\/wp\/v2\/media?parent=2432"}],"curies":[{"name":"wp","href":"https:\/\/api.w.org\/{rel}","templated":true}]}}