{"id":2506,"date":"2017-05-06T13:01:16","date_gmt":"2017-05-06T13:01:16","guid":{"rendered":"http:\/\/corsi.unica.it\/biotecnologieindustriali\/?page_id=2506"},"modified":"2017-05-06T13:01:53","modified_gmt":"2017-05-06T13:01:53","slug":"commissione-per-il-rapporto-di-riesame","status":"publish","type":"page","link":"https:\/\/corsi.unica.it\/biotecnologieindustriali\/commissione-per-il-rapporto-di-riesame\/","title":{"rendered":"Commissione per il Rapporto di Riesame"},"content":{"rendered":"<p>La Commissione per il Rapporto di Riesame (CRR) redige annualmente il Rapporto Annuale di Riesame (RAR) sotto la guida del docente Responsabile, come previsto dal DM 47\/2013 (modificato dal DM 1059\/2013), e deve essere formalmente approvato dal Consiglio di Corso di Studio e dal Presidio per la Qualit\u00e0 di Ateneo. Il RAR \u00e8 un atto essenziale del Sistema di Assicurazione della Qualit\u00e0 delle attivit\u00e0 di formazione. E&#8217; un processo periodico e programmato che ha lo scopo di tenere sotto controllo le attivit\u00e0 di formazione, i loro strumenti, i servizi, le infrastrutture,\u00a0verificare l\u2019adeguatezza degli obiettivi di apprendimento che il Corso di Studio si \u00e8 proposto, la corrispondenza tra gli obiettivi e i risultati e l\u2019efficacia del modo con cui il Corso \u00e8 gestito. Include la ricerca delle cause di eventuali risultati insoddisfacenti, al fine di adottare tutti gli opportuni interventi di correzione e miglioramento.<\/p>\n<p>Sulla base di quanto emerge dall\u2019analisi dei dati quantitativi (ingresso nel Corso di Studio, regolarit\u00e0 del percorso di studio, uscita dal Corso di Studio e ingresso nel mercato del lavoro) e di indicatori da essi derivati, tenuto conto della loro evoluzione nel corso degli anni accademici precedenti, delle criticit\u00e0 osservate o segnalate sui singoli segmenti del percorso di studio e sul loro coordinamento nel corso dei periodi didattici, il Rapporto di Riesame annuale documenta, analizza e commenta:<br \/>\na. gli effetti delle azioni correttive annunciate nei Rapporti di Riesame annuali precedenti;<br \/>\nb. i punti di forza e le aree da migliorare che emergono dall\u2019analisi dell\u2019anno accademico in esame;<br \/>\nc. gli interventi correttivi sugli elementi critici messi in evidenza, i cambiamenti ritenuti necessari in base a mutate condizioni e le azioni volte ad apportare miglioramenti.<\/p>\n<p>I Componenti della CRR sono:<\/p>\n<p>&#8211; Enrico Sanjust &#8211; Docente\u00a0(Responsabile)<br \/>\n&#8211; Sergio Murgia &#8211; Docente (Referente per la Qualit\u00e0)<br \/>\n&#8211; Annalisa Marchi &#8211; Docente<br \/>\n&#8211; Maria Dolores Setzu &#8211; Docente<br \/>\n&#8211; Daniela Mastino &#8211; Manager didattico<\/p>\n<p><strong><a href=\"http:\/\/www.consorziouno.it\/opencms\/export\/sites\/default\/Corsi\/BIOTIN\/IlCorso\/Qualita\/Verbali\/RAR\/Rapporto_2015x2x.pdf\" target=\"_self\">Rapporto Ciclico di Riesame 2015<\/a><\/strong><br \/>\n<a href=\"http:\/\/www.consorziouno.it\/opencms\/export\/sites\/default\/Corsi\/BIOTIN\/IlCorso\/Qualita\/Verbali\/RAR\/Rapporto_2015.pdf\" target=\"_self\"><strong>Rapporto Annuale di Riesame 2015<\/strong><\/a><br \/>\n<span style=\"color: #0000ee\"><b><u><a href=\"http:\/\/www.consorziouno.it\/opencms\/export\/sites\/default\/Corsi\/BIOTIN\/IlCorso\/Qualita\/Verbali\/RAR\/Riesame_2014.pdf\" target=\"_self\">Rapporto Annuale di Riesame 2014<\/a><br \/>\n<a href=\"http:\/\/www.consorziouno.it\/opencms\/export\/sites\/default\/Corsi\/BIOTIN\/Download\/altro\/Revisione_RAR_Biotecnologie_Industriali_2013.pdf\" target=\"_self\">Rapporto Annuale di Riesame 2013<\/a><\/u><\/b><\/span><\/p>","protected":false},"excerpt":{"rendered":"<p>La Commissione per il Rapporto di Riesame (CRR) redige annualmente il Rapporto Annuale di Riesame (RAR) sotto la guida del docente Responsabile, come previsto dal DM 47\/2013 (modificato dal DM 1059\/2013), e deve essere formalmente approvato dal Consiglio di Corso di Studio e dal Presidio per la Qualit\u00e0 di Ateneo. Il RAR \u00e8 un atto essenziale del Sistema di Assicurazione della Qualit\u00e0 delle attivit\u00e0 di formazione. E&#8217; un processo periodico e programmato che ha lo scopo di tenere sotto controllo le attivit\u00e0 di formazione, i loro strumenti, i servizi, le infrastrutture,\u00a0verificare l\u2019adeguatezza degli obiettivi di apprendimento che il Corso di <a href='https:\/\/corsi.unica.it\/biotecnologieindustriali\/commissione-per-il-rapporto-di-riesame\/' class='excerpt-more'>[&#8230;]<\/a><\/p>\n","protected":false},"author":2657,"featured_media":0,"parent":0,"menu_order":0,"comment_status":"closed","ping_status":"closed","template":"","meta":{"footnotes":""},"class_list":["post-2506","page","type-page","status-publish","hentry","post-seq-1","post-parity-odd","meta-position-corners","fix"],"publishpress_future_action":{"enabled":false,"date":"2026-04-29 23:01:33","action":"change-status","newStatus":"draft","terms":[],"taxonomy":"","extraData":[]},"publishpress_future_workflow_manual_trigger":{"enabledWorkflows":[]},"_links":{"self":[{"href":"https:\/\/corsi.unica.it\/biotecnologieindustriali\/wp-json\/wp\/v2\/pages\/2506","targetHints":{"allow":["GET"]}}],"collection":[{"href":"https:\/\/corsi.unica.it\/biotecnologieindustriali\/wp-json\/wp\/v2\/pages"}],"about":[{"href":"https:\/\/corsi.unica.it\/biotecnologieindustriali\/wp-json\/wp\/v2\/types\/page"}],"author":[{"embeddable":true,"href":"https:\/\/corsi.unica.it\/biotecnologieindustriali\/wp-json\/wp\/v2\/users\/2657"}],"replies":[{"embeddable":true,"href":"https:\/\/corsi.unica.it\/biotecnologieindustriali\/wp-json\/wp\/v2\/comments?post=2506"}],"version-history":[{"count":1,"href":"https:\/\/corsi.unica.it\/biotecnologieindustriali\/wp-json\/wp\/v2\/pages\/2506\/revisions"}],"predecessor-version":[{"id":2507,"href":"https:\/\/corsi.unica.it\/biotecnologieindustriali\/wp-json\/wp\/v2\/pages\/2506\/revisions\/2507"}],"wp:attachment":[{"href":"https:\/\/corsi.unica.it\/biotecnologieindustriali\/wp-json\/wp\/v2\/media?parent=2506"}],"curies":[{"name":"wp","href":"https:\/\/api.w.org\/{rel}","templated":true}]}}