{"id":2509,"date":"2017-05-06T13:02:24","date_gmt":"2017-05-06T13:02:24","guid":{"rendered":"http:\/\/corsi.unica.it\/biotecnologieindustriali\/?page_id=2509"},"modified":"2018-09-19T13:28:48","modified_gmt":"2018-09-19T13:28:48","slug":"questionari-di-valutazione","status":"publish","type":"page","link":"https:\/\/corsi.unica.it\/biotecnologieindustriali\/questionari-di-valutazione\/","title":{"rendered":"Questionari di valutazione"},"content":{"rendered":"<p>La valutazione della didattica da parte degli studenti frequentanti, introdotta dal MIUR con la legge n.370\/99, \u00e8 diventata una prassi di tutte le universit\u00e0 italiane e si concretizza in una somministrazione semestrale di questionari qualitativi. Il Nucleo di Valutazione di Ateneo ha adottato un questionario che riprende lo schema proposto dal Comitato Nazionale per la Valutazione del Sistema Universitario (CNVSU), al fine di rendere il pi\u00f9 possibile omogenea la rilevazione su scala nazionale. Il questionario \u00e8 strutturato in cinque sezioni:<\/p>\n<p>&nbsp;<\/p>\n<p>1 organizzazione del corso di studi<br \/>\n2 organizzazione dell&#8217;insegnamento<br \/>\n3 attivit\u00e0 didattiche e studio<br \/>\n4 infrastrutture<br \/>\n5 interesse e soddisfazione.<\/p>\n<p>&nbsp;<\/p>\n<p>Complessivamente le domande del questionario sono 16, tenendo conto di alcuni aspetti particolarmente rilevanti:<\/p>\n<p>&nbsp;<\/p>\n<p>&#8211; la congruit\u00e0 dei programmi con il materiale didattico indicato e fornito;<br \/>\n&#8211; il carico di studio dichiarato, in termini di crediti formativi universitari (CFU);<br \/>\n&#8211; la valutazione dell&#8217;efficacia della didattica e l&#8217;informazione sulla qualit\u00e0 della docenza (le conoscenze preliminari, reperibilit\u00e0, chiarezza di esposizione, attrattivit\u00e0);<br \/>\n&#8211; l&#8217;adeguatezza delle strutture, dei servizi di contesto e degli strumenti alle esigenze didattiche (aule, attivit\u00e0 didattiche integrative, materiale didattico);<br \/>\n&#8211; l&#8217;organizzazione complessiva degli insegnamenti (orari delle lezioni, modalit\u00e0 d&#8217;esame)<br \/>\n&#8211; interesse e soddisfazione dell&#8217;insegnamento<br \/>\n&#8211; assiduit\u00e0 di frequenza delle lezioni<\/p>\n<p>&nbsp;<\/p>\n<div>Il Coordinatore del corso di laurea comunica al corpo docente i risultati dei questionari in una seduta del Consiglio di Corso di Studio (CCS). Dopodich\u00e9, \u00e8 compito del Gruppo di Autovalutazione (GAV) esaminare le rilevazioni ed eventualmente proporre azioni correttive. Si rendono inoltre disponibili le valutazioni dei tutor aziendali sull&#8217;attivit\u00e0 di tirocinio curriculare.<\/div>\n<div><\/div>\n<div><\/div>\n<div><\/div>\n<hr size=\"\u201d2\u2033\" \/>\n<div><\/div>\n<div><\/div>\n<div><\/div>\n<div><strong>Risultati dei Questionari di Ateneo<\/strong><\/div>\n<div><\/div>\n<div><\/div>\n<div>\n<ul class=\"mainlist\">\n<li class=\"subfolder\">Risultati dei Questionari di Ateneo a.a. 2009-2010\n<ul class=\"subfolder\">\n<li><a href=\"http:\/\/www.consorziouno.it\/opencms\/export\/sites\/default\/Corsi\/BIOTIN\/IlCorso\/Qualita\/RisultatiQuestionari\/QV0910\/Valutaz.Didattica0910_IIsem.pdf\">Valutazione della Didattica a.a. 2009-2010 IIsem.<\/a><\/li>\n<li><a href=\"http:\/\/www.consorziouno.it\/opencms\/export\/sites\/default\/Corsi\/BIOTIN\/IlCorso\/Qualita\/RisultatiQuestionari\/QV0910\/Valutaz.Didattica0910_Isem.pdf\">Valutazione della Didattica a.a. 2009-2010 Isem.<\/a><\/li>\n<\/ul>\n<\/li>\n<\/ul>\n<p>&nbsp;<\/p>\n<ul class=\"mainlist\">\n<li class=\"subfolder\">Risultati dei Questionari di Ateneo a.a. 2010-2011\n<ul class=\"subfolder\">\n<li><a href=\"http:\/\/www.consorziouno.it\/opencms\/export\/sites\/default\/Corsi\/BIOTIN\/IlCorso\/Qualita\/RisultatiQuestionari\/QV1011\/Valutaz.Didattica1011_IIsem.pdf\">Valutazione della Didattica a.a. 2010-2011 IIsem.<\/a><\/li>\n<li><a href=\"http:\/\/www.consorziouno.it\/opencms\/export\/sites\/default\/Corsi\/BIOTIN\/IlCorso\/Qualita\/RisultatiQuestionari\/QV1011\/Valutaz.Didattica1011_Isem.pdf\">Valutazione della Didattica a.a. 2010-2011 Isem.<\/a><\/li>\n<\/ul>\n<\/li>\n<\/ul>\n<p>&nbsp;<\/p>\n<ul class=\"mainlist\">\n<li class=\"subfolder\">Risultati dei Questionari di Ateneo a.a. 2011-2012\n<ul class=\"subfolder\">\n<li><a href=\"http:\/\/www.consorziouno.it\/opencms\/export\/sites\/default\/Corsi\/BIOTIN\/IlCorso\/Qualita\/RisultatiQuestionari\/QV1112\/Valutaz.Didattica1112_IIsem.pdf\">Valutazione della Didattica a.a. 2011-2012 II sem.<\/a><\/li>\n<li><a href=\"http:\/\/www.consorziouno.it\/opencms\/export\/sites\/default\/Corsi\/BIOTIN\/IlCorso\/Qualita\/RisultatiQuestionari\/QV1112\/Valutaz.Didattica1112_Isem.pdf\">Valutazione della Didattica a.a. 2011-2012 Isem.<\/a><\/li>\n<\/ul>\n<\/li>\n<\/ul>\n<p>&nbsp;<\/p>\n<ul class=\"mainlist\">\n<li class=\"subfolder\">Risultati dei Questionari di Ateneo a.a. 2012-2013\n<ul class=\"subfolder\">\n<li><a href=\"http:\/\/corsi.unica.it\/biotecnologieindustriali\/files\/2018\/09\/Risultati-dei-Questionari-di-Ateneo-a.a.-2012-2013.zip\">Valutazione della Didattica a.a. 2012-2013<\/a><\/li>\n<\/ul>\n<\/li>\n<\/ul>\n<p>&nbsp;<\/p>\n<ul class=\"mainlist\">\n<li class=\"subfolder\">Risultati dei Questionari di Ateneo a.a. 2013-2014\n<ul class=\"subfolder\">\n<li><a href=\"http:\/\/corsi.unica.it\/biotecnologieindustriali\/files\/2018\/09\/Risultati-dei-Questionari-di-Ateneo-a.a.-2013-2014.zip\">Valutazioni studenti AA2013-2014 Annuale<\/a><\/li>\n<\/ul>\n<\/li>\n<\/ul>\n<p>&nbsp;<\/p>\n<ul class=\"mainlist\">\n<li class=\"subfolder\">Risultati dei Questionari di Ateneo a.a. 2014-2015\n<ul class=\"subfolder\">\n<li><a href=\"http:\/\/corsi.unica.it\/biotecnologieindustriali\/files\/2018\/09\/Risultati-dei-Questionari-di-Ateneo-a.a.-2014-2015.zip\">Valutazioni studenti AA2014-2015 Annuale<\/a><\/li>\n<\/ul>\n<\/li>\n<\/ul>\n<p>&nbsp;<\/p>\n<ul class=\"mainlist\">\n<li class=\"subfolder\">Risultati dei Questionari di Ateneo a.a. 2015-2016\n<ul class=\"subfolder\">\n<li><a href=\"http:\/\/corsi.unica.it\/biotecnologieindustriali\/files\/2018\/09\/BF_60_56_CDS_AD_AA_PREC_AA2015_2016_SEM1.pdf\">BF_60_56_CDS_AD_AA_PREC_AA2015_2016_SEM1<\/a><\/li>\n<li><a href=\"http:\/\/corsi.unica.it\/biotecnologieindustriali\/files\/2018\/09\/BF_60_56_CDS_AD_FREQ_AA2015_2016_SEM1.pdf\">BF_60_56_CDS_AD_FREQ_AA2015_2016_SEM1<\/a><\/li>\n<li><a href=\"http:\/\/corsi.unica.it\/biotecnologieindustriali\/files\/2018\/09\/BF_60_56_CDS_AD_NO_FREQ_AA2015_2016_SEM1.pdf\">BF_60_56_CDS_AD_NO_FREQ_AA2015_2016_SEM1<\/a><\/li>\n<\/ul>\n<\/li>\n<\/ul>\n<p>&nbsp;<\/p>\n<ul class=\"mainlist\">\n<li class=\"subfolder\"><a href=\"http:\/\/corsi.unica.it\/biotecnologieindustriali\/files\/2018\/09\/CNVSU-9_02.pdf\">Risultati dei Questionari di Ateneo a.a. 2016-2017<\/a><\/li>\n<\/ul>\n<p>&nbsp;<\/p>\n<ul class=\"mainlist\">\n<li class=\"subfolder\"><a href=\"http:\/\/corsi.unica.it\/biotecnologieindustriali\/files\/2018\/09\/CDS_Scheda_Corso_di_Studi-17-18.pdf\">Risultati dei Questionari di Ateneo a.a. 2017-2018<\/a><\/li>\n<\/ul>\n<p><em><br \/>\n<\/em><em>\u00a0<\/em><\/p>\n<\/div>\n","protected":false},"excerpt":{"rendered":"<p>La valutazione della didattica da parte degli studenti frequentanti, introdotta dal MIUR con la legge n.370\/99, \u00e8 diventata una prassi di tutte le universit\u00e0 italiane e si concretizza in una somministrazione semestrale di questionari qualitativi. Il Nucleo di Valutazione di Ateneo ha adottato un questionario che riprende lo schema proposto dal Comitato Nazionale per la Valutazione del Sistema Universitario (CNVSU), al fine di rendere il pi\u00f9 possibile omogenea la rilevazione su scala nazionale. Il questionario \u00e8 strutturato in cinque sezioni: &nbsp; 1 organizzazione del corso di studi 2 organizzazione dell&#8217;insegnamento 3 attivit\u00e0 didattiche e studio 4 infrastrutture 5 interesse e <a href='https:\/\/corsi.unica.it\/biotecnologieindustriali\/questionari-di-valutazione\/' class='excerpt-more'>[&#8230;]<\/a><\/p>\n","protected":false},"author":2657,"featured_media":0,"parent":0,"menu_order":0,"comment_status":"closed","ping_status":"closed","template":"","meta":{"footnotes":""},"class_list":["post-2509","page","type-page","status-publish","hentry","post-seq-1","post-parity-odd","meta-position-corners","fix"],"publishpress_future_action":{"enabled":false,"date":"2026-04-29 23:03:01","action":"change-status","newStatus":"draft","terms":[],"taxonomy":"","extraData":[]},"publishpress_future_workflow_manual_trigger":{"enabledWorkflows":[]},"_links":{"self":[{"href":"https:\/\/corsi.unica.it\/biotecnologieindustriali\/wp-json\/wp\/v2\/pages\/2509","targetHints":{"allow":["GET"]}}],"collection":[{"href":"https:\/\/corsi.unica.it\/biotecnologieindustriali\/wp-json\/wp\/v2\/pages"}],"about":[{"href":"https:\/\/corsi.unica.it\/biotecnologieindustriali\/wp-json\/wp\/v2\/types\/page"}],"author":[{"embeddable":true,"href":"https:\/\/corsi.unica.it\/biotecnologieindustriali\/wp-json\/wp\/v2\/users\/2657"}],"replies":[{"embeddable":true,"href":"https:\/\/corsi.unica.it\/biotecnologieindustriali\/wp-json\/wp\/v2\/comments?post=2509"}],"version-history":[{"count":10,"href":"https:\/\/corsi.unica.it\/biotecnologieindustriali\/wp-json\/wp\/v2\/pages\/2509\/revisions"}],"predecessor-version":[{"id":2785,"href":"https:\/\/corsi.unica.it\/biotecnologieindustriali\/wp-json\/wp\/v2\/pages\/2509\/revisions\/2785"}],"wp:attachment":[{"href":"https:\/\/corsi.unica.it\/biotecnologieindustriali\/wp-json\/wp\/v2\/media?parent=2509"}],"curies":[{"name":"wp","href":"https:\/\/api.w.org\/{rel}","templated":true}]}}