{"id":2542,"date":"2017-05-10T11:04:57","date_gmt":"2017-05-10T11:04:57","guid":{"rendered":"http:\/\/corsi.unica.it\/biotecnologieindustriali\/?page_id=2542"},"modified":"2017-05-10T11:27:08","modified_gmt":"2017-05-10T11:27:08","slug":"prova-finale-2","status":"publish","type":"page","link":"https:\/\/corsi.unica.it\/biotecnologieindustriali\/prova-finale-2\/","title":{"rendered":"Prova finale"},"content":{"rendered":"<p>Il titolo di studio \u00e8 conferito previo superamento di una prova finale, denominata esame di laurea, che consiste nella presentazione e discussione di una relazione scritta sull&#8217;attivit\u00e0 di tirocinio che dovr\u00e0 essere svolto di norma, sulla base di apposite convenzioni, presso industrie, aziende ed enti italiani o esteri, presso Enti pubblici o privati di ricerca o, in alternativa, dietro motivata richiesta, presso un laboratorio di ricerca dell&#8217;Universit\u00e0 di Cagliari o di altre Universit\u00e0 italiane o straniere, sotto la guida di un Docente del CDS di Biotecnologie industriali. Obiettivo della prova finale \u00e8 quello di verificare la capacit\u00e0 del laureando di esporre e di discutere un argomento di carattere biotecnologico con chiarezza e padronanza. Per essere ammesso alla prova finale lo studente dovr\u00e0 aver acquisito almeno 179 CFU come dettagliati nel prospetto dell&#8217;offerta formativa. La Commissione di laurea valuta l\u2019attivit\u00e0 di tirocinio e della prova finale attraverso un giudizio espresso in centodieci\/centodieci ( 110\/110) che viene verbalizzato nel registro della lauree del CdL, fornito dalla Segreteria degli Studenti della Facolt\u00e0 di Biologia e Farmacia, che lo custodisce.<\/p>\n<p>Lo svolgimento dell\u2019esame di laurea e la proclamazione finale sono pubblici. Entro il mese di marzo il Consiglio del Corso di Studi approva il calendario degli appelli di laurea relativo all\u2019A.A. in corso. Sono garantiti almeno quattro appelli distribuiti nell\u2019A.A. Il CdL nomina per ogni appello di prova finale le Commissioni per gli esami finali composte da un minimo di sette membri ad un massimo di undici tra professori e ricercatori. Per essere ammesso a sostenere l\u2019esame di laurea, lo studente deve presentare apposita domanda alla Segreteria studenti entro i sessanta giorni precedenti l\u2019appello di laurea prescelto, unitamente alla ricevuta di iscrizione ad Almalaurea o alla dichiarazione sostitutiva.<\/p>\n<p>&nbsp;<\/p>\n<p>Entro i quindici giorni precedenti l\u2019appello di laurea*, il laureando deve:<\/p>\n<p>&nbsp;<\/p>\n<p>\uf0b7 aver concluso tutti gli esami di profitto<\/p>\n<p>\uf0b7 aver effettuato il versamento delle tassa di laurea e di pergamena<\/p>\n<p>\uf0b7 consegnare in Segreteria studenti il libretto universitario<\/p>\n<p>\uf0b7 consegnare al Manager didattico tre copie della tesi di laurea e l&#8217;abstract<\/p>\n<p>&nbsp;<\/p>\n<p>* Ad eccezione della sessione di laurea del mese di Marzo, per la quale il termine \u00e8 il 28 Febbraio. Almeno una copia della tesi di laurea dovr\u00e0 essere in lingua italiana, ulteriori copie potranno essere in lingua inglese. Il laureando ha il dovere di consegnare copia del report al supervisore 15 giorni prima della data di discussione di Laurea, pena il rinvio della discussione alla sessione di laurea successiva. I laureati sono tenuti a presentare un abstract in italiano e uno in inglese della relazione finale, ciascuno contenente un massimo di 250 parole.<\/p>","protected":false},"excerpt":{"rendered":"<p>Il titolo di studio \u00e8 conferito previo superamento di una prova finale, denominata esame di laurea, che consiste nella presentazione e discussione di una relazione scritta sull&#8217;attivit\u00e0 di tirocinio che dovr\u00e0 essere svolto di norma, sulla base di apposite convenzioni, presso industrie, aziende ed enti italiani o esteri, presso Enti pubblici o privati di ricerca o, in alternativa, dietro motivata richiesta, presso un laboratorio di ricerca dell&#8217;Universit\u00e0 di Cagliari o di altre Universit\u00e0 italiane o straniere, sotto la guida di un Docente del CDS di Biotecnologie industriali. Obiettivo della prova finale \u00e8 quello di verificare la capacit\u00e0 del laureando di <a href='https:\/\/corsi.unica.it\/biotecnologieindustriali\/prova-finale-2\/' class='excerpt-more'>[&#8230;]<\/a><\/p>\n","protected":false},"author":2657,"featured_media":0,"parent":0,"menu_order":0,"comment_status":"closed","ping_status":"closed","template":"","meta":{"footnotes":""},"class_list":["post-2542","page","type-page","status-publish","hentry","post-seq-1","post-parity-odd","meta-position-corners","fix"],"publishpress_future_action":{"enabled":false,"date":"2026-04-30 03:13:42","action":"change-status","newStatus":"draft","terms":[],"taxonomy":"","extraData":[]},"publishpress_future_workflow_manual_trigger":{"enabledWorkflows":[]},"_links":{"self":[{"href":"https:\/\/corsi.unica.it\/biotecnologieindustriali\/wp-json\/wp\/v2\/pages\/2542","targetHints":{"allow":["GET"]}}],"collection":[{"href":"https:\/\/corsi.unica.it\/biotecnologieindustriali\/wp-json\/wp\/v2\/pages"}],"about":[{"href":"https:\/\/corsi.unica.it\/biotecnologieindustriali\/wp-json\/wp\/v2\/types\/page"}],"author":[{"embeddable":true,"href":"https:\/\/corsi.unica.it\/biotecnologieindustriali\/wp-json\/wp\/v2\/users\/2657"}],"replies":[{"embeddable":true,"href":"https:\/\/corsi.unica.it\/biotecnologieindustriali\/wp-json\/wp\/v2\/comments?post=2542"}],"version-history":[{"count":3,"href":"https:\/\/corsi.unica.it\/biotecnologieindustriali\/wp-json\/wp\/v2\/pages\/2542\/revisions"}],"predecessor-version":[{"id":2573,"href":"https:\/\/corsi.unica.it\/biotecnologieindustriali\/wp-json\/wp\/v2\/pages\/2542\/revisions\/2573"}],"wp:attachment":[{"href":"https:\/\/corsi.unica.it\/biotecnologieindustriali\/wp-json\/wp\/v2\/media?parent=2542"}],"curies":[{"name":"wp","href":"https:\/\/api.w.org\/{rel}","templated":true}]}}