{"id":2555,"date":"2017-05-10T11:16:04","date_gmt":"2017-05-10T11:16:04","guid":{"rendered":"http:\/\/corsi.unica.it\/biotecnologieindustriali\/?page_id=2555"},"modified":"2018-01-31T12:17:13","modified_gmt":"2018-01-31T12:17:13","slug":"consiglio-di-corso-di-studio","status":"publish","type":"page","link":"https:\/\/corsi.unica.it\/biotecnologieindustriali\/consiglio-di-corso-di-studio\/","title":{"rendered":"Consiglio di Corso di Studio"},"content":{"rendered":"<p>Il Consiglio di Corso di Studio \u00e8 l&#8217;organo che programma e coordina l&#8217;attivit\u00e0 didattica del corso di laurea. E&#8217; composto dai professori e dai ricercatori che svolgono attivit\u00e0 didattica nell&#8217;ambito del corso (vedi <a href=\"http:\/\/www.consorziouno.it\/Corsi\/BIOTIN\/IlCorso\/Informazioni\/docenti.html\" target=\"_self\">elenco docenti<\/a>) e dai rappresentanti degli studenti (vedi elenco studenti).\u00a0Il Consiglio si occupa di:<br \/>\n&#8211; stabilire i contenuti didattici e le modalit\u00e0 dei corsi di insegnamento, coordinandoli tra loro e promuovendo nuove modalit\u00e0 didattiche;<br \/>\n&#8211; proporre al Consiglio di Facolt\u00e0 il piano di attivazione e copertura degli insegnamenti, servendosi anche della collaborazione dei Consigli di Area;<br \/>\n&#8211; predisporre per il Consiglio di Facolt\u00e0 le relazioni sull\u2019attivit\u00e0 didattica, anche al fine di fornire elementi agli organi preposti alla attivit\u00e0 valutativa;<br \/>\n&#8211; formulare al Consiglio di Facolt\u00e0 proposte e pareri in merito a quanto attiene ai Corsi di studio;<br \/>\n&#8211; deliberare in merito ai piani di studio, ai trasferimenti, ai passaggi, alla convalida di esami e su eventuali domande degli studenti attinenti al curriculum\u00a0 degli studi;<br \/>\n&#8211; organizzare l&#8217;attivit\u00e0 di tutorato e di tirocinio per gli studenti iscritti;<br \/>\n&#8211; esaminare le proposte della Commissione paritetica;<br \/>\n&#8211; eleggere il Presidente del Consiglio di Corso.<\/p>\n<p>&nbsp;<\/p>\n<p><strong><a title=\"Verbali degli Organi Didattici\" href=\"http:\/\/www.consorziouno.it\/Corsi\/BIOTIN\/IlCorso\/Qualita\/Verbali\/CCS\/\" target=\"_self\">Verbali del Consiglio di Corso di Studio<\/a>:<\/strong><\/p>\n<ul class=\"mainlist\">\n<li class=\"subfolder\">2017\n<ul class=\"subfolder\">\n<li><a href=\"http:\/\/corsi.unica.it\/biotecnologieindustriali\/files\/2017\/05\/Verbale_08-02-2017.pdf\">Verbale del 08-02-2017<\/a><\/li>\n<li><a href=\"http:\/\/corsi.unica.it\/biotecnologieindustriali\/files\/2017\/09\/Verbale_15-03-17.pdf\">Verbale del 15-03-2017<\/a><\/li>\n<li><a href=\"http:\/\/corsi.unica.it\/biotecnologieindustriali\/files\/2017\/09\/Verbale_29-06-17.pdf\">Verbale del 29-06-2017<\/a><\/li>\n<li><a href=\"http:\/\/corsi.unica.it\/biotecnologieindustriali\/files\/2018\/01\/Verbale-CCS_180717.pdf\">Verbale del 18-07-2017<\/a><\/li>\n<li><a href=\"http:\/\/corsi.unica.it\/biotecnologieindustriali\/files\/2018\/01\/Verbale-CCS_260917.pdf\">Verbale del 26-09-2017<\/a><\/li>\n<li><a href=\"http:\/\/corsi.unica.it\/biotecnologieindustriali\/files\/2018\/01\/Verbale-CCS_251017.pdf\">Verbale del 25-10-2017<\/a><\/li>\n<\/ul>\n<\/li>\n<li class=\"subfolder\">2016\n<ul class=\"subfolder\">\n<li><a href=\"http:\/\/corsi.unica.it\/biotecnologieindustriali\/files\/2017\/05\/Verbale_02-11-2016.pdf\">Verbale del 02-11-2016<\/a><\/li>\n<li><a href=\"http:\/\/corsi.unica.it\/biotecnologieindustriali\/files\/2017\/05\/Verbale-CCS_140916.pdf\">Verbale del 14-09-2016<\/a><\/li>\n<li><a href=\"http:\/\/corsi.unica.it\/biotecnologieindustriali\/files\/2017\/05\/Verbale-CCS_060716.pdf\">Verbale del 06-07-2016<\/a><\/li>\n<li><a href=\"http:\/\/corsi.unica.it\/biotecnologieindustriali\/files\/2017\/05\/Verbale-CCS-Telematico_07-03-2016.pdf\">Verbale del 07-03-2016<\/a><\/li>\n<li><a href=\"http:\/\/corsi.unica.it\/biotecnologieindustriali\/files\/2017\/05\/Verbale_24-02-2016.pdf\">Verbale del 24-02-2016<\/a><\/li>\n<li><a href=\"http:\/\/corsi.unica.it\/biotecnologieindustriali\/files\/2017\/05\/Verbale_03-02-2016.pdf\">Verbale del 03-02-2016<\/a><\/li>\n<\/ul>\n<\/li>\n<li class=\"subfolder\">2015\n<ul class=\"subfolder\">\n<li><a href=\"http:\/\/corsi.unica.it\/biotecnologieindustriali\/files\/2017\/05\/Verbale_16-12-2015.pdf\">Verbale del 16-12-2015<\/a><\/li>\n<li><a href=\"http:\/\/corsi.unica.it\/biotecnologieindustriali\/files\/2017\/05\/Verbale_26-11-2015.pdf\">Verbale del 26-11-2015<\/a><\/li>\n<li><a href=\"http:\/\/corsi.unica.it\/biotecnologieindustriali\/files\/2017\/05\/Verbale_11-11-2015.pdf\">Verbale del 11-11-2015<\/a><\/li>\n<li><a href=\"http:\/\/corsi.unica.it\/biotecnologieindustriali\/files\/2017\/05\/Verbale_14-10-2015.pdf\">Verbale del 14-10-2015<\/a><\/li>\n<li><a href=\"http:\/\/corsi.unica.it\/biotecnologieindustriali\/files\/2017\/05\/Verbale_22-07-2015.pdf\">Verbale del 22-07-2015<\/a><\/li>\n<li><a href=\"http:\/\/corsi.unica.it\/biotecnologieindustriali\/files\/2017\/05\/Verbale_09-06-2015.pdf\">Verbale del 09-06-2015<\/a><\/li>\n<li><a href=\"http:\/\/corsi.unica.it\/biotecnologieindustriali\/files\/2017\/05\/Verbale_23-03-2015.pdf\">Verbale del 23-03-2015<\/a><\/li>\n<li><a href=\"http:\/\/corsi.unica.it\/biotecnologieindustriali\/files\/2017\/05\/Verbale_10-02-2015.pdf\">Verbale del 10-02-2015<\/a><\/li>\n<\/ul>\n<\/li>\n<li class=\"subfolder\">2014\n<ul class=\"subfolder\">\n<li><a href=\"http:\/\/corsi.unica.it\/biotecnologieindustriali\/files\/2017\/05\/Verbale_05-11-2014.pdf\">Verbale del 05-11-2014<\/a><\/li>\n<li><a href=\"http:\/\/corsi.unica.it\/biotecnologieindustriali\/files\/2017\/05\/Verbale_22-09-2014.pdf\">Verbale del 22-09-2014<\/a><\/li>\n<li><a href=\"http:\/\/corsi.unica.it\/biotecnologieindustriali\/files\/2017\/05\/Verbale_01-08-2014.pdf\">Verbale del 01-08-2014<\/a><\/li>\n<li><a href=\"http:\/\/corsi.unica.it\/biotecnologieindustriali\/files\/2017\/05\/Verbale_04-06-2014.pdf\">Verbale del 04-06-2014<\/a><\/li>\n<li><a href=\"http:\/\/corsi.unica.it\/biotecnologieindustriali\/files\/2017\/05\/Verbale_12-03-2014.pdf\">Verbale del 12-03-2014<\/a><\/li>\n<li><a href=\"http:\/\/corsi.unica.it\/biotecnologieindustriali\/files\/2017\/05\/Verbale_06-02-2014.pdf\">Verbale del 06-02-2014<\/a><\/li>\n<li><a href=\"http:\/\/corsi.unica.it\/biotecnologieindustriali\/files\/2017\/05\/Verbale_27-01-2014.pdf\">Verbale del 27-01-2014<\/a><\/li>\n<\/ul>\n<\/li>\n<\/ul>\n","protected":false},"excerpt":{"rendered":"<p>Il Consiglio di Corso di Studio \u00e8 l&#8217;organo che programma e coordina l&#8217;attivit\u00e0 didattica del corso di laurea. E&#8217; composto dai professori e dai ricercatori che svolgono attivit\u00e0 didattica nell&#8217;ambito del corso (vedi elenco docenti) e dai rappresentanti degli studenti (vedi elenco studenti).\u00a0Il Consiglio si occupa di: &#8211; stabilire i contenuti didattici e le modalit\u00e0 dei corsi di insegnamento, coordinandoli tra loro e promuovendo nuove modalit\u00e0 didattiche; &#8211; proporre al Consiglio di Facolt\u00e0 il piano di attivazione e copertura degli insegnamenti, servendosi anche della collaborazione dei Consigli di Area; &#8211; predisporre per il Consiglio di Facolt\u00e0 le relazioni sull\u2019attivit\u00e0 didattica, <a href='https:\/\/corsi.unica.it\/biotecnologieindustriali\/consiglio-di-corso-di-studio\/' class='excerpt-more'>[&#8230;]<\/a><\/p>\n","protected":false},"author":2657,"featured_media":0,"parent":0,"menu_order":0,"comment_status":"closed","ping_status":"closed","template":"","meta":{"footnotes":""},"class_list":["post-2555","page","type-page","status-publish","hentry","post-seq-1","post-parity-odd","meta-position-corners","fix"],"publishpress_future_action":{"enabled":false,"date":"2026-04-30 07:23:45","action":"change-status","newStatus":"draft","terms":[],"taxonomy":"","extraData":[]},"publishpress_future_workflow_manual_trigger":{"enabledWorkflows":[]},"_links":{"self":[{"href":"https:\/\/corsi.unica.it\/biotecnologieindustriali\/wp-json\/wp\/v2\/pages\/2555","targetHints":{"allow":["GET"]}}],"collection":[{"href":"https:\/\/corsi.unica.it\/biotecnologieindustriali\/wp-json\/wp\/v2\/pages"}],"about":[{"href":"https:\/\/corsi.unica.it\/biotecnologieindustriali\/wp-json\/wp\/v2\/types\/page"}],"author":[{"embeddable":true,"href":"https:\/\/corsi.unica.it\/biotecnologieindustriali\/wp-json\/wp\/v2\/users\/2657"}],"replies":[{"embeddable":true,"href":"https:\/\/corsi.unica.it\/biotecnologieindustriali\/wp-json\/wp\/v2\/comments?post=2555"}],"version-history":[{"count":8,"href":"https:\/\/corsi.unica.it\/biotecnologieindustriali\/wp-json\/wp\/v2\/pages\/2555\/revisions"}],"predecessor-version":[{"id":2769,"href":"https:\/\/corsi.unica.it\/biotecnologieindustriali\/wp-json\/wp\/v2\/pages\/2555\/revisions\/2769"}],"wp:attachment":[{"href":"https:\/\/corsi.unica.it\/biotecnologieindustriali\/wp-json\/wp\/v2\/media?parent=2555"}],"curies":[{"name":"wp","href":"https:\/\/api.w.org\/{rel}","templated":true}]}}