{"id":188,"date":"2012-06-27T10:07:01","date_gmt":"2012-06-27T10:07:01","guid":{"rendered":"http:\/\/people.unica.it\/meccanica\/?page_id=188"},"modified":"2017-01-26T12:18:33","modified_gmt":"2017-01-26T12:18:33","slug":"obiettivi-formativi","status":"publish","type":"page","link":"https:\/\/corsi.unica.it\/filosofiaeteoriedellacomunicazione\/didattica\/obiettivi-formativi\/","title":{"rendered":"Obiettivi formativi"},"content":{"rendered":"<p><span class=\"s1\">I<\/span><span class=\"s2\">l CdS interclasse \u00e8 finalizzato a fornire, in un&#8217;ottica interdisciplinare, una solida base di conoscenze, sviluppando metodi di analisi e competenze nei campi filosofico-teorici e storico-filosofici, con particolare attenzione alla dimensione\u00a0<\/span>epistemologica, sociologica e tecnologica dei processi linguistici e comunicativi. L\u2019offerta formativa del CdS salda pertanto esigenze manifestate dal mercato del lavoro e dall&#8217;evoluzione dei processi culturali in un nuovo percorso di studi che risponde meglio alla domanda formativa del contesto dell&#8217;Ateneo e della Regione Sardegna.<\/p>\n<p class=\"p1\"><span class=\"s2\"> La formazione offerta nel primo anno consente l&#8217;acquisizione di competenze di base, sia in relazione alle metodologie che ai contenuti, mentre gli insegnamenti previsti al secondo anno specializzano e raffinano le pi\u00f9 specifiche competenze di settore. Nel quadro di una sinergia d&#8217;azione, la nuova laurea interclasse \u00e8 volta alla definizione di un profilo che mette in connessione le tradizionali competenze storico-filosofiche con le capacit\u00e0 e le professionalit\u00e0 legate alla realt\u00e0 tecnologica e lavorativa contemporanea e alla sfera del linguaggio e della comunicazione.<\/span><\/p>","protected":false},"excerpt":{"rendered":"<p>Il CdS interclasse \u00e8 finalizzato a fornire, in un&#8217;ottica interdisciplinare, una solida base di conoscenze, sviluppando metodi di analisi e competenze nei campi filosofico-teorici e storico-filosofici, con particolare attenzione alla dimensione\u00a0epistemologica, sociologica e tecnologica dei processi linguistici e comunicativi. L\u2019offerta formativa del CdS salda pertanto esigenze manifestate dal mercato del lavoro e dall&#8217;evoluzione dei processi culturali in un nuovo percorso di studi che risponde meglio alla domanda formativa del contesto dell&#8217;Ateneo e della Regione Sardegna. La formazione offerta nel primo anno consente l&#8217;acquisizione di competenze di base, sia in relazione alle metodologie che ai contenuti, mentre gli insegnamenti previsti al <a href='https:\/\/corsi.unica.it\/filosofiaeteoriedellacomunicazione\/didattica\/obiettivi-formativi\/' class='excerpt-more'>[&#8230;]<\/a><\/p>\n","protected":false},"author":1,"featured_media":0,"parent":29,"menu_order":1,"comment_status":"closed","ping_status":"closed","template":"","meta":{"footnotes":""},"class_list":["post-188","page","type-page","status-publish","hentry","post-seq-1","post-parity-odd","meta-position-corners","fix"],"publishpress_future_action":{"enabled":false,"date":"2026-04-23 11:30:28","action":"change-status","newStatus":"draft","terms":[],"taxonomy":"","extraData":[]},"publishpress_future_workflow_manual_trigger":{"enabledWorkflows":[]},"_links":{"self":[{"href":"https:\/\/corsi.unica.it\/filosofiaeteoriedellacomunicazione\/wp-json\/wp\/v2\/pages\/188","targetHints":{"allow":["GET"]}}],"collection":[{"href":"https:\/\/corsi.unica.it\/filosofiaeteoriedellacomunicazione\/wp-json\/wp\/v2\/pages"}],"about":[{"href":"https:\/\/corsi.unica.it\/filosofiaeteoriedellacomunicazione\/wp-json\/wp\/v2\/types\/page"}],"author":[{"embeddable":true,"href":"https:\/\/corsi.unica.it\/filosofiaeteoriedellacomunicazione\/wp-json\/wp\/v2\/users\/1"}],"replies":[{"embeddable":true,"href":"https:\/\/corsi.unica.it\/filosofiaeteoriedellacomunicazione\/wp-json\/wp\/v2\/comments?post=188"}],"version-history":[{"count":11,"href":"https:\/\/corsi.unica.it\/filosofiaeteoriedellacomunicazione\/wp-json\/wp\/v2\/pages\/188\/revisions"}],"predecessor-version":[{"id":2110,"href":"https:\/\/corsi.unica.it\/filosofiaeteoriedellacomunicazione\/wp-json\/wp\/v2\/pages\/188\/revisions\/2110"}],"up":[{"embeddable":true,"href":"https:\/\/corsi.unica.it\/filosofiaeteoriedellacomunicazione\/wp-json\/wp\/v2\/pages\/29"}],"wp:attachment":[{"href":"https:\/\/corsi.unica.it\/filosofiaeteoriedellacomunicazione\/wp-json\/wp\/v2\/media?parent=188"}],"curies":[{"name":"wp","href":"https:\/\/api.w.org\/{rel}","templated":true}]}}