{"id":1947,"date":"2016-07-27T13:48:04","date_gmt":"2016-07-27T13:48:04","guid":{"rendered":"http:\/\/corsi.unica.it\/filosofiaeteoriedellacomunicazione\/?page_id=1947"},"modified":"2022-05-17T09:44:05","modified_gmt":"2022-05-17T09:44:05","slug":"tirocini","status":"publish","type":"page","link":"https:\/\/corsi.unica.it\/filosofiaeteoriedellacomunicazione\/didattica\/tirocini\/","title":{"rendered":"Tirocini"},"content":{"rendered":"<p class=\"first-para\">Il tirocinio \u00e8 un&#8217;attivit\u00e0 obbligatoria prevista nel piano di studio per un valore di 4 CFU, corrispondenti a 100 ore di attivit\u00e0. Ha lo scopo di realizzare momenti di alternanza tra studio e lavoro nell\u2019ambito di processi formativi e di agevolare le scelte professionali mediante la conoscenza diretta del mondo del lavoro. Le tre finalit\u00e0 principali sono quindi:<\/p>\n<ul>\n<li>quella formativa, che permette di approfondire, verificare ed ampliare l\u2019apprendimento ricevuto nel percorso degli studi;<\/li>\n<li>quella applicativa, che consente allo studente un\u2019immediata applicazione pratica delle conoscenze acquisite;<\/li>\n<li>quella orientativa, che mira a far conoscere la realt\u00e0 del mondo del lavoro allo studente.<\/li>\n<\/ul>\n<p><strong>Quali sono i soggetti coinvolti?<\/strong><\/p>\n<ul>\n<li>Tirocinante;<\/li>\n<li>Ente\/azienda ospitante: ente pubblico o privato che, dopo aver stipulato un\u2019apposita convenzione con l\u2019Universit\u00e0, ospiter\u00e0 il tirocinante;<\/li>\n<li>Responsabile del trattamento dati: soggetto che viene nominato in azienda per il trattamento dei dati personali connessi alle attivit\u00e0 della Convenzione;<\/li>\n<li>Tutor docente: si tratta di un docente del corso di laurea con il quale si relazioneranno sia il tutor aziendale che il tirocinante prima, durante ed al termine dell\u2019attivit\u00e0 di tirocinio;<\/li>\n<li>Tutor aziendale: \u00e8 il responsabile del tirocinante all\u2019interno dell\u2019ente\/azienda. E\u2019 nominato dall\u2019azienda stessa.<\/li>\n<\/ul>\n<p><strong>Enti convenzionati<\/strong><\/p>\n<p>Per la lista degli enti convenzionati consultare la seguente pagina: <a href=\"https:\/\/corsi.unica.it\/filosofiaeteoriedellacomunicazione\/mondo-del-lavoro\/aziende-ed-enti-convenzionati\/\" target=\"_blank\" rel=\"noopener noreferrer\">https:\/\/corsi.unica.it\/filosofiaeteoriedellacomunicazione\/mondo-del-lavoro\/aziende-ed-enti-convenzionati\/<\/a><\/p>\n<p><strong>Modulistica studente<\/strong><\/p>\n<ul>\n<li><a href=\"https:\/\/corsi.unica.it\/filosofiaeteoriedellacomunicazione\/files\/2022\/03\/Progettoditirocinio.docx\">Progetto di tirocinio<\/a> (da compilare a cura del tutor aziendale e del tutor universitario. Firma dei due tutor, del tirocinante e del Coordinatore di Cds)<\/li>\n<li><a href=\"https:\/\/corsi.unica.it\/filosofiaeteoriedellacomunicazione\/files\/2022\/05\/Registro-presenze.docx\">Registro presenze<\/a><\/li>\n<li><a href=\"https:\/\/corsi.unica.it\/filosofiaeteoriedellacomunicazione\/files\/2022\/05\/Relazione-finale-e-questionario-tirocinante.docx\">Relazione finale tirocinanti e questionario<\/a>\u00a0\u00a0(da compilare e spedire a cura del Tirocinante)<\/li>\n<\/ul>\n<p><strong>Modulistica ente ospitante<\/strong><\/p>\n<ul>\n<li><a href=\"https:\/\/corsi.unica.it\/filosofiaeteoriedellacomunicazione\/files\/2022\/03\/Scheda_adesione_aziende.doc\">Scheda di adesione<\/a> (da compilare in tutte le sue parti a cura dell&#8217;Ente\/Azienda)<\/li>\n<li><a href=\"https:\/\/corsi.unica.it\/filosofiaeteoriedellacomunicazione\/files\/2022\/03\/Studi-Umanistici-convenzione-tirocini-modello-unico.doc\">Convenzione tirocini<\/a> (da compilare in tutte le sue parti a cura dell\u2019Ente\/Azienda e della Facolt\u00e0)<\/li>\n<li><a href=\"http:\/\/corsi.unica.it\/beniculturaliespettacolo\/files\/2020\/05\/1-Nomina-responsabile-trattamento.pdf\" target=\"_blank\" rel=\"noopener noreferrer\">Nomina responsabile trattamento<\/a> (da compilare in tutte le sue parti a cura dell\u2019Ente\/Azienda e della Facolt\u00e0)<\/li>\n<li><a href=\"http:\/\/corsi.unica.it\/beniculturaliespettacolo\/files\/2020\/05\/Scheda-Valutazione-azienda.pdf\" target=\"_blank\" rel=\"noopener noreferrer\">Scheda Valutazione azienda<\/a> (da compilare e spedire alla fine del tirocinio a cura dell\u2019Ente\/Azienda)<\/li>\n<\/ul>\n<p>&nbsp;<\/p>\n<p><strong>Procedura da seguire per i tirocini<\/strong><\/p>\n<p>1) lo\/a studente\/essa individua l&#8217;Ente ospitante dall&#8217;elenco delle convenzioni o autonomamente;<\/p>\n<p>2) se l&#8217;ente non \u00e8 convenzionato, va stipulata la convenzione con la Facolt\u00e0 attraverso l&#8217;invio della scheda di adesione che lo studente fa compilare all&#8217;ente ospitante e poi invia alla Segreteria di Presidenza (Drs Monica Mura) la quale istruisce la convenzione; se l&#8217;ente \u00e8 gi\u00e0 convenzionato, si salta questo punto;<\/p>\n<p>3) lo\/a studente\/essa redige il progetto formativo insieme all&#8217;Ente ospitante;<\/p>\n<p>4) lo\/a studente\/essa sottopone il progetto formativo alla Docente tutor (proff. Taraborrelli, Granata) che, in caso di accettazione, firma per competenza;<\/p>\n<p>5) lo\/a studente\/essa sottopone il progetto formativo al Coordinatore (prof. Busacchi) che firma per competenza;<\/p>\n<p>6) lo\/a studente\/essa invia il progetto di tirocinio alla Segreteria di Presidenza (Drs Monica Mura);<\/p>\n<p>7) al termine del tirocinio lo\/a studente\/essa invia la documentazione finale alla Segreteria di Presidenza (Drs Monica Mura);<\/p>\n<p>8) la Segreteria di Presidenza istruisce la pratica per la Commissione tirocini e per il Consiglio di Corso.<\/p>\n<p>&nbsp;<\/p>\n<p><em>Contatti:<\/em><\/p>\n<p>Prof. Vinicio Busacchi <a href=\"mailto:busacchi@unica.it\">busacchi@unica.it<\/a><br \/>\nProf. ssa Giovanna Granata\u00a0<a href=\"mailto:ggranata@unica.it\">ggranata@unica.it<\/a><br \/>\nProf. ssa Angela Taraborrelli\u00a0<a href=\"mailto:taraborrelli@unica.it\">taraborrelli@unica.it<\/a><\/p>\n<p>Dott.ssa Monica Mura\u00a0<a href=\"mailto:monmura@amm.unica.it\">monmura@amm.unica.it<\/a><\/p>\n<p>&nbsp;<\/p>\n","protected":false},"excerpt":{"rendered":"<p>Il tirocinio \u00e8 un&#8217;attivit\u00e0 obbligatoria prevista nel piano di studio per un valore di 4 CFU, corrispondenti a 100 ore di attivit\u00e0. Ha lo scopo di realizzare momenti di alternanza tra studio e lavoro nell\u2019ambito di processi formativi e di agevolare le scelte professionali mediante la conoscenza diretta del mondo del lavoro. Le tre finalit\u00e0 principali sono quindi: quella formativa, che permette di approfondire, verificare ed ampliare l\u2019apprendimento ricevuto nel percorso degli studi; quella applicativa, che consente allo studente un\u2019immediata applicazione pratica delle conoscenze acquisite; quella orientativa, che mira a far conoscere la realt\u00e0 del mondo del lavoro allo studente. <a href='https:\/\/corsi.unica.it\/filosofiaeteoriedellacomunicazione\/didattica\/tirocini\/' class='excerpt-more'>[&#8230;]<\/a><\/p>\n","protected":false},"author":442,"featured_media":0,"parent":29,"menu_order":7,"comment_status":"closed","ping_status":"closed","template":"","meta":{"footnotes":""},"class_list":["post-1947","page","type-page","status-publish","hentry","post-seq-1","post-parity-odd","meta-position-corners","fix"],"publishpress_future_action":{"enabled":false,"date":"2026-04-11 09:10:49","action":"change-status","newStatus":"draft","terms":[],"taxonomy":"","extraData":[]},"publishpress_future_workflow_manual_trigger":{"enabledWorkflows":[]},"_links":{"self":[{"href":"https:\/\/corsi.unica.it\/filosofiaeteoriedellacomunicazione\/wp-json\/wp\/v2\/pages\/1947","targetHints":{"allow":["GET"]}}],"collection":[{"href":"https:\/\/corsi.unica.it\/filosofiaeteoriedellacomunicazione\/wp-json\/wp\/v2\/pages"}],"about":[{"href":"https:\/\/corsi.unica.it\/filosofiaeteoriedellacomunicazione\/wp-json\/wp\/v2\/types\/page"}],"author":[{"embeddable":true,"href":"https:\/\/corsi.unica.it\/filosofiaeteoriedellacomunicazione\/wp-json\/wp\/v2\/users\/442"}],"replies":[{"embeddable":true,"href":"https:\/\/corsi.unica.it\/filosofiaeteoriedellacomunicazione\/wp-json\/wp\/v2\/comments?post=1947"}],"version-history":[{"count":35,"href":"https:\/\/corsi.unica.it\/filosofiaeteoriedellacomunicazione\/wp-json\/wp\/v2\/pages\/1947\/revisions"}],"predecessor-version":[{"id":2984,"href":"https:\/\/corsi.unica.it\/filosofiaeteoriedellacomunicazione\/wp-json\/wp\/v2\/pages\/1947\/revisions\/2984"}],"up":[{"embeddable":true,"href":"https:\/\/corsi.unica.it\/filosofiaeteoriedellacomunicazione\/wp-json\/wp\/v2\/pages\/29"}],"wp:attachment":[{"href":"https:\/\/corsi.unica.it\/filosofiaeteoriedellacomunicazione\/wp-json\/wp\/v2\/media?parent=1947"}],"curies":[{"name":"wp","href":"https:\/\/api.w.org\/{rel}","templated":true}]}}