{"id":1504,"date":"2014-04-18T12:02:47","date_gmt":"2014-04-18T12:02:47","guid":{"rendered":"http:\/\/corsi.unica.it\/iamaf\/?page_id=1504"},"modified":"2014-07-02T10:03:18","modified_gmt":"2014-07-02T10:03:18","slug":"docenti","status":"publish","type":"page","link":"https:\/\/corsi.unica.it\/iamaf\/docenti\/","title":{"rendered":"Docenti"},"content":{"rendered":"<p><a href=\"http:\/\/corsi.unica.it\/iamaf\/files\/2014\/04\/P1030728-Copia.jpeg\"><img decoding=\"async\" class=\"alignnone  wp-image-1527\" src=\"http:\/\/corsi.unica.it\/iamaf\/files\/2014\/04\/P1030728-Copia.jpeg\" alt=\"P1030728 - Copia\" width=\"146\" height=\"156\" srcset=\"https:\/\/corsi.unica.it\/iamaf\/files\/2014\/04\/P1030728-Copia.jpeg 240w, https:\/\/corsi.unica.it\/iamaf\/files\/2014\/04\/P1030728-Copia-2x2.jpeg 2w\" sizes=\"(max-width: 146px) 100vw, 146px\" \/><\/a><\/p>\n<p><strong>Paolo Francesco Putzu<\/strong><\/p>\n<p>Specialista in Medicina Interna, Geriatria e Gerontologia. Primario della Divisione Geriatria, Diabetologia, Centro dei Disturbi Cognitivi e Centro Diurno Riabilitativo per i deficit cognitivi della ASL n\u00b08 dal 1992 al 2009. Presidente in carica della sezione Sardegna dell\u2019Associazione Italiana di Psicogeriatria. Coordinatore regionale del progetto ministeriale Cronos e delle Unit\u00e0 Valutative Alzheimer per il progetto UNIVA. Gi\u00e0 membro delle commissioni della regione Sardegna su \u201cNon autosufficienza\u201d, \u201cDemenze e malattie neurodegenerative\u201d, \u201cprogetto Ritornare a Casa\u201d, \u201cConsulta dei servizi sociali\u201d. Ha scritto il capitolo \u201canziani\u201d del Piano Regionale Sociosanitario (1996). Ha partecipato come relatore a numerosi congressi ed ha pubblicato su diverse riviste scientifiche nazionali ed internazionali tra cui BMC Medicine, Journal of Alzheimer&#8217;s disease, Nature, Lipids in Health and Disease, American Journal of Medical Genetics &#8211; Neuropsychiatric Genetics.<\/p>\n<p>&nbsp;<\/p>\n<p><a href=\"http:\/\/corsi.unica.it\/iamaf\/files\/2014\/04\/Pino-Frau-e1404295373341.png\"><img decoding=\"async\" class=\"alignnone  wp-image-1573\" src=\"http:\/\/corsi.unica.it\/iamaf\/files\/2014\/04\/Pino-Frau-e1404295373341.png\" alt=\"Pino Frau\" width=\"150\" height=\"175\" srcset=\"https:\/\/corsi.unica.it\/iamaf\/files\/2014\/04\/Pino-Frau-e1404295373341.png 170w, https:\/\/corsi.unica.it\/iamaf\/files\/2014\/04\/Pino-Frau-e1404295373341-2x2.png 2w\" sizes=\"(max-width: 150px) 100vw, 150px\" \/><\/a><\/p>\n<p><strong>Pino Frau<\/strong><\/p>\n<p>medico dirigente di servizi sociosanitari, sostenitore e divulgatore delle tematiche sull\u2019integrazione professionale interdisciplinare e dell\u2019integrazione sociosanitaria. Esperto in organizzazione di servizi alla persona, negli ultimi anni ha coltivato il tema dell\u2019abitare e dei servizi correlati in un\u2019ottica d\u2019invecchiamento attivo inteso come percorso di vita in contesti di condivisione tra le et\u00e0. Implementa da diversi anni la cultura dei progetti integrati personalizzati, dell\u2019integrazione sociosanitaria e dell\u2019intergenerazionalit\u00e0. Si occupa di progettazione di percorsi formativi e di formazione in aula con applicazione di tecniche partecipative. Pubblica in diverse riviste nazionali e internazionali ed \u00e8 attivo nella rete dei social network in approccio di intergenerazionalit\u00e0.<\/p>\n<p><strong>\u00a0<\/strong><\/p>\n<p><a href=\"http:\/\/corsi.unica.it\/iamaf\/files\/2014\/04\/Senza-titolo-e1402599173773.jpg\"><img decoding=\"async\" class=\"alignnone wp-image-1530 size-full\" src=\"http:\/\/corsi.unica.it\/iamaf\/files\/2014\/04\/Senza-titolo-e1402599173773.jpg\" alt=\"\" width=\"148\" height=\"173\" srcset=\"https:\/\/corsi.unica.it\/iamaf\/files\/2014\/04\/Senza-titolo-e1402599173773.jpg 148w, https:\/\/corsi.unica.it\/iamaf\/files\/2014\/04\/Senza-titolo-e1402599173773-2x2.jpg 2w\" sizes=\"(max-width: 148px) 100vw, 148px\" \/><\/a><\/p>\n<p><strong>Sara Bachis<\/strong><\/p>\n<p>Laureata in Psicologia dello Sviluppo e della Formazione. Ha conseguito il Diploma di master universitario di II livello in Counsellor Socio-Educativo, presso l\u2019Istituto di formazione e Ricerca per educatori e psicoterapeuti \u2013 IFREP. Attualmente lavora presso il Centro Diurno Don Orione, a Selargius, struttura socio-sanitaria per malati di Alzheimer e disabili psichici e si occupa della riattivazione cognitiva. Socia GeRoS, Associazione O.N.L.U.S che si occupa di servizi e ricerca in Gerontologia e Psicogeriatria, occupandosi di stimolazione cognitiva globale a domicilio. Ha collaborato con il Dipartimento di Scienze Pediatriche e Medicina Clinica dell\u2019Universit\u00e0 di Cagliari<i>, <\/i>per una docenza in \u201cTecniche di riabilitazione cognitiva specifiche nella demenza\u201d nell\u2019ambito del Corso Universitario di Aggiornamento Professionale \u201cDal bambino all\u2019anziano nel ciclo di vita: prevenzione e cura per lo sviluppo e il mantenimento delle funzioni cognitive\u201d.<\/p>\n<p>&nbsp;<\/p>\n<p><a href=\"http:\/\/corsi.unica.it\/iamaf\/files\/2014\/04\/WP_20140609_019-e1402598182641.jpg\"><img decoding=\"async\" class=\"alignnone wp-image-1523 \" src=\"http:\/\/corsi.unica.it\/iamaf\/files\/2014\/04\/WP_20140609_019-e1402598182641-234x300.jpg\" alt=\"\" width=\"159\" height=\"203\" srcset=\"https:\/\/corsi.unica.it\/iamaf\/files\/2014\/04\/WP_20140609_019-e1402598182641-234x300.jpg 234w, https:\/\/corsi.unica.it\/iamaf\/files\/2014\/04\/WP_20140609_019-e1402598182641-801x1024.jpg 801w, https:\/\/corsi.unica.it\/iamaf\/files\/2014\/04\/WP_20140609_019-e1402598182641-2x2.jpg 2w, https:\/\/corsi.unica.it\/iamaf\/files\/2014\/04\/WP_20140609_019-e1402598182641.jpg 897w\" sizes=\"(max-width: 159px) 100vw, 159px\" \/><\/a><\/p>\n<p><strong>Antonella Bua<\/strong><\/p>\n<p>Laureata in Psicologia dello Sviluppo e della Formazione presso Universit\u00e0 degli Studi di Cagliari.\u00a0Esperta di\u00a0colloqui anamnestici, test psicometrici, colloqui di sostegno orientamento e counselling per i familiari di pazienti affetti da demenza, stimolazione cognitiva individuale e di rimotivazione presso il <em>Centro Alzheimer e Ambulatorio per i Disturbi della Memoria- Divisione di Geriatria<\/em> P.O. S.S. Trinit\u00e0 di Cagliari. Ha tenuto lezioni di formazione per badanti di persone con demenza e lezioni di formazione per i familiari delle persone con demenza, lezioni presso i corsi di formazione per operatori socio-assistenziali svolti dal Centro Italiano Femminile Presidenza Provinciale di Cagliari. Docenza al Corso Universitario di Aggiornamento Professionale organizzato dal Dipartimento Scienze Pediatriche e Medicina Clinica Universit\u00e0 di Cagliari e Inpdap. Svolge regolarmente attivit\u00e0 di stimolazione cognitiva individualizzata a domicilio con supporto ai <em>caregivers<\/em> e consigli sulla gestione della persona con patologia<\/p>\n<p>&nbsp;<\/p>\n<p><strong>Roberta Maria\u00a0Dessalvi\u00a0<\/strong><\/p>\n<p>Laureata in Scienze Motorie, specializzata in attivit\u00e0 motoria e sportiva per persone diversamente abili, ha conseguito il titolo di \u201cIstruttore\u00a0 tecnico specializzato di nuoto\u201d per attivit\u00e0 motoria in acqua ed avviamento all\u2019attivit\u00e0 natatoria per persone diversamente abili. Ha conseguito il titolo di Psicomotricista Funzionale, presso l\u2019 ISFAR- Istituto Superiore Formazione Aggiornamento e Ricerca (Istituto di Formazione Post Universitaria delle Professioni). Attualmente lavora in qualit\u00e0 di Psicomotricista, presso il Centro Diurno Don Orione di Selargius, struttura socio sanitaria per malati di Alzheimer e disabili psichici. Ha collaborato con il Dipartimento di Scienze Pediatriche e Medicina Clinica dell\u2019Universit\u00e0 di Cagliari, per una docenza riguardo \u201cL\u2019approccio psicomotorio nell\u2019invecchiamento attivo e nella demenza\u201d.<\/p>\n<p>&nbsp;<\/p>\n<p><a href=\"http:\/\/corsi.unica.it\/iamaf\/files\/2014\/04\/Fadda-Antonio-e1402657670267.jpeg\"><img decoding=\"async\" class=\"alignleft wp-image-1536\" src=\"http:\/\/corsi.unica.it\/iamaf\/files\/2014\/04\/Fadda-Antonio-e1402657670267-240x300.jpeg\" alt=\"\" width=\"157\" height=\"196\" srcset=\"https:\/\/corsi.unica.it\/iamaf\/files\/2014\/04\/Fadda-Antonio-e1402657670267-240x300.jpeg 240w, https:\/\/corsi.unica.it\/iamaf\/files\/2014\/04\/Fadda-Antonio-e1402657670267-2x2.jpeg 2w, https:\/\/corsi.unica.it\/iamaf\/files\/2014\/04\/Fadda-Antonio-e1402657670267.jpeg 336w\" sizes=\"(max-width: 157px) 100vw, 157px\" \/><\/a><\/p>\n<p>&nbsp;<\/p>\n<p>&nbsp;<\/p>\n<p>&nbsp;<\/p>\n<p>&nbsp;<\/p>\n<p>&nbsp;<\/p>\n<p>&nbsp;<\/p>\n<p>&nbsp;<\/p>\n<p>&nbsp;<\/p>\n<p><strong>Antonio Fadda<\/strong><\/p>\n<p><span class=\"Apple-style-span\" style=\"color: #000000\"><span class=\"Apple-style-span\">Laureato in Economia presso l&#8217;Universit\u00e0 di Cagliari e Master in Progettazione Europea CRENoS (Universit\u00e0 di Cagliari). Attualmente \u00e8 ricercatore presso il Dipartimento di Scienze Economiche ed Aziendali di Cagliari. E\u2019 esperto nella progettazione di bandi europei e nel coordinamento dei gruppi di ricerca. Si occupa di analisi socio-economiche del territorio anche attraverso indagini campionarie e\/o raccolta di dati congiunturali. Tra i suoi interessi di ricerca lo studio della percezioni che i membri di una comunit\u00e0 hanno dei fenomeni sociali.<\/span><\/span><\/p>\n<p>&nbsp;<\/p>\n<p>&nbsp;<\/p>\n<p><a href=\"http:\/\/corsi.unica.it\/iamaf\/files\/2014\/04\/Malarise_Marta-e1402599228706.jpg\"><img decoding=\"async\" class=\"alignnone wp-image-1513 \" src=\"http:\/\/corsi.unica.it\/iamaf\/files\/2014\/04\/Malarise_Marta-e1402599228706-246x300.jpg\" alt=\"\" width=\"162\" height=\"197\" srcset=\"https:\/\/corsi.unica.it\/iamaf\/files\/2014\/04\/Malarise_Marta-e1402599228706-246x300.jpg 246w, https:\/\/corsi.unica.it\/iamaf\/files\/2014\/04\/Malarise_Marta-e1402599228706-2x2.jpg 2w, https:\/\/corsi.unica.it\/iamaf\/files\/2014\/04\/Malarise_Marta-e1402599228706.jpg 604w\" sizes=\"(max-width: 162px) 100vw, 162px\" \/><\/a><\/p>\n<p><strong>Marta Malgarise<\/strong><\/p>\n<p>Psicologa e Psicoterapeuta della Scuola Italiana Gestalt, Coordinatrice del Centro Diurno \u201cDon Orione\u201d di Selargius, esperta di Psicologia dell\u2019Invecchiamento, Diagnosi e Cura dei Disturbi della Memoria. Si \u00e8 occupata valutazione neuropsicologica multidimensionale dei Disturbi Cognitivi, supporto psicologico e psicoeducazionale per familiari\/caregivers e badanti (gruppi AMA). Come psicologa ha operato presso diverse Strutture residenziali (RSA , comunit\u00e0 integrate e case protette) e come ricercatrice e coordinatrice in Progetti Regionali ed Europei.<\/p>\n<p>&nbsp;<\/p>\n<p><a href=\"http:\/\/corsi.unica.it\/iamaf\/files\/2014\/04\/IMG_0001.jpg\"><img decoding=\"async\" class=\"alignnone  wp-image-1525\" src=\"http:\/\/corsi.unica.it\/iamaf\/files\/2014\/04\/IMG_0001-255x300.jpg\" alt=\"IMG_0001\" width=\"154\" height=\"181\" srcset=\"https:\/\/corsi.unica.it\/iamaf\/files\/2014\/04\/IMG_0001-255x300.jpg 255w, https:\/\/corsi.unica.it\/iamaf\/files\/2014\/04\/IMG_0001-2x2.jpg 2w, https:\/\/corsi.unica.it\/iamaf\/files\/2014\/04\/IMG_0001.jpg 440w\" sizes=\"(max-width: 154px) 100vw, 154px\" \/><\/a><\/p>\n<p><strong>Francesca Pacini<\/strong><\/p>\n<p>Laureata in Psicologia, con Qualifica di <em>Counsellor<\/em> Professionista in ambito Psicologico-Educativo, specializzanda in Psicologia Clinica. Abilitata all\u2019esercizio della professione di Psicologo. Servizi presso RSA \u2013 CI in qualit\u00e0 di educatore professionale, stimolazione cognitiva a domicilio come psicologa per conto dell\u2019associazione Geros \u2013 Onlus. Docente\u00a0per il Dipartimento Scienze Pediatriche e Medicina Clinica, Universit\u00e0 di Cagliari e INPDAP. Lezioni di formazione per familiari di persone con demenza, lezioni di formazione per operatori socio \u2013 assistenziali presso il Centro Italiano Femminile Presidenza Provinciale.<\/p>\n<p>&nbsp;<\/p>\n<p><a href=\"http:\/\/corsi.unica.it\/iamaf\/files\/2014\/04\/Rundeddu-Vincenzo-e1402657611222.jpg\"><img decoding=\"async\" class=\"alignnone wp-image-1538 \" src=\"http:\/\/corsi.unica.it\/iamaf\/files\/2014\/04\/Rundeddu-Vincenzo-e1402657611222-257x300.jpg\" alt=\"\" width=\"153\" height=\"180\" srcset=\"https:\/\/corsi.unica.it\/iamaf\/files\/2014\/04\/Rundeddu-Vincenzo-e1402657611222-257x300.jpg 257w, https:\/\/corsi.unica.it\/iamaf\/files\/2014\/04\/Rundeddu-Vincenzo-e1402657611222-2x2.jpg 2w\" sizes=\"(max-width: 153px) 100vw, 153px\" \/><\/a><\/p>\n<p><strong>Vincenzo Rundeddu<\/strong><\/p>\n<p>Laureato in Economia presso l&#8217;Universit\u00e0 di Cagliari. Attualmente \u00e8 ricercatore presso il Dipartimento di Scienze Economiche ed Aziendali di Cagliari. E\u2019 consulente economico e aziendale in diverse realt\u00e0 pubbliche e private. Si occupa dello studio quantitativo e qualitativo di fenomini economici e sociali. Tra i suoi interessi di ricerca rientra l&#8217;impatto che le tematiche sociali portano sulla societ\u00e0 e l&#8217;economia di un territorio.<\/p>\n<p>&nbsp;<\/p>\n<p><a href=\"http:\/\/corsi.unica.it\/iamaf\/files\/2014\/04\/Senza-titolo-2.jpg\"><img decoding=\"async\" class=\"alignnone  wp-image-1532\" src=\"http:\/\/corsi.unica.it\/iamaf\/files\/2014\/04\/Senza-titolo-2-237x300.jpg\" alt=\"Senza titolo 2\" width=\"155\" height=\"196\" srcset=\"https:\/\/corsi.unica.it\/iamaf\/files\/2014\/04\/Senza-titolo-2-237x300.jpg 237w, https:\/\/corsi.unica.it\/iamaf\/files\/2014\/04\/Senza-titolo-2-809x1024.jpg 809w, https:\/\/corsi.unica.it\/iamaf\/files\/2014\/04\/Senza-titolo-2-2x2.jpg 2w, https:\/\/corsi.unica.it\/iamaf\/files\/2014\/04\/Senza-titolo-2.jpg 1518w\" sizes=\"(max-width: 155px) 100vw, 155px\" \/><\/a><\/p>\n<p><strong>Silvia Salis <\/strong><\/p>\n<p>Laureata in Scienze dell\u2019Educazione presso la facolt\u00e0 di Scienze della Formazione dell\u2019Univesit\u00e0 degli Studi di Cagliari con indirizzo per\u00a0 Educatore\u00a0 Professionale Extrascolastico. Operatrice\u00a0\u00a0 specializzata in Arteterapia presso la scuola di Arteterapia ArTeA con sede a Milano. Attualmente impegnata presso il Centro Diurno Don Orione di Selargius, in qualit\u00e0 di Educatrice Professionale, si occupa della riattivazione cognitiva di soggetti affetti da demenza anche attraverso l\u2019Arteterapia. Partecipazione in qualit\u00e0 di relatrice al VII Convegno Nazionale di Psicologia dell\u2019Invecchiamento organizzato a Torino dalla SIPI (Societ\u00e0 Italiana Psicologia Invecchiamento) per la presentazione di un poster dal titolo \u201cIl ritratto come strumento di mediazione nella relazione d\u2019aiuto.<\/p>\n","protected":false},"excerpt":{"rendered":"<p>Paolo Francesco Putzu Specialista in Medicina Interna, Geriatria e Gerontologia. Primario della Divisione Geriatria, Diabetologia, Centro dei Disturbi Cognitivi e Centro Diurno Riabilitativo per i deficit cognitivi della ASL n\u00b08 dal 1992 al 2009. Presidente in carica della sezione Sardegna dell\u2019Associazione Italiana di Psicogeriatria. Coordinatore regionale del progetto ministeriale Cronos e delle Unit\u00e0 Valutative Alzheimer per il progetto UNIVA. Gi\u00e0 membro delle commissioni della regione Sardegna su \u201cNon autosufficienza\u201d, \u201cDemenze e malattie neurodegenerative\u201d, \u201cprogetto Ritornare a Casa\u201d, \u201cConsulta dei servizi sociali\u201d. Ha scritto il capitolo \u201canziani\u201d del Piano Regionale Sociosanitario (1996). Ha partecipato come relatore a numerosi congressi ed ha <a href='https:\/\/corsi.unica.it\/iamaf\/docenti\/' class='excerpt-more'>[&#8230;]<\/a><\/p>\n","protected":false},"author":221,"featured_media":0,"parent":0,"menu_order":2,"comment_status":"closed","ping_status":"closed","template":"","meta":{"footnotes":""},"class_list":["post-1504","page","type-page","status-publish","hentry","post-seq-1","post-parity-odd","meta-position-corners","fix"],"publishpress_future_action":{"enabled":false,"date":"2026-05-20 17:15:12","action":"change-status","newStatus":"draft","terms":[],"taxonomy":"","extraData":[]},"publishpress_future_workflow_manual_trigger":{"enabledWorkflows":[]},"_links":{"self":[{"href":"https:\/\/corsi.unica.it\/iamaf\/wp-json\/wp\/v2\/pages\/1504","targetHints":{"allow":["GET"]}}],"collection":[{"href":"https:\/\/corsi.unica.it\/iamaf\/wp-json\/wp\/v2\/pages"}],"about":[{"href":"https:\/\/corsi.unica.it\/iamaf\/wp-json\/wp\/v2\/types\/page"}],"author":[{"embeddable":true,"href":"https:\/\/corsi.unica.it\/iamaf\/wp-json\/wp\/v2\/users\/221"}],"replies":[{"embeddable":true,"href":"https:\/\/corsi.unica.it\/iamaf\/wp-json\/wp\/v2\/comments?post=1504"}],"version-history":[{"count":12,"href":"https:\/\/corsi.unica.it\/iamaf\/wp-json\/wp\/v2\/pages\/1504\/revisions"}],"predecessor-version":[{"id":1574,"href":"https:\/\/corsi.unica.it\/iamaf\/wp-json\/wp\/v2\/pages\/1504\/revisions\/1574"}],"wp:attachment":[{"href":"https:\/\/corsi.unica.it\/iamaf\/wp-json\/wp\/v2\/media?parent=1504"}],"curies":[{"name":"wp","href":"https:\/\/api.w.org\/{rel}","templated":true}]}}