{"id":172,"date":"2012-06-27T07:23:11","date_gmt":"2012-06-27T07:23:11","guid":{"rendered":"http:\/\/people.unica.it\/meccanica\/?page_id=172"},"modified":"2014-03-27T11:05:17","modified_gmt":"2014-03-27T11:05:17","slug":"faq","status":"publish","type":"page","link":"https:\/\/corsi.unica.it\/pas\/faq\/","title":{"rendered":"Faq"},"content":{"rendered":"<p><strong>CHI PUO\u2019 ISTITUIRE E ATTIVARE I PERCORSI FORMATIVI ABILITANTI SPECIALI?<\/strong><\/p>\n<p>Gli atenei e le istituzioni dell\u2019Alta Formazione Artistica, Musicale e Coreutica sedi dei corsi biennali di secondo livello a indirizzo didattico di cui al decreto del Ministro dell&#8217;Universit\u00e0 e della Ricerca 28 settembre 2007, n. 137, purch\u00e9 sedi di Dipartimenti di didattica della Musica, e al decreto del Ministro dell&#8217;Istruzione, dell&#8217;Universit\u00e0 e della Ricerca 7 ottobre 2004, n. 82.<\/p>\n<p>&nbsp;<\/p>\n<p><strong>QUALI SONO GLI ANNI ACCADEMICI DI ISTITUZIONE E ATTIVAZIONE DEI PERCORSI FORMATIVI ABILITANTI SPECIALI?<\/strong><\/p>\n<p>AA.AA. 2012\/2013 &#8211; 2013\/2014 &#8211; 2014\/2015.<\/p>\n<p>&nbsp;<\/p>\n<p><strong>CHI PUO\u2019 PARTECIPARE AI PERCORSI FORMATIVI ABILITANTI SPECIALI?<\/strong><\/p>\n<p>I docenti non di ruolo, compresi gli insegnanti tecnico pratici, in possesso dei titoli di studio previsti dal D.M. n.39\/1998 \u00a0e dal D.M. n.22\/2005 che abbiano maturato, a decorrere dall\u2019anno scolastico 1999\/2000 fino all\u2019anno scolastico 2011\/2012 incluso, almeno tre anni di servizio in scuole statali, paritarie ovvero nei centri di formazione professionale, limitatamente ai corsi accreditati per l\u2019assolvimento dell\u2019obbligo scolastico.<\/p>\n<p><strong>QUALI SONO I SERVIZI VALIDI?<\/strong><\/p>\n<p>L\u2019aspirante deve aver prestato servizio per almeno tre anni, ognuno dei quali su una specifica classe di concorso. Almeno un anno di servizio deve essere stato prestato sulla classe di concorso per la quale si chiede l\u2019accesso al percorso formativo abilitante speciale.<br \/>\nCiascun anno scolastico dovr\u00e0 comprendere un periodo di almeno 180 giorni ovvero quello valutabile come anno di servizio intero, ai sensi dell\u2019art. 11, comma 14, della Legge n. 124\/1999.<br \/>\nIl suddetto requisito si raggiunge anche cumulando servizi prestati, nello stesso anno e per la stessa classe di concorso o posto, nelle scuole statali, paritarie e nei centri di formazione professionale.<\/p>\n<p>&nbsp;<\/p>\n<p><strong>COME E\u2019 VALUTABILE IL SERVIZIO NEI CENTRI DI FORMAZIONE PROFESSIONALE?<\/strong><\/p>\n<p>Il servizio prestato nei centri di formazione professionale deve essere riconducibile a insegnamenti compresi in classi di concorso e prestato nei corsi accreditati dalle Regioni per garantire l\u2019assolvimento dell\u2019obbligo di istruzione a decorrere dall\u2019anno scolastico 2008\/2009.<\/p>\n<p>&nbsp;<\/p>\n<p><strong>E\u2019 VALIDO IL SERVIZIO PRESTATO NEL SOSTEGNO?<\/strong><\/p>\n<p>SI, alle stesse condizioni del servizio prestato su classi di concorso, avendo come riferimento la graduatoria che ha costituito titolo di accesso al servizio sul sostegno.<\/p>\n<p>&nbsp;<\/p>\n<p><strong>E\u2019 NECESSARIO OPTARE PER UNA SOLA CLASSE DI CONCORSO?<\/strong><\/p>\n<p>SI &#8211; Gli aspiranti che abbiano prestato servizio in pi\u00f9 anni e in pi\u00f9 di una classe di concorso optano per una sola di esse, fermo restando il diritto a conseguire ulteriori abilitazioni nei percorsi di tirocinio ordinari<\/p>\n<p>&nbsp;<\/p>\n<p><strong>QUALI SONO LE CLASSI DI CONCORSO RICHIEDIBILI?<\/strong><\/p>\n<p>Quelle previste nelle tabelle A, C e D allegate al D.M.39\/98.<\/p>\n<p>&nbsp;<\/p>\n<p><strong>COME VA INOLTRATA LA DOMANDA DI PARTECIPAZIONE?<\/strong><\/p>\n<p>La domanda di partecipazione dovr\u00e0 essere inoltrata agli Uffici Scolastici Regionali tramite apposita istanza online.<\/p>\n<p><strong>SONO PREVISTI PERCORSI SPECIALI PER LA SCUOLA DELL\u2019INFANZIA E PER LA SCUOLA PRIMARIA<\/strong>?<\/p>\n<p>SI, gli aspiranti in possesso dei titoli di studio conseguiti al termine dei corsi triennali e quinquennali sperimentali di scuola magistrale e dei corsi quadriennali e quinquennali sperimentali dell&#8217;istituto magistrale, iniziati entro l&#8217;anno scolastico 1997-1998, o comunque conseguiti entro l&#8217;a.s. 2001-2002, che hanno maturato almeno tre anni di servizio specifico\u00a0 nella scuola dell\u2019infanzia o nella scuola primaria, hanno diritto all\u2019accesso ai corsi speciali previsti dall\u2019art. 15, comma 16 del D.M. 249\/2010. Il titolo conseguito al termine del percorso d\u00e0 diritto all\u2019accesso alla seconda fascia delle graduatorie d\u2019istituto.<\/p>\n<p>&nbsp;<\/p>\n<p><strong>SI POSSONO CUMULARE GLI ANNI DI SERVIZIO PRESTATI NELLA SCUOLA DELL\u2019INFANZIA E NELLA SCUOLA PRIMARIA?<\/strong><\/p>\n<p>SI, fermo restando che, ai fini del computo dei tre anni, per ciascun anno deve essere prestato il servizio nella stessa tipologia di posto.<\/p>\n<p>&nbsp;<\/p>\n<p><strong>I TITOLI DI ABILTAZIONE CONSEGUITI AL TERMINE DEI PERCORSI FORMATIVI SPECIALI COME POSSONO ESSERE UTILIZZATI?<\/strong><\/p>\n<p>I titoli di abilitazione consentono l\u2019inserimento nella seconda fascia delle graduatorie di istituto e costituiscono requisito di ammissione ai futuri concorsi per titoli e per esami e consentono l\u2019assunzione con contratto a tempo indeterminato nelle scuole paritarie.<\/p>\n<p>&nbsp;<\/p>\n<p style=\"text-align: left\">\n","protected":false},"excerpt":{"rendered":"<p>CHI PUO\u2019 ISTITUIRE E ATTIVARE I PERCORSI FORMATIVI ABILITANTI SPECIALI? Gli atenei e le istituzioni dell\u2019Alta Formazione Artistica, Musicale e Coreutica sedi dei corsi biennali di secondo livello a indirizzo didattico di cui al decreto del Ministro dell&#8217;Universit\u00e0 e della Ricerca 28 settembre 2007, n. 137, purch\u00e9 sedi di Dipartimenti di didattica della Musica, e al decreto del Ministro dell&#8217;Istruzione, dell&#8217;Universit\u00e0 e della Ricerca 7 ottobre 2004, n. 82. &nbsp; QUALI SONO GLI ANNI ACCADEMICI DI ISTITUZIONE E ATTIVAZIONE DEI PERCORSI FORMATIVI ABILITANTI SPECIALI? AA.AA. 2012\/2013 &#8211; 2013\/2014 &#8211; 2014\/2015. &nbsp; CHI PUO\u2019 PARTECIPARE AI PERCORSI FORMATIVI ABILITANTI SPECIALI? I <a href='https:\/\/corsi.unica.it\/pas\/faq\/' class='excerpt-more'>[&#8230;]<\/a><\/p>\n","protected":false},"author":1,"featured_media":0,"parent":0,"menu_order":0,"comment_status":"closed","ping_status":"closed","template":"","meta":{"footnotes":""},"class_list":["post-172","page","type-page","status-publish","hentry","post-seq-1","post-parity-odd","meta-position-corners","fix"],"publishpress_future_action":{"enabled":false,"date":"2026-04-17 23:47:53","action":"change-status","newStatus":"draft","terms":[],"taxonomy":"","extraData":[]},"publishpress_future_workflow_manual_trigger":{"enabledWorkflows":[]},"_links":{"self":[{"href":"https:\/\/corsi.unica.it\/pas\/wp-json\/wp\/v2\/pages\/172","targetHints":{"allow":["GET"]}}],"collection":[{"href":"https:\/\/corsi.unica.it\/pas\/wp-json\/wp\/v2\/pages"}],"about":[{"href":"https:\/\/corsi.unica.it\/pas\/wp-json\/wp\/v2\/types\/page"}],"author":[{"embeddable":true,"href":"https:\/\/corsi.unica.it\/pas\/wp-json\/wp\/v2\/users\/1"}],"replies":[{"embeddable":true,"href":"https:\/\/corsi.unica.it\/pas\/wp-json\/wp\/v2\/comments?post=172"}],"version-history":[{"count":8,"href":"https:\/\/corsi.unica.it\/pas\/wp-json\/wp\/v2\/pages\/172\/revisions"}],"predecessor-version":[{"id":1510,"href":"https:\/\/corsi.unica.it\/pas\/wp-json\/wp\/v2\/pages\/172\/revisions\/1510"}],"wp:attachment":[{"href":"https:\/\/corsi.unica.it\/pas\/wp-json\/wp\/v2\/media?parent=172"}],"curies":[{"name":"wp","href":"https:\/\/api.w.org\/{rel}","templated":true}]}}