{"id":3289,"date":"2016-12-05T14:08:10","date_gmt":"2016-12-05T14:08:10","guid":{"rendered":"http:\/\/corsi.unica.it\/scienzeetecnologie\/?page_id=3289"},"modified":"2017-04-10T08:29:53","modified_gmt":"2017-04-10T08:29:53","slug":"professione-del-naturalista-e-albi-professionali","status":"publish","type":"page","link":"https:\/\/corsi.unica.it\/scienzeetecnologie\/il-corso-di-laurea\/professione-del-naturalista-e-albi-professionali\/","title":{"rendered":"Professione dell&#8217;Ambientologo Naturalista e Albi professionali"},"content":{"rendered":"<p><strong>Informazioni sulla professione dell&#8217;Ambientologo Naturalista e Albi professionali<\/strong><br \/>\nAncora oggi in Italia, nonostante le lunghe discussioni del passato dedicate al superamento del sistema degli ordini professionali, sono attivi numerosi ordini professionali. Essi esercitano attivit\u00e0 di tutela, promozione e lobbying a favore dei propri iscritti. Per i laureati nella classe di laurea magistrale LM-60 (Scienze della Natura), alla quale appartiene anche quella in Scienze e Tecnologie per l\u2019Ambiente dell\u2019Universit\u00e0 di Cagliari, esiste oggi la possibilit\u00e0 di iscrizione ai seguenti Ordini:<\/p>\n<ul>\n<li>Sezione B dell\u2019Albo degli Architetti-Sezione pianificatori<\/li>\n<li>Sezione B dell\u2019Albo dei Biologi<\/li>\n<li>Albo dei Periti agrari<\/li>\n<li>Albo degli Agrotecnici e degli Agrotecnici laureati<\/li>\n<\/ul>\n<p>In particolare, si segnala l\u2019accordo siglato nel 2011&nbsp;tra il <span style=\"color: #0000ff\"><strong><a style=\"color: #0000ff\" href=\"http:\/\/www.agrotecnici.it\">Collegio Nazionale degli Agrotecnici e degli Agrotecnici laureat<\/a>i<\/strong><\/span>, l\u2019<span style=\"color: #0000ff\"><strong><a style=\"color: #0000ff\" href=\"http:\/\/www.ain-it.com\/\">AIN<\/a><\/strong><\/span>&nbsp; &#8211; Associazione Italiana Naturalisti e <a href=\"http:\/\/www.biotecnologi.it\"><span style=\"color: #0000ff\"><strong>FIBio<\/strong><\/span><\/a>&nbsp;&#8211; Federazione Italiana Biotecnologi in base al quale viene individuato come Albo di riferimento per i naturalisti quello degli Agrotecnici e degli Agrotecnici laureati. \u2028\u2028Questo accordo ha permesso la nascita del primo Albo interdisciplinare italiano, che mette insieme variegate professionalit\u00e0 per l\u2019agricoltura, l\u2019alimentazione e l\u2019ambiente e che spazia trasversalmente a questi settori. Esso, inoltre, offre un\u2019alternativa alle sezioni B (\u201cjunior\u201d) nelle quali i naturalisti erano relegati per quanto riguardava gli ordini professionali.\u2028\u2028Per accedere a questo albo c\u2019\u00e8 ovviamente da superare un esame di stato che, per ora, \u00e8 essenzialmente centrato su attivit\u00e0 agrarie. Tuttavia, l\u2019AIN sta lavorando, insieme all\u2019Albo, per migliorare questo aspetto. E\u2019, per\u00f2, interessante sapere che tutti i naturalisti che hanno sostenuto l\u2019esame (e di cui l\u2019AIN ha avuto notizia) lo hanno superato.La Convenzione tra L\u2019Universit\u00e0 di Cagliari e Collegio Nazionale degli Agrotecnici e degli Agrotecnici laureati contempla il riconoscimento dei CFU di Tirocinio curriculari svolti in campo attinente, a valere sul tirocinio obbligatorio.<\/p>\n<hr>\n<div id=\"shailan-subpages-3289-1\"><ul class=\"subpages\"><li class=\"page_item page-item-3554\"><a href=\"https:\/\/corsi.unica.it\/scienzeetecnologie\/il-corso-di-laurea\/presentazione\/\"  rel=\"\">Presentazione<\/a><\/li>\n<li class=\"page_item page-item-3292\"><a href=\"https:\/\/corsi.unica.it\/scienzeetecnologie\/il-corso-di-laurea\/finalita-e-contenuti\/\"  rel=\"\">Obiettivi e conoscenze<\/a><\/li>\n<li class=\"page_item page-item-3279\"><a href=\"https:\/\/corsi.unica.it\/scienzeetecnologie\/il-corso-di-laurea\/profilo-professionale\/\"  rel=\"\">Profilo professionale<\/a><\/li>\n<li class=\"page_item page-item-3281\"><a href=\"https:\/\/corsi.unica.it\/scienzeetecnologie\/il-corso-di-laurea\/requisiti-di-ammissione\/\"  rel=\"\">Requisiti di ammissione<\/a><\/li>\n<li class=\"page_item page-item-3283\"><a href=\"https:\/\/corsi.unica.it\/scienzeetecnologie\/il-corso-di-laurea\/organizzazione-del-cdl\/\"  rel=\"\">Organizzazione e metodo<\/a><\/li>\n<li class=\"page_item page-item-3285\"><a href=\"https:\/\/corsi.unica.it\/scienzeetecnologie\/il-corso-di-laurea\/piano-di-studi\/\"  rel=\"\">Piano di studi<\/a><\/li>\n<li class=\"page_item page-item-3287\"><a href=\"https:\/\/corsi.unica.it\/scienzeetecnologie\/il-corso-di-laurea\/prova-finale\/\"  rel=\"\">Prova Finale<\/a><\/li>\n<li class=\"page_item page-item-3289\"><a href=\"https:\/\/corsi.unica.it\/scienzeetecnologie\/il-corso-di-laurea\/professione-del-naturalista-e-albi-professionali\/\"  rel=\"\">Professione dell'Ambientologo Naturalista e Albi professionali<\/a><\/li>\n<\/ul><\/div>\n","protected":false},"excerpt":{"rendered":"<p>Informazioni sulla professione dell&#8217;Ambientologo Naturalista e Albi professionali Ancora oggi in Italia, nonostante le lunghe discussioni del passato dedicate al superamento del sistema degli ordini professionali, sono attivi numerosi ordini professionali. Essi esercitano attivit\u00e0 di tutela, promozione e lobbying a favore dei propri iscritti. Per i laureati nella classe di laurea magistrale LM-60 (Scienze della Natura), alla quale appartiene anche quella in Scienze e Tecnologie per l\u2019Ambiente dell\u2019Universit\u00e0 di Cagliari, esiste oggi la possibilit\u00e0 di iscrizione ai seguenti Ordini: Sezione B dell\u2019Albo degli Architetti-Sezione pianificatori Sezione B dell\u2019Albo dei Biologi Albo dei Periti agrari Albo degli Agrotecnici e degli Agrotecnici <a href='https:\/\/corsi.unica.it\/scienzeetecnologie\/il-corso-di-laurea\/professione-del-naturalista-e-albi-professionali\/' class='excerpt-more'>[&#8230;]<\/a><\/p>\n","protected":false},"author":145,"featured_media":0,"parent":3197,"menu_order":7,"comment_status":"closed","ping_status":"closed","template":"","meta":{"ngg_post_thumbnail":0,"footnotes":""},"class_list":["post-3289","page","type-page","status-publish","hentry","post-seq-1","post-parity-odd","meta-position-corners","fix"],"publishpress_future_action":{"enabled":false,"date":"2026-05-05 09:57:27","action":"change-status","newStatus":"draft","terms":[],"taxonomy":"","extraData":[]},"publishpress_future_workflow_manual_trigger":{"enabledWorkflows":[]},"_links":{"self":[{"href":"https:\/\/corsi.unica.it\/scienzeetecnologie\/wp-json\/wp\/v2\/pages\/3289","targetHints":{"allow":["GET"]}}],"collection":[{"href":"https:\/\/corsi.unica.it\/scienzeetecnologie\/wp-json\/wp\/v2\/pages"}],"about":[{"href":"https:\/\/corsi.unica.it\/scienzeetecnologie\/wp-json\/wp\/v2\/types\/page"}],"author":[{"embeddable":true,"href":"https:\/\/corsi.unica.it\/scienzeetecnologie\/wp-json\/wp\/v2\/users\/145"}],"replies":[{"embeddable":true,"href":"https:\/\/corsi.unica.it\/scienzeetecnologie\/wp-json\/wp\/v2\/comments?post=3289"}],"version-history":[{"count":14,"href":"https:\/\/corsi.unica.it\/scienzeetecnologie\/wp-json\/wp\/v2\/pages\/3289\/revisions"}],"predecessor-version":[{"id":3720,"href":"https:\/\/corsi.unica.it\/scienzeetecnologie\/wp-json\/wp\/v2\/pages\/3289\/revisions\/3720"}],"up":[{"embeddable":true,"href":"https:\/\/corsi.unica.it\/scienzeetecnologie\/wp-json\/wp\/v2\/pages\/3197"}],"wp:attachment":[{"href":"https:\/\/corsi.unica.it\/scienzeetecnologie\/wp-json\/wp\/v2\/media?parent=3289"}],"curies":[{"name":"wp","href":"https:\/\/api.w.org\/{rel}","templated":true}]}}