{"id":3331,"date":"2017-01-13T14:42:23","date_gmt":"2017-01-13T14:42:23","guid":{"rendered":"http:\/\/corsi.unica.it\/scienzeetecnologie\/?page_id=3331"},"modified":"2018-03-29T10:58:54","modified_gmt":"2018-03-29T10:58:54","slug":"opportunita-per-i-laureati","status":"publish","type":"page","link":"https:\/\/corsi.unica.it\/scienzeetecnologie\/opportunita-per-i-laureati\/","title":{"rendered":"Opportunit\u00e0 per i laureati"},"content":{"rendered":"<p><strong>TIROCINI PROFESSIONALI EXTRACURRICULARI<\/strong><\/p>\n<p><a href=\"https:\/\/www.unica.it\/unica\/it\/laureati_s03.page\"><strong>I tirocini formativi e di orientamento<\/strong><\/a>, rivolti ai neo laureati di ateneo che abbiano conseguito il titolo di studio da non pi\u00f9 di dodici mesi, danno la possibilit\u00e0 di svolgere un\u2019esperienza in azienda o in un ente pubblico&nbsp;per orientare le future scelte professionali mediante la conoscenza diretta del mondo del lavoro.<\/p>\n<p>&nbsp;<\/p>\n<p><strong>ALBI PROFESSIONALI<\/strong><\/p>\n<p><strong>Informazioni sulla professione del Naturalista e Albi professionali<\/strong><br \/>\nAncora oggi in Italia, nonostante le lunghe discussioni del passato dedicate al superamento del sistema degli ordini professionali, sono attivi numerosi ordini professionali. Essi esercitano attivit\u00e0 di tutela, promozione e lobbying a favore dei propri iscritti. Per i laureati nella classe di laurea magistrale LM-60 (Scienze della Natura), alla quale appartiene anche quella in Scienze e Tecnologie per l\u2019Ambiente dell\u2019Universit\u00e0 di Cagliari, esiste oggi la possibilit\u00e0 di iscrizione ai seguenti Ordini:<\/p>\n<p>I laureati in L32-Scienze e Tecnologie per l&#8217;Ambiente e la Natura e in LM60-Scienze della Natura&nbsp;possono accedere, previo superamento di esame di stato, ad uno o pi\u00f9 dei seguenti albi:<\/p>\n<p><strong><a href=\"http:\/\/www.agrotecnici.it\/#\">Professione Agrotecnico e Agrotecnico Laureato<\/a>&nbsp;<\/strong>&nbsp;<\/p>\n<p><a href=\"http:\/\/www.awn.it\/news\/cnappc-informa\/4566-indetti-gli-esami-di-stato-2016-per-l-abilitazione-all-esercizio-della-professione-4-aprile-2016\"><strong>Professione Pianificatore junior<\/strong>:<\/a> Sezione B dell\u2019Ordine degli \u201cArchitetti, pianificatori paesaggistici e conservatori\u201d settore pianificazione.<\/p>\n<p><a href=\"http:\/\/www.onb.it\/category\/leggi-e-normative\/legislazione-nazionale\/formazione-legislazione-nazionale\/esame-di-stato-formazione-legislazione-nazionale\/\"><strong>Professione Biologo junior<\/strong><\/a>: Sezione B dell\u2019ordine dei biologi.<\/p>\n<p><strong><a href=\"http:\/\/www.peritiagrari.it\/esami-di-abilitazione-alla-professione-di-perito-agrario\/\">Perito Agrario<\/a><\/strong>.<\/p>\n<p>In particolare, si segnala l\u2019accordo siglato nel 2011 (<strong><a href=\"http:\/\/www.ain-it.org\/aini.html\">AIN &#8211; Sito Ufficiale dell&#8217;Associazione Italiana Naturalisti<\/a> <\/strong>) tra il Collegio Nazionale degli Agrotecnici e degli Agrotecnici laureati, l\u2019AIN Associazione Italiana Naturalisti (la principale Associazione di settore) e FIBio Federazione Italiana Biotecnologi, in base al quale viene individuato come Albo di riferimento per i naturalisti quello degli Agrotecnici e degli Agrotecnici laureati.<\/p>\n<p>Questo accordo ha permesso la nascita del primo Albo interdisciplinare italiano, che mette insieme variegate professionalit\u00e0 per l\u2019agricoltura, l\u2019alimentazione e l\u2019ambiente e che spazia trasversalmente a questi settori. Esso, inoltre, offre un\u2019alternativa alle sezioni B (\u201cjunior\u201d) nelle quali i naturalisti erano relegati per quanto riguardava gli ordini professionali.\u2028\u2028Per accedere a questo albo c\u2019\u00e8 ovviamente da superare un esame di stato che, per ora, \u00e8 essenzialmente centrato su attivit\u00e0 agrarie. Tuttavia, l\u2019AIN sta lavorando, insieme alle altre organizzazioni, per migliorare questo aspetto.<\/p>\n<p>E\u2019 interessante notare&nbsp;che tutti i naturalisti che hanno sostenuto l\u2019esame (e di cui l\u2019AIN ha avuto notizia) lo hanno superato.La Convenzione tra L\u2019Universit\u00e0 di Cagliari e Collegio Nazionale degli Agrotecnici e degli Agrotecnici laureati contempla il riconoscimento dei CFU di Tirocinio curriculari svolti in campo attinente, a valere sul tirocinio obbligatorio.<\/p>\n<p>&nbsp;<\/p>\n<p><strong>RICERCA, BORSE DI STUDIO<\/strong><\/p>\n<ul>\n<li><a href=\"https:\/\/www.unica.it\/unica\/it\/laureati.page\">Servizi per i laureati (Universit\u00e0 di Cagliari)<\/a><\/li>\n<li><a href=\"http:\/\/cercauniversita.cineca.it\/\">Ministero della Pubblica Istruzione, Universit\u00e0 e Ricerca<\/a><\/li>\n<li><a href=\"http:\/\/www.fisna.it\/sezionegiovani.html\">Federazione Italiana di Scienze della Natura e dell&#8217;Ambiente &#8211; sezione giovani<\/a><\/li>\n<li><a href=\"https:\/\/jobs.pgcareers.com\/job\/cincinnati\/research-and-development-phd-internship-global-engineering-process-and-engineering-development\/936\/3213532\" target=\"_blank\" rel=\"noopener noreferrer\">Borse di dottorato internazionale con P&amp;G<\/a><\/li>\n<li><a href=\"http:\/\/www.forwomeninscience.com\/en\/home\">Borse di studio L\u2019Or\u00e9al &#8211; UNESCO for Women in Science<br \/>\n<\/a><\/li>\n<\/ul>\n<p>&nbsp;<\/p>\n<p>&nbsp;<\/p>","protected":false},"excerpt":{"rendered":"<p>TIROCINI PROFESSIONALI EXTRACURRICULARI I tirocini formativi e di orientamento, rivolti ai neo laureati di ateneo che abbiano conseguito il titolo di studio da non pi\u00f9 di dodici mesi, danno la possibilit\u00e0 di svolgere un\u2019esperienza in azienda o in un ente pubblico&nbsp;per orientare le future scelte professionali mediante la conoscenza diretta del mondo del lavoro. &nbsp; ALBI PROFESSIONALI Informazioni sulla professione del Naturalista e Albi professionali Ancora oggi in Italia, nonostante le lunghe discussioni del passato dedicate al superamento del sistema degli ordini professionali, sono attivi numerosi ordini professionali. Essi esercitano attivit\u00e0 di tutela, promozione e lobbying a favore dei propri <a href='https:\/\/corsi.unica.it\/scienzeetecnologie\/opportunita-per-i-laureati\/' class='excerpt-more'>[&#8230;]<\/a><\/p>\n","protected":false},"author":145,"featured_media":0,"parent":0,"menu_order":0,"comment_status":"closed","ping_status":"closed","template":"","meta":{"ngg_post_thumbnail":0,"footnotes":""},"class_list":["post-3331","page","type-page","status-publish","hentry","post-seq-1","post-parity-odd","meta-position-corners","fix"],"publishpress_future_action":{"enabled":false,"date":"2026-05-06 08:48:39","action":"change-status","newStatus":"draft","terms":[],"taxonomy":"","extraData":[]},"publishpress_future_workflow_manual_trigger":{"enabledWorkflows":[]},"_links":{"self":[{"href":"https:\/\/corsi.unica.it\/scienzeetecnologie\/wp-json\/wp\/v2\/pages\/3331","targetHints":{"allow":["GET"]}}],"collection":[{"href":"https:\/\/corsi.unica.it\/scienzeetecnologie\/wp-json\/wp\/v2\/pages"}],"about":[{"href":"https:\/\/corsi.unica.it\/scienzeetecnologie\/wp-json\/wp\/v2\/types\/page"}],"author":[{"embeddable":true,"href":"https:\/\/corsi.unica.it\/scienzeetecnologie\/wp-json\/wp\/v2\/users\/145"}],"replies":[{"embeddable":true,"href":"https:\/\/corsi.unica.it\/scienzeetecnologie\/wp-json\/wp\/v2\/comments?post=3331"}],"version-history":[{"count":24,"href":"https:\/\/corsi.unica.it\/scienzeetecnologie\/wp-json\/wp\/v2\/pages\/3331\/revisions"}],"predecessor-version":[{"id":4057,"href":"https:\/\/corsi.unica.it\/scienzeetecnologie\/wp-json\/wp\/v2\/pages\/3331\/revisions\/4057"}],"wp:attachment":[{"href":"https:\/\/corsi.unica.it\/scienzeetecnologie\/wp-json\/wp\/v2\/media?parent=3331"}],"curies":[{"name":"wp","href":"https:\/\/api.w.org\/{rel}","templated":true}]}}