{"id":2512,"date":"2017-02-22T10:05:39","date_gmt":"2017-02-22T10:05:39","guid":{"rendered":"http:\/\/corsi.unica.it\/scienzenaturali\/?page_id=2512"},"modified":"2017-03-01T09:03:06","modified_gmt":"2017-03-01T09:03:06","slug":"presentazione","status":"publish","type":"page","link":"https:\/\/corsi.unica.it\/scienzenaturali\/il-corso-di-laurea\/presentazione\/","title":{"rendered":"Presentazione"},"content":{"rendered":"<p>Il corso di Laurea in\u00a0Scienze Naturali prepara laureati che trovano il loro sbocco professionale nella gestione e valorizzazione dell&#8217;ambiente naturale; nel monitoraggio sugli habitat; nella gestione di musei naturalistici, orti botanici; guida turistica in percorsi di interesse naturalistico e paleobiologico; didattica e divulgazione scientifica. Gli obiettivi formativi sono organici altres\u00ec alla prosecuzione degli studi nella laurea magistrale (LM in Scienze della Natura o similari) con riferimento anche alla preparazione della professione di insegnante di scuole medie di primo e secondo grado.<br \/>\nComplessivamente, si erogano insegnamenti nei diversi settori disciplinari di base, nelle discipline caratterizzanti delle Scienze Biologiche, nelle discipline caratterizzanti delle Scienze della Terra, nelle discipline caratterizzanti le tematiche Paleobiologiche e museali, le tematiche sull&#8217;ecologia delle acque, sviluppando adeguate competenze interdisciplinari.<br \/>\nPer la gestione di musei naturalistici, orti botanici e guide turistiche di percorso di interesse naturalistico e paleobiologico, il corso offre una preparazione sulla cultura sistematica dell&#8217;ambiente naturale e seminaturale; una preparazione nei diversi settori disciplinari di base e approfondimenti delle discipline caratterizzanti delle Scienze Biologiche e delle Scienze della Terra, in particolare delle tematiche Paleobiologiche e museali, sviluppando competenze interdisciplinari. Per il profilo di professionista tecnico della gestione e valorizzazione dell&#8217;ambiente naturale e per il monitoraggio sugli habitat, il corso sviluppa capacit\u00e0 di pratica del metodo scientifico per l&#8217;analisi delle componenti ambientali e delle loro dinamiche; capacit\u00e0 professionale di leggere l&#8217;ambiente nelle sue componenti e di interpretare i fenomeni che la riguardano, come riconoscere le diverse alterazioni naturali, individuare gli interventi necessari per la ricostituzione degli equilibri o la verifica delle condizioni di rischio degli ecosistemi; capacit\u00e0 di diagnosi nella prevenzione e nelle soluzioni di problemi di habitat naturali e seminaturali; capacit\u00e0 di interagire con specialisti delle diverse discipline, con funzionari di enti e gestori e controllori ambientali.<br \/>\nTra gli obiettivi del corso non \u00e8 trascurabile l&#8217;attenzione verso i comportamenti che devono essere improntati al rispetto per l&#8217;ambiente, la propensione all&#8217;attivit\u00e0 didattica, la disponibilit\u00e0 al lavoro di gruppo, la sensibilit\u00e0 agli aspetti etici e deontologici della professione, la consapevolezza della rilevanza scientifica, economica e sociale dei problemi affrontati.<\/p>\n<hr \/>\n<div id=\"shailan-subpages-2512-1\"><ul class=\"subpages\"><li class=\"page_item page-item-2512\"><a href=\"https:\/\/corsi.unica.it\/scienzenaturali\/il-corso-di-laurea\/presentazione\/\"  rel=\"\">Presentazione<\/a><\/li>\n<li class=\"page_item page-item-2514\"><a href=\"https:\/\/corsi.unica.it\/scienzenaturali\/il-corso-di-laurea\/finalita-e-contenuti\/\"  rel=\"\">Finalit\u00e0 e contenuti<\/a><\/li>\n<li class=\"page_item page-item-2516\"><a href=\"https:\/\/corsi.unica.it\/scienzenaturali\/il-corso-di-laurea\/profilo-professionale\/\"  rel=\"\">Profilo professionale<\/a><\/li>\n<li class=\"page_item page-item-2518\"><a href=\"https:\/\/corsi.unica.it\/scienzenaturali\/il-corso-di-laurea\/requisiti-di-ammissione\/\"  rel=\"\">Requisiti di ammissione<\/a><\/li>\n<li class=\"page_item page-item-2520\"><a href=\"https:\/\/corsi.unica.it\/scienzenaturali\/il-corso-di-laurea\/organizzazione-del-cdl\/\"  rel=\"\">Organizzazione del CdL<\/a><\/li>\n<li class=\"page_item page-item-2523\"><a href=\"https:\/\/corsi.unica.it\/scienzenaturali\/il-corso-di-laurea\/piano-di-studi\/\"  rel=\"\">Piano di studi<\/a><\/li>\n<li class=\"page_item page-item-2525\"><a href=\"https:\/\/corsi.unica.it\/scienzenaturali\/il-corso-di-laurea\/prova-finale\/\"  rel=\"\">Prova Finale<\/a><\/li>\n<li class=\"page_item page-item-2527\"><a href=\"https:\/\/corsi.unica.it\/scienzenaturali\/il-corso-di-laurea\/professione-del-naturalista-e-albi-professionali\/\"  rel=\"\">Professione del Naturalista e Albi professionali<\/a><\/li>\n<\/ul><\/div>\n","protected":false},"excerpt":{"rendered":"<p>Il corso di Laurea in\u00a0Scienze Naturali prepara laureati che trovano il loro sbocco professionale nella gestione e valorizzazione dell&#8217;ambiente naturale; nel monitoraggio sugli habitat; nella gestione di musei naturalistici, orti botanici; guida turistica in percorsi di interesse naturalistico e paleobiologico; didattica e divulgazione scientifica. Gli obiettivi formativi sono organici altres\u00ec alla prosecuzione degli studi nella laurea magistrale (LM in Scienze della Natura o similari) con riferimento anche alla preparazione della professione di insegnante di scuole medie di primo e secondo grado. Complessivamente, si erogano insegnamenti nei diversi settori disciplinari di base, nelle discipline caratterizzanti delle Scienze Biologiche, nelle discipline caratterizzanti <a href='https:\/\/corsi.unica.it\/scienzenaturali\/il-corso-di-laurea\/presentazione\/' class='excerpt-more'>[&#8230;]<\/a><\/p>\n","protected":false},"author":145,"featured_media":0,"parent":2084,"menu_order":0,"comment_status":"closed","ping_status":"closed","template":"","meta":{"ngg_post_thumbnail":0,"footnotes":""},"class_list":["post-2512","page","type-page","status-publish","hentry","post-seq-1","post-parity-odd","meta-position-corners","fix"],"publishpress_future_action":{"enabled":false,"date":"2026-05-07 09:11:52","action":"change-status","newStatus":"draft","terms":[],"taxonomy":"","extraData":[]},"publishpress_future_workflow_manual_trigger":{"enabledWorkflows":[]},"_links":{"self":[{"href":"https:\/\/corsi.unica.it\/scienzenaturali\/wp-json\/wp\/v2\/pages\/2512","targetHints":{"allow":["GET"]}}],"collection":[{"href":"https:\/\/corsi.unica.it\/scienzenaturali\/wp-json\/wp\/v2\/pages"}],"about":[{"href":"https:\/\/corsi.unica.it\/scienzenaturali\/wp-json\/wp\/v2\/types\/page"}],"author":[{"embeddable":true,"href":"https:\/\/corsi.unica.it\/scienzenaturali\/wp-json\/wp\/v2\/users\/145"}],"replies":[{"embeddable":true,"href":"https:\/\/corsi.unica.it\/scienzenaturali\/wp-json\/wp\/v2\/comments?post=2512"}],"version-history":[{"count":14,"href":"https:\/\/corsi.unica.it\/scienzenaturali\/wp-json\/wp\/v2\/pages\/2512\/revisions"}],"predecessor-version":[{"id":2661,"href":"https:\/\/corsi.unica.it\/scienzenaturali\/wp-json\/wp\/v2\/pages\/2512\/revisions\/2661"}],"up":[{"embeddable":true,"href":"https:\/\/corsi.unica.it\/scienzenaturali\/wp-json\/wp\/v2\/pages\/2084"}],"wp:attachment":[{"href":"https:\/\/corsi.unica.it\/scienzenaturali\/wp-json\/wp\/v2\/media?parent=2512"}],"curies":[{"name":"wp","href":"https:\/\/api.w.org\/{rel}","templated":true}]}}