{"id":2514,"date":"2017-02-22T10:05:55","date_gmt":"2017-02-22T10:05:55","guid":{"rendered":"http:\/\/corsi.unica.it\/scienzenaturali\/?page_id=2514"},"modified":"2017-02-27T17:03:08","modified_gmt":"2017-02-27T17:03:08","slug":"finalita-e-contenuti","status":"publish","type":"page","link":"https:\/\/corsi.unica.it\/scienzenaturali\/il-corso-di-laurea\/finalita-e-contenuti\/","title":{"rendered":"Finalit\u00e0 e contenuti"},"content":{"rendered":"<p>Il corso di laurea in Scienze Naturali eroga una didattica formativa curando una solida preparazione nei diversi settori delle materie di base: Matematica, Chimica generale e inorganica e Chimica organica, Geografia e Cartografia; una preparazione scientifica sulla cultura sistematica dell&#8217;ambiente naturale e seminaturale che comprende Zoologia e Botanica sistematica, Mineralogia e Paleontologia; una preparazione avanzata della biosfera, dalla cellula biologica animale e vegetale, degli apparati anatomici comparati di vertebrati e invertebrati, i meccanismi biochimici che regolano le attivit\u00e0 metaboliche cellulari dei processi fisiologici; ai fondamenti della genetica e la fisiologia degli apparati e dei meccanismi funzionali (Botanica generale e Zoologia generale, Biochimica e Genetica, Anatomia comparata, Antropologia, Fisiologia).<br \/>\nIl corso di laurea fornisce la preparazione nelle discipline abiologiche come la Petrografia, Geochimica e Geologia per la comprensione della costituzione della geosfera e dei processi di trasformazione superficiale e profonda (geodinamica), nell&#8217;ottica di creare le basi di una migliore comprensione delle interazioni tra organismi e ambiente. Il corso si modella inoltre a rilevanti esigenze regionali, sviluppando tematiche relative all&#8217;ambiente marino per quanto riguarda la Geologia e l&#8217; Ecologia. La vocazione alla didattica naturalistica e alla prosecuzione degli studi in un corso magistrale sono corroborate dal rafforzamento di materie di base computazionali (Informatica), dalla conoscenza di una lingua dell&#8217;Unione Europea, in special modo dell&#8217;inglese. Gli obiettivi vengono perseguiti attraverso lezioni frontali, esercitazioni pratiche di laboratorio, attivit\u00e0 pratiche sul terreno come escursioni didattiche e pratica di monitoraggio. Inoltre, al fine di sviluppare capacit\u00e0 di comunicazione scientifica e didattica, numerosi corsi prevedono attivit\u00e0 seminariali e di discussione collegiale su argomenti scientifici pertinenti, con l&#8217;uso di strumenti multimediali. Il corso di laurea in Scienze Naturali ha la durata di tre anni e comprende un periodo di tirocinio presso enti pubblici e\/o privati.<\/p>\n<hr \/>\n<div id=\"shailan-subpages-2514-1\"><ul class=\"subpages\"><li class=\"page_item page-item-2512\"><a href=\"https:\/\/corsi.unica.it\/scienzenaturali\/il-corso-di-laurea\/presentazione\/\"  rel=\"\">Presentazione<\/a><\/li>\n<li class=\"page_item page-item-2514\"><a href=\"https:\/\/corsi.unica.it\/scienzenaturali\/il-corso-di-laurea\/finalita-e-contenuti\/\"  rel=\"\">Finalit\u00e0 e contenuti<\/a><\/li>\n<li class=\"page_item page-item-2516\"><a href=\"https:\/\/corsi.unica.it\/scienzenaturali\/il-corso-di-laurea\/profilo-professionale\/\"  rel=\"\">Profilo professionale<\/a><\/li>\n<li class=\"page_item page-item-2518\"><a href=\"https:\/\/corsi.unica.it\/scienzenaturali\/il-corso-di-laurea\/requisiti-di-ammissione\/\"  rel=\"\">Requisiti di ammissione<\/a><\/li>\n<li class=\"page_item page-item-2520\"><a href=\"https:\/\/corsi.unica.it\/scienzenaturali\/il-corso-di-laurea\/organizzazione-del-cdl\/\"  rel=\"\">Organizzazione del CdL<\/a><\/li>\n<li class=\"page_item page-item-2523\"><a href=\"https:\/\/corsi.unica.it\/scienzenaturali\/il-corso-di-laurea\/piano-di-studi\/\"  rel=\"\">Piano di studi<\/a><\/li>\n<li class=\"page_item page-item-2525\"><a href=\"https:\/\/corsi.unica.it\/scienzenaturali\/il-corso-di-laurea\/prova-finale\/\"  rel=\"\">Prova Finale<\/a><\/li>\n<li class=\"page_item page-item-2527\"><a href=\"https:\/\/corsi.unica.it\/scienzenaturali\/il-corso-di-laurea\/professione-del-naturalista-e-albi-professionali\/\"  rel=\"\">Professione del Naturalista e Albi professionali<\/a><\/li>\n<\/ul><\/div>\n","protected":false},"excerpt":{"rendered":"<p>Il corso di laurea in Scienze Naturali eroga una didattica formativa curando una solida preparazione nei diversi settori delle materie di base: Matematica, Chimica generale e inorganica e Chimica organica, Geografia e Cartografia; una preparazione scientifica sulla cultura sistematica dell&#8217;ambiente naturale e seminaturale che comprende Zoologia e Botanica sistematica, Mineralogia e Paleontologia; una preparazione avanzata della biosfera, dalla cellula biologica animale e vegetale, degli apparati anatomici comparati di vertebrati e invertebrati, i meccanismi biochimici che regolano le attivit\u00e0 metaboliche cellulari dei processi fisiologici; ai fondamenti della genetica e la fisiologia degli apparati e dei meccanismi funzionali (Botanica generale e Zoologia <a href='https:\/\/corsi.unica.it\/scienzenaturali\/il-corso-di-laurea\/finalita-e-contenuti\/' class='excerpt-more'>[&#8230;]<\/a><\/p>\n","protected":false},"author":145,"featured_media":0,"parent":2084,"menu_order":1,"comment_status":"closed","ping_status":"closed","template":"","meta":{"ngg_post_thumbnail":0,"footnotes":""},"class_list":["post-2514","page","type-page","status-publish","hentry","post-seq-1","post-parity-odd","meta-position-corners","fix"],"publishpress_future_action":{"enabled":false,"date":"2026-05-05 16:10:10","action":"change-status","newStatus":"draft","terms":[],"taxonomy":"","extraData":[]},"publishpress_future_workflow_manual_trigger":{"enabledWorkflows":[]},"_links":{"self":[{"href":"https:\/\/corsi.unica.it\/scienzenaturali\/wp-json\/wp\/v2\/pages\/2514","targetHints":{"allow":["GET"]}}],"collection":[{"href":"https:\/\/corsi.unica.it\/scienzenaturali\/wp-json\/wp\/v2\/pages"}],"about":[{"href":"https:\/\/corsi.unica.it\/scienzenaturali\/wp-json\/wp\/v2\/types\/page"}],"author":[{"embeddable":true,"href":"https:\/\/corsi.unica.it\/scienzenaturali\/wp-json\/wp\/v2\/users\/145"}],"replies":[{"embeddable":true,"href":"https:\/\/corsi.unica.it\/scienzenaturali\/wp-json\/wp\/v2\/comments?post=2514"}],"version-history":[{"count":5,"href":"https:\/\/corsi.unica.it\/scienzenaturali\/wp-json\/wp\/v2\/pages\/2514\/revisions"}],"predecessor-version":[{"id":2643,"href":"https:\/\/corsi.unica.it\/scienzenaturali\/wp-json\/wp\/v2\/pages\/2514\/revisions\/2643"}],"up":[{"embeddable":true,"href":"https:\/\/corsi.unica.it\/scienzenaturali\/wp-json\/wp\/v2\/pages\/2084"}],"wp:attachment":[{"href":"https:\/\/corsi.unica.it\/scienzenaturali\/wp-json\/wp\/v2\/media?parent=2514"}],"curies":[{"name":"wp","href":"https:\/\/api.w.org\/{rel}","templated":true}]}}