{"id":2701,"date":"2017-03-30T14:33:32","date_gmt":"2017-03-30T14:33:32","guid":{"rendered":"http:\/\/corsi.unica.it\/scienzenaturali\/?page_id=2701"},"modified":"2017-03-30T18:08:05","modified_gmt":"2017-03-30T18:08:05","slug":"supporto-alla-didattica","status":"publish","type":"page","link":"https:\/\/corsi.unica.it\/scienzenaturali\/supporto-alla-didattica\/","title":{"rendered":"Supporto alla didattica"},"content":{"rendered":"<p><strong>Orientamento in itinere<\/strong><\/p>\n<p>I docenti tutori affiancano e assistono lo studente durante il percorso formativo con informazioni in merito alla organizzazione della didattica e in generale alla carriera (ad esempio: struttura del Corsi di Laurea; regole per l&#8217;organizzazione delle attivit\u00e0 didattiche; abbreviazioni di corso; borse di studio; crediti a scelta; docenti; riconoscimento crediti; etc.).<br \/>\nProvvedono, inoltre, alla comunicazione di attivit\u00e0 integrative utili (ad esempio, le esercitazioni, le attivit\u00e0 attributive di crediti liberi, le iniziative extra curriculari di approfondimento).<\/p>\n<p>Docenti tutori per Scienze Naturali<\/p>\n<p>Prof.&nbsp; Sandro DeMuro<br \/>\nProf.&nbsp; Maria Laura Mercuri<br \/>\nProf. Susanna Salvadori<\/p>\n<p><strong>Tutor didattico per gli insegnamenti<\/strong><\/p>\n<p>Per gli insegnamenti che prevedono attivit\u00e0 di laboratorio e\/o di campagna \u00e8 prevista la presenza di un tutor didattico che svolge un&#8217;attivit\u00e0 di supporto alle attivit\u00e0 pratiche, coadiuvando il lavoro del docente.<\/p>","protected":false},"excerpt":{"rendered":"<p>Orientamento in itinere I docenti tutori affiancano e assistono lo studente durante il percorso formativo con informazioni in merito alla organizzazione della didattica e in generale alla carriera (ad esempio: struttura del Corsi di Laurea; regole per l&#8217;organizzazione delle attivit\u00e0 didattiche; abbreviazioni di corso; borse di studio; crediti a scelta; docenti; riconoscimento crediti; etc.). Provvedono, inoltre, alla comunicazione di attivit\u00e0 integrative utili (ad esempio, le esercitazioni, le attivit\u00e0 attributive di crediti liberi, le iniziative extra curriculari di approfondimento). Docenti tutori per Scienze Naturali Prof.&nbsp; Sandro DeMuro Prof.&nbsp; Maria Laura Mercuri Prof. Susanna Salvadori Tutor didattico per gli insegnamenti Per gli <a href='https:\/\/corsi.unica.it\/scienzenaturali\/supporto-alla-didattica\/' class='excerpt-more'>[&#8230;]<\/a><\/p>\n","protected":false},"author":2696,"featured_media":0,"parent":0,"menu_order":0,"comment_status":"closed","ping_status":"closed","template":"","meta":{"ngg_post_thumbnail":0,"footnotes":""},"class_list":["post-2701","page","type-page","status-publish","hentry","post-seq-1","post-parity-odd","meta-position-corners","fix"],"publishpress_future_action":{"enabled":false,"date":"2026-05-05 14:35:50","action":"change-status","newStatus":"draft","terms":[],"taxonomy":"","extraData":[]},"publishpress_future_workflow_manual_trigger":{"enabledWorkflows":[]},"_links":{"self":[{"href":"https:\/\/corsi.unica.it\/scienzenaturali\/wp-json\/wp\/v2\/pages\/2701","targetHints":{"allow":["GET"]}}],"collection":[{"href":"https:\/\/corsi.unica.it\/scienzenaturali\/wp-json\/wp\/v2\/pages"}],"about":[{"href":"https:\/\/corsi.unica.it\/scienzenaturali\/wp-json\/wp\/v2\/types\/page"}],"author":[{"embeddable":true,"href":"https:\/\/corsi.unica.it\/scienzenaturali\/wp-json\/wp\/v2\/users\/2696"}],"replies":[{"embeddable":true,"href":"https:\/\/corsi.unica.it\/scienzenaturali\/wp-json\/wp\/v2\/comments?post=2701"}],"version-history":[{"count":3,"href":"https:\/\/corsi.unica.it\/scienzenaturali\/wp-json\/wp\/v2\/pages\/2701\/revisions"}],"predecessor-version":[{"id":2706,"href":"https:\/\/corsi.unica.it\/scienzenaturali\/wp-json\/wp\/v2\/pages\/2701\/revisions\/2706"}],"wp:attachment":[{"href":"https:\/\/corsi.unica.it\/scienzenaturali\/wp-json\/wp\/v2\/media?parent=2701"}],"curies":[{"name":"wp","href":"https:\/\/api.w.org\/{rel}","templated":true}]}}