{"id":1467,"date":"2013-10-24T00:13:21","date_gmt":"2013-10-24T00:13:21","guid":{"rendered":"http:\/\/corsi.unica.it\/sidu\/?page_id=1467"},"modified":"2014-03-01T13:29:14","modified_gmt":"2014-03-01T13:29:14","slug":"comitato-scientifico","status":"publish","type":"page","link":"https:\/\/corsi.unica.it\/sidu\/comitato-scientifico\/","title":{"rendered":"Comitato Scientifico"},"content":{"rendered":"<p>Il Comitato scientifico \u00e8 composto da docenti universitari e da personalit\u00e0 di rilievo nazionale e internazionale che svolgono la loro attivit\u00e0 nell\u2019ambito della Sicurezza Internazionale e e della tutela dei Diritti Umani.<\/p>\n<p>I suoi principali compiti consistono nel definire le linee guida del Corso, individuare i relatori dei seminari e stabilire i criteri per la valutazione finale, stabilire iniziative di carattere scientifico e culturale attinenti alle tematiche relative al Corso.<\/p>\n<p>Il Comitato \u00a0garantisce la qualit\u00e0 scientifica e culturale del Corso, fornendo allo staff suggerimenti per il miglior svolgimento delle attivit\u00e0.<\/p>\n<p><span style=\"color: #8cc641\">_________________________________________________________________________________________________________________________________________________________________________<\/span><\/p>\n<p><span style=\"color: #0e76bc\"><strong style=\"font-size: x-small\"><span style=\"font-size: small\">Membri del Comitato Scientifico<\/span><\/strong><\/span><\/p>\n<p><strong>Luigi Bonanate<\/strong><br \/>\nUniversit\u00e0 di Torino<\/p>\n<p><strong>Gianfranco Bottazzi<\/strong><br \/>\nUniversit\u00e0 di Cagliari<\/p>\n<p><strong>Michele Manca di Nissa<\/strong><br \/>\nAlto Commissariato delle Nazioni Unite per i Rifugiati (UNHCR)<\/p>\n<p><strong>Massimiliano Molinas<\/strong><br \/>\nMarina Militare<\/p>\n<p><strong>Paola Piras<\/strong><br \/>\nUniversit\u00e0 di Cagliari<\/p>\n<p><strong>Giovanni Sistu<\/strong><br \/>\nUniversit\u00e0 di Cagliari<\/p>\n<p><strong>Annamaria Baldussi<\/strong><br \/>\nUniversit\u00e0 di Cagliari<br \/>\n<strong><span style=\"font-size: x-small\">Responsabile Scientifico del Corso<\/span><\/strong><\/p>","protected":false},"excerpt":{"rendered":"<p>Il Comitato scientifico \u00e8 composto da docenti universitari e da personalit\u00e0 di rilievo nazionale e internazionale che svolgono la loro attivit\u00e0 nell\u2019ambito della Sicurezza Internazionale e e della tutela dei Diritti Umani. I suoi principali compiti consistono nel definire le linee guida del Corso, individuare i relatori dei seminari e stabilire i criteri per la valutazione finale, stabilire iniziative di carattere scientifico e culturale attinenti alle tematiche relative al Corso. Il Comitato \u00a0garantisce la qualit\u00e0 scientifica e culturale del Corso, fornendo allo staff suggerimenti per il miglior svolgimento delle attivit\u00e0. _________________________________________________________________________________________________________________________________________________________________________ Membri del Comitato Scientifico Luigi Bonanate Universit\u00e0 di Torino <a href='https:\/\/corsi.unica.it\/sidu\/comitato-scientifico\/' class='excerpt-more'>[&#8230;]<\/a><\/p>\n","protected":false},"author":1953,"featured_media":0,"parent":0,"menu_order":0,"comment_status":"closed","ping_status":"closed","template":"","meta":{"footnotes":""},"class_list":["post-1467","page","type-page","status-publish","hentry","post-seq-1","post-parity-odd","meta-position-corners","fix"],"publishpress_future_action":{"enabled":false,"date":"2026-04-16 15:47:40","action":"change-status","newStatus":"draft","terms":[],"taxonomy":"","extraData":[]},"publishpress_future_workflow_manual_trigger":{"enabledWorkflows":[]},"_links":{"self":[{"href":"https:\/\/corsi.unica.it\/sidu\/wp-json\/wp\/v2\/pages\/1467","targetHints":{"allow":["GET"]}}],"collection":[{"href":"https:\/\/corsi.unica.it\/sidu\/wp-json\/wp\/v2\/pages"}],"about":[{"href":"https:\/\/corsi.unica.it\/sidu\/wp-json\/wp\/v2\/types\/page"}],"author":[{"embeddable":true,"href":"https:\/\/corsi.unica.it\/sidu\/wp-json\/wp\/v2\/users\/1953"}],"replies":[{"embeddable":true,"href":"https:\/\/corsi.unica.it\/sidu\/wp-json\/wp\/v2\/comments?post=1467"}],"version-history":[{"count":29,"href":"https:\/\/corsi.unica.it\/sidu\/wp-json\/wp\/v2\/pages\/1467\/revisions"}],"predecessor-version":[{"id":2120,"href":"https:\/\/corsi.unica.it\/sidu\/wp-json\/wp\/v2\/pages\/1467\/revisions\/2120"}],"wp:attachment":[{"href":"https:\/\/corsi.unica.it\/sidu\/wp-json\/wp\/v2\/media?parent=1467"}],"curies":[{"name":"wp","href":"https:\/\/api.w.org\/{rel}","templated":true}]}}