{"id":1471,"date":"2013-10-24T00:14:03","date_gmt":"2013-10-24T00:14:03","guid":{"rendered":"http:\/\/corsi.unica.it\/sidu\/?page_id=1471"},"modified":"2014-06-04T09:36:58","modified_gmt":"2014-06-04T09:36:58","slug":"coordinamento-didattico","status":"publish","type":"page","link":"https:\/\/corsi.unica.it\/sidu\/coordinamento-didattico\/","title":{"rendered":"Coordinamento Didattico"},"content":{"rendered":"<p><span style=\"color: #0e76bc\"><strong>Referente<\/strong><\/span><\/p>\n<p><strong>Andrea Marino<br \/>\n<\/strong>Dottore di Ricerca in Storia e Istituzioni dell&#8217;Asia e dell&#8217;Africa moderna e contemporanea (XV ciclo), gi\u00e0 Assegnista di Ricerca presso il Dipartimento Storico Politico Internazionale dell&#8217;Universit\u00e0 di Cagliari, collaboratore del Dipartimento di Scienze Sociali e delle Istituzioni dell&#8217;Universit\u00e0 degli Studi di Cagliari<br \/>\ninfo@corsosidu.org<\/p>\n<p><strong><span style=\"color: #0e76bc\">Staff<\/span><\/strong><\/p>\n<p><strong>Giulia Secci<br \/>\n<\/strong>Laureanda del Corso di Laurea Magistrale in\u00a0<i>Governance e Sistema\u00a0<\/i><em>Globale<\/em>\u00a0presso l\u2019Universit\u00e0 degli Studi di Cagliari, con indirizzo storico-politico internazionale, afro-asiatistico<br \/>\ninfo@corsosidu.org<\/p>\n<p>&nbsp;<\/p>","protected":false},"excerpt":{"rendered":"<p>Referente Andrea Marino Dottore di Ricerca in Storia e Istituzioni dell&#8217;Asia e dell&#8217;Africa moderna e contemporanea (XV ciclo), gi\u00e0 Assegnista di Ricerca presso il Dipartimento Storico Politico Internazionale dell&#8217;Universit\u00e0 di Cagliari, collaboratore del Dipartimento di Scienze Sociali e delle Istituzioni dell&#8217;Universit\u00e0 degli Studi di Cagliari info@corsosidu.org Staff Giulia Secci Laureanda del Corso di Laurea Magistrale in\u00a0Governance e Sistema\u00a0Globale\u00a0presso l\u2019Universit\u00e0 degli Studi di Cagliari, con indirizzo storico-politico internazionale, afro-asiatistico info@corsosidu.org &nbsp;<\/p>\n","protected":false},"author":1953,"featured_media":0,"parent":0,"menu_order":0,"comment_status":"closed","ping_status":"closed","template":"","meta":{"footnotes":""},"class_list":["post-1471","page","type-page","status-publish","hentry","post-seq-1","post-parity-odd","meta-position-corners","fix"],"publishpress_future_action":{"enabled":false,"date":"2026-04-16 15:47:43","action":"change-status","newStatus":"draft","terms":[],"taxonomy":"","extraData":[]},"publishpress_future_workflow_manual_trigger":{"enabledWorkflows":[]},"_links":{"self":[{"href":"https:\/\/corsi.unica.it\/sidu\/wp-json\/wp\/v2\/pages\/1471","targetHints":{"allow":["GET"]}}],"collection":[{"href":"https:\/\/corsi.unica.it\/sidu\/wp-json\/wp\/v2\/pages"}],"about":[{"href":"https:\/\/corsi.unica.it\/sidu\/wp-json\/wp\/v2\/types\/page"}],"author":[{"embeddable":true,"href":"https:\/\/corsi.unica.it\/sidu\/wp-json\/wp\/v2\/users\/1953"}],"replies":[{"embeddable":true,"href":"https:\/\/corsi.unica.it\/sidu\/wp-json\/wp\/v2\/comments?post=1471"}],"version-history":[{"count":10,"href":"https:\/\/corsi.unica.it\/sidu\/wp-json\/wp\/v2\/pages\/1471\/revisions"}],"predecessor-version":[{"id":2221,"href":"https:\/\/corsi.unica.it\/sidu\/wp-json\/wp\/v2\/pages\/1471\/revisions\/2221"}],"wp:attachment":[{"href":"https:\/\/corsi.unica.it\/sidu\/wp-json\/wp\/v2\/media?parent=1471"}],"curies":[{"name":"wp","href":"https:\/\/api.w.org\/{rel}","templated":true}]}}