{"id":155,"date":"2012-06-26T17:40:36","date_gmt":"2012-06-26T17:40:36","guid":{"rendered":"http:\/\/people.unica.it\/meccanica\/?page_id=155"},"modified":"2014-06-04T10:01:31","modified_gmt":"2014-06-04T10:01:31","slug":"partnership","status":"publish","type":"page","link":"https:\/\/corsi.unica.it\/sidu\/partnership\/","title":{"rendered":"Partnership"},"content":{"rendered":"<p style=\"text-align: left\"><span style=\"color: #8cc641\"><span style=\"font-size: small\"><strong><span style=\"color: #0e76bc\">Con il patrocinio di:<\/span><\/strong><\/span><\/span><\/p>\n<p style=\"text-align: center\"><a href=\"http:\/\/corsi.unica.it\/sidu\/files\/2012\/06\/logo_rettore.jpg\"><img decoding=\"async\" class=\"wp-image-1892 aligncenter\" src=\"http:\/\/corsi.unica.it\/sidu\/files\/2012\/06\/logo_rettore-300x300.jpg\" alt=\"logo_rettore\" width=\"86\" height=\"86\" srcset=\"https:\/\/corsi.unica.it\/sidu\/files\/2012\/06\/logo_rettore-300x300.jpg 300w, https:\/\/corsi.unica.it\/sidu\/files\/2012\/06\/logo_rettore-150x150.jpg 150w, https:\/\/corsi.unica.it\/sidu\/files\/2012\/06\/logo_rettore-2x2.jpg 2w, https:\/\/corsi.unica.it\/sidu\/files\/2012\/06\/logo_rettore-96x96.jpg 96w, https:\/\/corsi.unica.it\/sidu\/files\/2012\/06\/logo_rettore-24x24.jpg 24w, https:\/\/corsi.unica.it\/sidu\/files\/2012\/06\/logo_rettore-36x36.jpg 36w, https:\/\/corsi.unica.it\/sidu\/files\/2012\/06\/logo_rettore-48x48.jpg 48w, https:\/\/corsi.unica.it\/sidu\/files\/2012\/06\/logo_rettore-64x64.jpg 64w, https:\/\/corsi.unica.it\/sidu\/files\/2012\/06\/logo_rettore.jpg 624w\" sizes=\"(max-width: 86px) 100vw, 86px\" \/><\/a><span style=\"color: #888888\"><strong><span style=\"font-size: x-small\"><span style=\"line-height: 1.5em\">Magnifico Rettore<br \/>\n<\/span>Universit\u00e0 degli Studi di Cagliari<br \/>\n<span style=\"color: #ffffff\">__________________________________<\/span><\/span><\/strong><\/span><\/p>\n<p style=\"text-align: center\"><img decoding=\"async\" class=\"wp-image-1679 aligncenter\" src=\"http:\/\/corsi.unica.it\/sidu\/files\/2012\/06\/logo_unica_rossblu.jpg\" alt=\"Universit\u00e0 degli Studi di Cagliari\" width=\"88\" height=\"86\" srcset=\"https:\/\/corsi.unica.it\/sidu\/files\/2012\/06\/logo_unica_rossblu.jpg 167w, https:\/\/corsi.unica.it\/sidu\/files\/2012\/06\/logo_unica_rossblu-2x2.jpg 2w, https:\/\/corsi.unica.it\/sidu\/files\/2012\/06\/logo_unica_rossblu-24x24.jpg 24w, https:\/\/corsi.unica.it\/sidu\/files\/2012\/06\/logo_unica_rossblu-36x36.jpg 36w, https:\/\/corsi.unica.it\/sidu\/files\/2012\/06\/logo_unica_rossblu-48x48.jpg 48w, https:\/\/corsi.unica.it\/sidu\/files\/2012\/06\/logo_unica_rossblu-64x64.jpg 64w\" sizes=\"(max-width: 88px) 100vw, 88px\" \/><strong style=\"font-size: x-small;line-height: 1.5em\"><span style=\"color: #808080\">Universit\u00e0 degli Studi di Cagliari<br \/>\n<\/span><\/strong><span style=\"font-size: x-small\"><strong><span style=\"color: #808080\">Direzione Attivit\u00e0 e Relazioni Internazionali<br \/>\n<span style=\"color: #ffffff\">___________________________________________<\/span><\/span><\/strong><\/span><\/p>\n<p style=\"text-align: center\"><a href=\"http:\/\/corsi.unica.it\/sidu\/files\/2012\/06\/cagliari.jpg\"><img decoding=\"async\" class=\"wp-image-2092 aligncenter\" src=\"http:\/\/corsi.unica.it\/sidu\/files\/2012\/06\/cagliari-300x252.jpg\" alt=\"cagliari\" width=\"111\" height=\"94\" srcset=\"https:\/\/corsi.unica.it\/sidu\/files\/2012\/06\/cagliari-300x252.jpg 300w, https:\/\/corsi.unica.it\/sidu\/files\/2012\/06\/cagliari-2x2.jpg 2w, https:\/\/corsi.unica.it\/sidu\/files\/2012\/06\/cagliari.jpg 938w\" sizes=\"(max-width: 111px) 100vw, 111px\" \/><\/a><a href=\"http:\/\/corsi.unica.it\/sidu\/files\/2012\/06\/cagliari_cultura.jpg\"><img decoding=\"async\" class=\"wp-image-2093 aligncenter\" src=\"http:\/\/corsi.unica.it\/sidu\/files\/2012\/06\/cagliari_cultura-300x118.jpg\" alt=\"cagliari_cultura\" width=\"144\" height=\"57\" srcset=\"https:\/\/corsi.unica.it\/sidu\/files\/2012\/06\/cagliari_cultura-300x118.jpg 300w, https:\/\/corsi.unica.it\/sidu\/files\/2012\/06\/cagliari_cultura-1024x405.jpg 1024w, https:\/\/corsi.unica.it\/sidu\/files\/2012\/06\/cagliari_cultura-2x2.jpg 2w\" sizes=\"(max-width: 144px) 100vw, 144px\" \/><\/a><\/p>\n<p style=\"text-align: center\"><span style=\"color: #ffffff\"><strong style=\"line-height: 1.5em\">_________________<\/strong><\/span><\/p>\n<p style=\"text-align: center\"><a style=\"font-size: 14px;line-height: 1.5em\" href=\"http:\/\/corsi.unica.it\/sidu\/files\/2012\/06\/vertical_color_positive_1.jpg\"><img decoding=\"async\" class=\"wp-image-1937 aligncenter\" src=\"http:\/\/corsi.unica.it\/sidu\/files\/2012\/06\/vertical_color_positive_1-241x300.jpg\" alt=\"vertical_color_positive_1\" width=\"108\" height=\"134\" srcset=\"https:\/\/corsi.unica.it\/sidu\/files\/2012\/06\/vertical_color_positive_1-241x300.jpg 241w, https:\/\/corsi.unica.it\/sidu\/files\/2012\/06\/vertical_color_positive_1-823x1024.jpg 823w, https:\/\/corsi.unica.it\/sidu\/files\/2012\/06\/vertical_color_positive_1-2x2.jpg 2w, https:\/\/corsi.unica.it\/sidu\/files\/2012\/06\/vertical_color_positive_1.jpg 1042w\" sizes=\"(max-width: 108px) 100vw, 108px\" \/><\/a><span style=\"color: #ffffff\">__________________<\/span><\/p>\n<p style=\"text-align: center\"><a href=\"http:\/\/corsi.unica.it\/sidu\/files\/2012\/06\/Budapest-Centre-logo-big-.jpg\"><img decoding=\"async\" class=\"wp-image-2094 aligncenter\" src=\"http:\/\/corsi.unica.it\/sidu\/files\/2012\/06\/Budapest-Centre-logo-big--300x82.jpg\" alt=\"Budapest Centre logo big\" width=\"231\" height=\"63\" srcset=\"https:\/\/corsi.unica.it\/sidu\/files\/2012\/06\/Budapest-Centre-logo-big--300x82.jpg 300w, https:\/\/corsi.unica.it\/sidu\/files\/2012\/06\/Budapest-Centre-logo-big--2x2.jpg 2w, https:\/\/corsi.unica.it\/sidu\/files\/2012\/06\/Budapest-Centre-logo-big-.jpg 1018w\" sizes=\"(max-width: 231px) 100vw, 231px\" \/><\/a><\/p>\n<p style=\"text-align: center\"><span style=\"color: #ffffff\">___________________<\/span><\/p>\n<p style=\"text-align: center\"><img decoding=\"async\" class=\"size-full wp-image-1877 aligncenter\" style=\"line-height: 1.5em\" src=\"http:\/\/corsi.unica.it\/sidu\/files\/2012\/06\/idos.png\" alt=\"idos\" width=\"119\" height=\"98\" srcset=\"https:\/\/corsi.unica.it\/sidu\/files\/2012\/06\/idos.png 119w, https:\/\/corsi.unica.it\/sidu\/files\/2012\/06\/idos-2x2.png 2w\" sizes=\"(max-width: 119px) 100vw, 119px\" \/><span style=\"color: #ffffff\">______________________<\/span><\/p>\n<p style=\"text-align: center\"><a href=\"http:\/\/corsi.unica.it\/sidu\/files\/2012\/06\/logo_lidu.jpg\"><img decoding=\"async\" class=\"wp-image-2050 aligncenter\" src=\"http:\/\/corsi.unica.it\/sidu\/files\/2012\/06\/logo_lidu-300x115.jpg\" alt=\"logo_lidu\" width=\"153\" height=\"58\" srcset=\"https:\/\/corsi.unica.it\/sidu\/files\/2012\/06\/logo_lidu-300x115.jpg 300w, https:\/\/corsi.unica.it\/sidu\/files\/2012\/06\/logo_lidu-2x2.jpg 2w, https:\/\/corsi.unica.it\/sidu\/files\/2012\/06\/logo_lidu.jpg 414w\" sizes=\"(max-width: 153px) 100vw, 153px\" \/><\/a><span style=\"font-size: xx-small\">Sezione Territoriale della Sardegna<\/span><br \/>\n<span style=\"color: #ffffff\">______________________<\/span><\/p>\n<p style=\"text-align: left\"><span style=\"color: #8cc641\"><br \/>\n<\/span><span style=\"font-size: small\"><strong><span style=\"color: #0e76bc\">Con il sostegno di:<\/span><\/strong><\/span><\/p>\n<p><a href=\"http:\/\/corsi.unica.it\/sidu\/files\/2012\/06\/Senzanome_2.jpg\"><img decoding=\"async\" class=\"aligncenter wp-image-2230 size-full\" src=\"http:\/\/corsi.unica.it\/sidu\/files\/2012\/06\/Senzanome_2.jpg\" alt=\"\" width=\"269\" height=\"184\" srcset=\"https:\/\/corsi.unica.it\/sidu\/files\/2012\/06\/Senzanome_2.jpg 269w, https:\/\/corsi.unica.it\/sidu\/files\/2012\/06\/Senzanome_2-2x2.jpg 2w\" sizes=\"(max-width: 269px) 100vw, 269px\" \/><\/a><\/p>\n<p style=\"text-align: center\"><span style=\"color: #8cc641\">\u00a0<\/span><\/p>\n<p style=\"text-align: left\"><span style=\"color: #0e76bc;font-size: small\"><strong>Con il contributo di:<\/strong><\/span><\/p>\n<p style=\"text-align: center\"><a href=\"http:\/\/corsi.unica.it\/sidu\/files\/2012\/06\/logo_raggio.jpg\"><img decoding=\"async\" class=\"wp-image-1695 aligncenter\" src=\"http:\/\/corsi.unica.it\/sidu\/files\/2012\/06\/logo_raggio-300x135.jpg\" alt=\"logo_raggio\" width=\"192\" height=\"86\" srcset=\"https:\/\/corsi.unica.it\/sidu\/files\/2012\/06\/logo_raggio-300x135.jpg 300w, https:\/\/corsi.unica.it\/sidu\/files\/2012\/06\/logo_raggio-2x2.jpg 2w, https:\/\/corsi.unica.it\/sidu\/files\/2012\/06\/logo_raggio.jpg 302w\" sizes=\"(max-width: 192px) 100vw, 192px\" \/><\/a><span style=\"color: #ffffff\">______________________<\/span><\/p>\n<p style=\"text-align: center\"><a href=\"http:\/\/corsi.unica.it\/sidu\/files\/2012\/06\/coopi_mod.jpg\"><img decoding=\"async\" class=\"wp-image-1960 aligncenter\" src=\"http:\/\/corsi.unica.it\/sidu\/files\/2012\/06\/coopi_mod.jpg\" alt=\"coopi_mod\" width=\"148\" height=\"80\" srcset=\"https:\/\/corsi.unica.it\/sidu\/files\/2012\/06\/coopi_mod.jpg 182w, https:\/\/corsi.unica.it\/sidu\/files\/2012\/06\/coopi_mod-2x2.jpg 2w\" sizes=\"(max-width: 148px) 100vw, 148px\" \/><\/a><span style=\"font-size: xx-small\">Referente Tiziana Mori<br \/>\n<span style=\"color: #ffffff\">__________________________________<\/span><\/span><span style=\"line-height: 1.5em;color: #ffffff\">\u00a0<\/span><\/p>\n<p style=\"text-align: center\"><a href=\"http:\/\/corsi.unica.it\/sidu\/files\/2012\/06\/LimenBlueOTT.jpg\"><img decoding=\"async\" class=\"wp-image-1751 aligncenter\" src=\"http:\/\/corsi.unica.it\/sidu\/files\/2012\/06\/LimenBlueOTT.jpg\" alt=\"LimenBlueOTT\" width=\"160\" height=\"35\" srcset=\"https:\/\/corsi.unica.it\/sidu\/files\/2012\/06\/LimenBlueOTT.jpg 250w, https:\/\/corsi.unica.it\/sidu\/files\/2012\/06\/LimenBlueOTT-2x2.jpg 2w\" sizes=\"(max-width: 160px) 100vw, 160px\" \/><\/a><span style=\"color: #ffffff\">______________________<\/span><\/p>\n<p style=\"text-align: center\"><span style=\"color: #8cc641\"><a href=\"http:\/\/corsi.unica.it\/sidu\/files\/2012\/06\/logo-gilga-3.png\"><br \/>\n<\/a><a href=\"http:\/\/corsi.unica.it\/sidu\/files\/2012\/06\/gilgablu.png\"><img decoding=\"async\" class=\"aligncenter wp-image-2232\" src=\"http:\/\/corsi.unica.it\/sidu\/files\/2012\/06\/gilgablu-300x155.png\" alt=\"gilgablu\" width=\"190\" height=\"98\" srcset=\"https:\/\/corsi.unica.it\/sidu\/files\/2012\/06\/gilgablu-300x155.png 300w, https:\/\/corsi.unica.it\/sidu\/files\/2012\/06\/gilgablu-1024x530.png 1024w, https:\/\/corsi.unica.it\/sidu\/files\/2012\/06\/gilgablu-2x2.png 2w, https:\/\/corsi.unica.it\/sidu\/files\/2012\/06\/gilgablu.png 1380w\" sizes=\"(max-width: 190px) 100vw, 190px\" \/><\/a><\/span><\/p>\n<p style=\"text-align: center\"><span style=\"color: #8cc641\">\u00a0<\/span><\/p>\n","protected":false},"excerpt":{"rendered":"<p>Con il patrocinio di: Magnifico Rettore Universit\u00e0 degli Studi di Cagliari __________________________________ Universit\u00e0 degli Studi di Cagliari Direzione Attivit\u00e0 e Relazioni Internazionali ___________________________________________ _________________ __________________ ___________________ ______________________ Sezione Territoriale della Sardegna ______________________ Con il sostegno di: \u00a0 Con il contributo di: ______________________ Referente Tiziana Mori __________________________________\u00a0 ______________________ \u00a0<\/p>\n","protected":false},"author":1,"featured_media":0,"parent":0,"menu_order":0,"comment_status":"closed","ping_status":"closed","template":"","meta":{"footnotes":""},"class_list":["post-155","page","type-page","status-publish","hentry","post-seq-1","post-parity-odd","meta-position-corners","fix"],"publishpress_future_action":{"enabled":false,"date":"2026-04-16 15:47:44","action":"change-status","newStatus":"draft","terms":[],"taxonomy":"","extraData":[]},"publishpress_future_workflow_manual_trigger":{"enabledWorkflows":[]},"_links":{"self":[{"href":"https:\/\/corsi.unica.it\/sidu\/wp-json\/wp\/v2\/pages\/155","targetHints":{"allow":["GET"]}}],"collection":[{"href":"https:\/\/corsi.unica.it\/sidu\/wp-json\/wp\/v2\/pages"}],"about":[{"href":"https:\/\/corsi.unica.it\/sidu\/wp-json\/wp\/v2\/types\/page"}],"author":[{"embeddable":true,"href":"https:\/\/corsi.unica.it\/sidu\/wp-json\/wp\/v2\/users\/1"}],"replies":[{"embeddable":true,"href":"https:\/\/corsi.unica.it\/sidu\/wp-json\/wp\/v2\/comments?post=155"}],"version-history":[{"count":90,"href":"https:\/\/corsi.unica.it\/sidu\/wp-json\/wp\/v2\/pages\/155\/revisions"}],"predecessor-version":[{"id":2233,"href":"https:\/\/corsi.unica.it\/sidu\/wp-json\/wp\/v2\/pages\/155\/revisions\/2233"}],"wp:attachment":[{"href":"https:\/\/corsi.unica.it\/sidu\/wp-json\/wp\/v2\/media?parent=155"}],"curies":[{"name":"wp","href":"https:\/\/api.w.org\/{rel}","templated":true}]}}