{"id":1783,"date":"2013-12-19T12:37:53","date_gmt":"2013-12-19T12:37:53","guid":{"rendered":"http:\/\/corsi.unica.it\/sidu\/?page_id=1783"},"modified":"2013-12-20T18:03:44","modified_gmt":"2013-12-20T18:03:44","slug":"edizione-2010","status":"publish","type":"page","link":"https:\/\/corsi.unica.it\/sidu\/il-corso\/edizione-2010\/","title":{"rendered":"Edizione 2010"},"content":{"rendered":"<p><b><i>Guerre e conflitti<br \/>\n___________________________________________________________<\/i><\/b><\/p>\n<p>8 ottobre 2010 &#8211; <b><i>Guerre e conflitti. Lo scenario internazionale<br \/>\n<\/i><\/b>Umberto GORI (Centro Un. Studi Strategici e Internazionali- Firenze)<br \/>\nCoordinatore: Gianluca BORZONI (Universit\u00e0 di Cagliari)<br \/>\n___________________________________________________________________<\/p>\n<p>15 ottobre 2010 &#8211; <b><i>Conflitti politici e Guerre economiche<br \/>\n<\/i><\/b>Luigi BONANATE (Universit\u00e0 di Torino)<br \/>\nCoordinatore: Gianfranco BOTTAZZI (Universit\u00e0 di Cagliari)<br \/>\n___________________________________________________________________<\/p>\n<p>22 ottobre 2010 &#8211; <b><i>L\u2019uso della forza e le organizzazioni internazionali<br \/>\n<\/i><\/b>Marco PEDRAZZI (Universit\u00e0 di Milano)<br \/>\nGiulio BARTOLINI (Universit\u00e0 Roma 3)<br \/>\nCoordinatore: prof. Paola PIRODDI (Universit\u00e0 di Cagliari)<br \/>\n___________________________________________________________________<\/p>\n<p>29 ottobre 2010 &#8211; <b><i>Il diritto umanitario e le missioni di pace<br \/>\n<\/i><\/b>Marco MAYER (Pianificazione Operazioni di Pace \u2013 Universit\u00e0 di Firenze)<br \/>\nClaudio CONFESSORE (Marina Militare)<br \/>\nCoordinatore: prof. Francesca IPPOLITO (Universit\u00e0 di Cagliari)<br \/>\n___________________________________________________________________<\/p>\n<p>12 novembre 2010 &#8211; <b><i>Diritti umani, diritto bellico, giustizia penale internazionale<br \/>\n<\/i><\/b>Fausto POCAR (Universit\u00e0 di Milano)<br \/>\nGiorgio BLAIS (Istituto Internazionale Diritto Umanitario)<br \/>\nCoordinatori: Paola PIRAS (Preside Facolt\u00e0 di Scienze Politiche) e Antonello ARRU (Presidente Fondazione Banco di Sardegna)<br \/>\n___________________________________________________________________<\/p>\n<p>19 novembre 2010 &#8211; <b><i>Gli aiuti umanitari e le ONG durante il ciclo del conflitto<br \/>\n<\/i><\/b>Giovanni SISTU (Universit\u00e0 di Cagliari)<br \/>\nSimona TORRETTA (Ministero degli Affari Esteri &#8211; Cooperazione Internazionale)<br \/>\nCoordinatore: Francesco SEATZU (Universit\u00e0 di Cagliari)<br \/>\n___________________________________________________________________<\/p>\n<p>26 novembre 2010- <b><i>Le Emergenze Umananitarie in Zona di Guerra<\/i><\/b> &#8211; Seminario Speciale<br \/>\nMassimiliano MOLINAS (Marina Militare)<br \/>\nAndrea CADELANO (Cooperazione Italiana)<br \/>\nTiziana MORI (Coopi &#8211; Cooperazione Internazionale Ong)<br \/>\nCoordinatore: Annamaria BALDUSSI (Universit\u00e0 di Cagliari)<br \/>\n___________________________________________________________________<\/p>\n<p>10 dicembre 2010 &#8211; <b><i>I conflitti e l\u2019informazione<br \/>\n<\/i><\/b>Mimmo CANDITO (La Stampa)<br \/>\nCoordinatore prof. Giacomo BIAGIONI (Universit\u00e0 di Cagliari)<br \/>\n___________________________________________________________________<\/p>\n<p>17 dicembre 2010 &#8211;\u00a0<b><i>International J&amp;O \u2013 Giornata delle carriere internazionali<br \/>\n<\/i><\/b><\/p>\n<p><b><i><\/i><\/b>Mattina &#8211; <b><i>Guerre e Conflitti &#8211; Un\u2019analisi multidisciplinare<br \/>\n<\/i><\/b>Lamberto ZANNIER (ONU)<br \/>\nEttore SEQUI (MAE &#8211; UE)<br \/>\nAndrea ANGELI (ONU)<br \/>\nCoordinatore: Annamaria BALDUSSI (Universit\u00e0 di Cagliari)<br \/>\n___________________________________________________________________<\/p>\n<p>Sera &#8211; <b><i>Iniziativa dedicata alle carriere internazionali<\/i><\/b><\/p>\n<p><b><i>Percorsi:<br \/>\n<\/i><\/b>Ettore SEQUI (MAE &#8211; UE)<br \/>\nAnna Maria ALOI (Direzione attivit\u00e0 e relazioni internazionali dell\u2019Universit\u00e0 di Cagliari)<br \/>\nMarinella LODDO (ICE)<br \/>\nDaniela CARBONI (Amnesty International)<\/p>\n<p><b><i>Opportunit\u00e0:<br \/>\n<\/i><\/b>Stefania ARU e Annamaria D\u2019ANGELO (Open Med)<br \/>\nGianluca SCROCCU (Solidariet\u00e0 E Diritti, Fondazione Luca Raggio)<br \/>\nAndrea PIRAS (Save the Children)<br \/>\nClaudia MILANI e Paola CUCCUREDDU (Amnesty International -Cagliari)<br \/>\nTiziana MORI (COOPI)<br \/>\nMarco PISCHEDDA (AEGEE)<br \/>\nRoberta FENU (ELSA)<br \/>\nMichele DEMONTIS e Luisa ZEDDA (TDM2000)<\/p>\n<p><b><i>Testimonianze:<br \/>\n<\/i><\/b>Mario BOI, Enrico LOBINA, Simona MOCCI, Federica LOI, Cristina PINNA, Ivana FLORIS<\/p>","protected":false},"excerpt":{"rendered":"<p>Guerre e conflitti ___________________________________________________________ 8 ottobre 2010 &#8211; Guerre e conflitti. Lo scenario internazionale Umberto GORI (Centro Un. Studi Strategici e Internazionali- Firenze) Coordinatore: Gianluca BORZONI (Universit\u00e0 di Cagliari) ___________________________________________________________________ 15 ottobre 2010 &#8211; Conflitti politici e Guerre economiche Luigi BONANATE (Universit\u00e0 di Torino) Coordinatore: Gianfranco BOTTAZZI (Universit\u00e0 di Cagliari) ___________________________________________________________________ 22 ottobre 2010 &#8211; L\u2019uso della forza e le organizzazioni internazionali Marco PEDRAZZI (Universit\u00e0 di Milano) Giulio BARTOLINI (Universit\u00e0 Roma 3) Coordinatore: prof. Paola PIRODDI (Universit\u00e0 di Cagliari) ___________________________________________________________________ 29 ottobre 2010 &#8211; Il diritto umanitario e le missioni di pace Marco MAYER (Pianificazione Operazioni di Pace \u2013 Universit\u00e0 <a href='https:\/\/corsi.unica.it\/sidu\/il-corso\/edizione-2010\/' class='excerpt-more'>[&#8230;]<\/a><\/p>\n","protected":false},"author":1953,"featured_media":0,"parent":1236,"menu_order":0,"comment_status":"closed","ping_status":"closed","template":"","meta":{"footnotes":""},"class_list":["post-1783","page","type-page","status-publish","hentry","post-seq-1","post-parity-odd","meta-position-corners","fix"],"publishpress_future_action":{"enabled":false,"date":"2026-04-16 14:14:35","action":"change-status","newStatus":"draft","terms":[],"taxonomy":"","extraData":[]},"publishpress_future_workflow_manual_trigger":{"enabledWorkflows":[]},"_links":{"self":[{"href":"https:\/\/corsi.unica.it\/sidu\/wp-json\/wp\/v2\/pages\/1783","targetHints":{"allow":["GET"]}}],"collection":[{"href":"https:\/\/corsi.unica.it\/sidu\/wp-json\/wp\/v2\/pages"}],"about":[{"href":"https:\/\/corsi.unica.it\/sidu\/wp-json\/wp\/v2\/types\/page"}],"author":[{"embeddable":true,"href":"https:\/\/corsi.unica.it\/sidu\/wp-json\/wp\/v2\/users\/1953"}],"replies":[{"embeddable":true,"href":"https:\/\/corsi.unica.it\/sidu\/wp-json\/wp\/v2\/comments?post=1783"}],"version-history":[{"count":3,"href":"https:\/\/corsi.unica.it\/sidu\/wp-json\/wp\/v2\/pages\/1783\/revisions"}],"predecessor-version":[{"id":1804,"href":"https:\/\/corsi.unica.it\/sidu\/wp-json\/wp\/v2\/pages\/1783\/revisions\/1804"}],"up":[{"embeddable":true,"href":"https:\/\/corsi.unica.it\/sidu\/wp-json\/wp\/v2\/pages\/1236"}],"wp:attachment":[{"href":"https:\/\/corsi.unica.it\/sidu\/wp-json\/wp\/v2\/media?parent=1783"}],"curies":[{"name":"wp","href":"https:\/\/api.w.org\/{rel}","templated":true}]}}