{"id":190,"date":"2012-06-27T10:07:47","date_gmt":"2012-06-27T10:07:47","guid":{"rendered":"http:\/\/people.unica.it\/meccanica\/?page_id=190"},"modified":"2014-06-04T09:44:03","modified_gmt":"2014-06-04T09:44:03","slug":"iscrizioni","status":"publish","type":"page","link":"https:\/\/corsi.unica.it\/sidu\/iscrizioni\/","title":{"rendered":"Iscrizioni"},"content":{"rendered":"<p>\u00c8 prevista una tassa di iscrizione pari a: \u20ac 50,00 per gli studenti e i Dottorandi dell\u2019Universit\u00e0 di Cagliari regolarmente iscritti; \u20ac 70,00 per gli studenti e i Dottorandi di altre Universit\u00e0, per i disoccupati e gli inoccupati; \u20ac 150,00 per tutti gli altri partecipanti che non rientrino nelle categorie precedenti.<\/p>\n<p>La preiscrizione al Corso si potr\u00e0 effettuare\u00a0attraverso l\u2019apposito modulo on-line che rester\u00e0 a disposizione fino all&#8217;esaurimento dei posti disponibili.\u00a0A partire dal 7 gennaio 2014 verranno comunicate agli aventi diritto le modalit\u00e0 con cui effettuare il pagamento della tassa di iscrizione al fine di formalizzare l\u2019iscrizione al Corso.<\/p>\n<p>Tenendo conto del fatto che il numero di posti a disposizione \u00e8 stato fissato a 310. Saranno riservati agli studenti e ai Dottorandi dell\u2019Universit\u00e0 di Cagliari regolarmente iscritti 150 posti; agli studenti e ai Dottorandi di altre Universit\u00e0 e ai disoccupati e inoccupati 80 posti; per tutti gli altri che non rientrano nelle precedenti categorie saranno disponibili 80 posti.<\/p>\n<p>A partire dal 7 gennaio si proceder\u00e0 alla verifica del numero di domande pervenute per ogni singola categoria, dopodich\u00e9 verranno comunicate direttamente agli interessati le modalit\u00e0 per formalizzare l\u2019iscrizione entro l&#8217;inizio del Corso.<\/p>\n<p>Far\u00e0 fede la data di presentazione della domanda per ogni singola categoria.<\/p>\n<p><span style=\"color: #8cc641\">____________________________________________________________________________________________________________________________________<\/span><\/p>\n<p><span style=\"color: #0e76bc\"><strong>Modulo on-line per la preiscrizione al Corso<\/strong><\/span><\/p>\n<p>Disattivato<\/p>\n<p><span style=\"color: #8cc641\">____________________________________________________________________________________________________________________________________<\/span><\/p>\n<p><strong><span style=\"color: #0e76bc\">Contatti<\/span><br \/>\n<\/strong>info@corsosidu.org<\/p>","protected":false},"excerpt":{"rendered":"<p>\u00c8 prevista una tassa di iscrizione pari a: \u20ac 50,00 per gli studenti e i Dottorandi dell\u2019Universit\u00e0 di Cagliari regolarmente iscritti; \u20ac 70,00 per gli studenti e i Dottorandi di altre Universit\u00e0, per i disoccupati e gli inoccupati; \u20ac 150,00 per tutti gli altri partecipanti che non rientrino nelle categorie precedenti. La preiscrizione al Corso si potr\u00e0 effettuare\u00a0attraverso l\u2019apposito modulo on-line che rester\u00e0 a disposizione fino all&#8217;esaurimento dei posti disponibili.\u00a0A partire dal 7 gennaio 2014 verranno comunicate agli aventi diritto le modalit\u00e0 con cui effettuare il pagamento della tassa di iscrizione al fine di formalizzare l\u2019iscrizione al Corso. Tenendo conto <a href='https:\/\/corsi.unica.it\/sidu\/iscrizioni\/' class='excerpt-more'>[&#8230;]<\/a><\/p>\n","protected":false},"author":1,"featured_media":0,"parent":0,"menu_order":0,"comment_status":"closed","ping_status":"closed","template":"","meta":{"footnotes":""},"class_list":["post-190","page","type-page","status-publish","hentry","post-seq-1","post-parity-odd","meta-position-corners","fix"],"publishpress_future_action":{"enabled":false,"date":"2026-04-16 15:47:43","action":"change-status","newStatus":"draft","terms":[],"taxonomy":"","extraData":[]},"publishpress_future_workflow_manual_trigger":{"enabledWorkflows":[]},"_links":{"self":[{"href":"https:\/\/corsi.unica.it\/sidu\/wp-json\/wp\/v2\/pages\/190","targetHints":{"allow":["GET"]}}],"collection":[{"href":"https:\/\/corsi.unica.it\/sidu\/wp-json\/wp\/v2\/pages"}],"about":[{"href":"https:\/\/corsi.unica.it\/sidu\/wp-json\/wp\/v2\/types\/page"}],"author":[{"embeddable":true,"href":"https:\/\/corsi.unica.it\/sidu\/wp-json\/wp\/v2\/users\/1"}],"replies":[{"embeddable":true,"href":"https:\/\/corsi.unica.it\/sidu\/wp-json\/wp\/v2\/comments?post=190"}],"version-history":[{"count":23,"href":"https:\/\/corsi.unica.it\/sidu\/wp-json\/wp\/v2\/pages\/190\/revisions"}],"predecessor-version":[{"id":2226,"href":"https:\/\/corsi.unica.it\/sidu\/wp-json\/wp\/v2\/pages\/190\/revisions\/2226"}],"wp:attachment":[{"href":"https:\/\/corsi.unica.it\/sidu\/wp-json\/wp\/v2\/media?parent=190"}],"curies":[{"name":"wp","href":"https:\/\/api.w.org\/{rel}","templated":true}]}}